{"id":9185,"date":"2024-09-04T15:47:04","date_gmt":"2024-09-04T15:47:04","guid":{"rendered":"https:\/\/www.ahearn.com\/?page_id=9185"},"modified":"2024-09-04T15:48:53","modified_gmt":"2024-09-04T15:48:53","slug":"accessible-customer-service-plan","status":"publish","type":"page","link":"https:\/\/www.ahearn.com\/fr\/accessible-customer-service-plan\/","title":{"rendered":"Accessible Customer Service Plan"},"content":{"rendered":"<div id=\"fws_69e90d1ca2006\"  data-column-margin=\"default\" data-midnight=\"dark\"  class=\"wpb_row vc_row-fluid vc_row standard_section\"  style=\"padding-top: 0px; padding-bottom: 0px; \"><div class=\"row-bg-wrap\" data-bg-animation=\"none\" data-bg-overlay=\"false\"><div class=\"inner-wrap\"><div class=\"row-bg\"  style=\"\"><\/div><\/div><div class=\"row-bg-overlay\" ><\/div><\/div><div class=\"row_col_wrap_12 col span_12 dark left\">\n\t<div  class=\"vc_col-sm-12 wpb_column column_container vc_column_container col no-extra-padding inherit_tablet inherit_phone\"  data-t-w-inherits=\"default\" data-bg-cover=\"\" data-padding-pos=\"all\" data-has-bg-color=\"false\" data-bg-color=\"\" data-bg-opacity=\"1\" data-hover-bg=\"\" data-hover-bg-opacity=\"1\" data-animation=\"\" data-delay=\"0\" >\n\t\t<div class=\"vc_column-inner\" ><div class=\"column-bg-overlay-wrap\" data-bg-animation=\"none\"><div class=\"column-bg-overlay\"><\/div><\/div>\n\t\t\t<div class=\"wpb_wrapper\">\n\t\t\t\t<h2 style=\"text-align: center;font-family:Lato;font-weight:400;font-style:normal\" class=\"vc_custom_heading\" >Providing Goods and Services to People with Disabilities<\/h2>\r\n<div class=\"wpb_text_column wpb_content_element\" >\r\n\t<div class=\"wpb_wrapper\">\r\n\t\t<p>Ahearn &amp; Soper Inc. is committed to excellence in serving all customers including people with disabilities.<\/p>\n<h3>Assistive devices<\/h3>\n<p>We will ensure that our staff are trained and familiar with various assistive devices we may have on site or that we may provide that may be used by customers with disabilities while accessing our goods or services.<\/p>\n<h3>Communication<\/h3>\n<p>We will communicate with people with disabilities in ways that take into account their disability.<\/p>\n<h3>Service animals<\/h3>\n<p>We welcome people with disabilities and their service animals. Service animals are allowed on the parts of our premises that are open to the public.<\/p>\n<h3>Support persons<\/h3>\n<p>A person with a disability who is accompanied by a support person will be allowed to have that person accompany them on our premises. Fees will not be charged for support persons<\/p>\n<h3>Notice of temporary disruption<\/h3>\n<p>In the event of a planned or unexpected disruption to services or facilities for customers with disabilities which include automatic door openers, ramps, large displays, text chat, or email communication, and employee assistance,\u00a0 Ahearn &amp; Soper Inc. will notify customers promptly. This clearly posted notice will include information about the reason for the disruption, its anticipated length of time, and a description of alternative facilities or services, if available. The notice will be placed at <a href=\"http:\/\/www.ahearn.com\/fr\/\">www.ahearn.com<\/a> .<\/p>\n<h3>Emergency Response<\/h3>\n<p>On request, Ahearn &amp; Soper Inc. will provide tailored emergency response information for employees with disabilities that might make it difficult or impossible for them to be alerted by our standard emergency announcements or other audible alarms.<\/p>\n<h3>Training<\/h3>\n<p>Ahearn &amp; Soper Inc. will provide training to employees who deal with the public or other third parties on our behalf. \u00a0Training will also be provided to people involved in the<\/p>\n<p>development of policies, plans, practices and procedures related to the provision of our goods and services.<\/p>\n<h3><strong>Individuals in the following positions will be trained:<\/strong><\/h3>\n<p>Customer Service Representatives, Human Resources Administrator. This training will be provided to staff within 5 days of commencement of employment, and annually thereafter. Training will be done by means of a powerpoint presentation.<\/p>\n<h3><strong>Training will include:<\/strong><\/h3>\n<ul>\n<li>An overview of the Accessibility for Ontarians with Disabilities Act, 2005 and the requirements of the customer service standard.<\/li>\n<li>Ahearn &amp; Soper Inc.\u2019s plan related to the customer service standard.<\/li>\n<li>How to interact and communicate with people with various types of disabilities<\/li>\n<li>How to interact with people with disabilities who use an assistive device or require the assistance of a service animal or a support person<\/li>\n<li>What to do if a person with a disability is having difficulty in accessing Ahearn &amp; Soper Inc.\u2019s goods and services.<\/li>\n<\/ul>\n<h3>Feedback Process<\/h3>\n<p>Customers who wish to provide feedback on the way Ahearn &amp; Soper Inc. provides goods and services to people with disabilities may provide such feedback by sending an email to <a href=\"mailto:hradmin@ahearn.com\">hradmin@ahearn.com<\/a>, or by calling 416 675 4838. Customers can expect to hear back in 5 days.<\/p>\n<h3>Notice of availability<\/h3>\n<p>Ahearn &amp; Soper Inc. will make our policies available to the public by posting them on <a href=\"http:\/\/www.ahearn.com\/fr\/\">www.ahearn.com<\/a> .<\/p>\n<h3>Modifications to this or other policies<\/h3>\n<p>Any policy of Ahearn &amp; Soper Inc. that does not respect and promote the dignity and independence of people with disabilities will be modified or removed.\u00a0 This Accessibility Plan will be reviewed and revised once every five years.<\/p>\n<h3>Multiyear Accessibility Plan<\/h3>\n<p>Ahearn &amp; Soper Inc. will respond promptly to employee or customer suggestions about ways and means to improve accessibility for people with disabilities. Suggestions that can be reasonably implemented will be incorporated in our Accessibility Plan upon each review of the plan.<\/p>\n\t<\/div>\r\n<\/div>\r\n\r\n\r\n\r\n\n\t\t\t<\/div> \n\t\t<\/div>\n\t<\/div> \n<\/div><\/div>","protected":false},"excerpt":{"rendered":"Providing Goods and Services to People with Disabilities Ahearn &amp; Soper Inc. is committed to excellence in serving all customers including people with disabilities. Assistive devices We will ensure that...","protected":false},"author":2,"featured_media":0,"parent":0,"menu_order":0,"comment_status":"closed","ping_status":"closed","template":"","meta":{"footnotes":""},"class_list":["post-9185","page","type-page","status-publish"],"yoast_head":"<!-- This site is optimized with the Yoast SEO plugin v27.2 - https:\/\/yoast.com\/product\/yoast-seo-wordpress\/ -->\r\n<title>Ahearn &amp; Soper | proVIsion WMS | Privacy Policy<\/title>\r\n<meta name=\"description\" content=\"Privacy Policy - Ahearn and Soper are always committed to keeping all personal information on our website collected secure and confidential.\" \/>\r\n<meta name=\"robots\" content=\"index, follow, max-snippet:-1, max-image-preview:large, max-video-preview:-1\" \/>\r\n<link rel=\"canonical\" href=\"https:\/\/www.ahearn.com\/fr\/accessible-customer-service-plan\/\" \/>\r\n<meta property=\"og:locale\" content=\"fr_CA\" \/>\r\n<meta property=\"og:type\" content=\"article\" \/>\r\n<meta property=\"og:title\" content=\"Ahearn &amp; Soper | proVIsion WMS | Privacy Policy\" \/>\r\n<meta property=\"og:description\" content=\"Privacy Policy - Ahearn and Soper are always committed to keeping all personal information on our website collected secure and confidential.\" \/>\r\n<meta property=\"og:url\" content=\"https:\/\/www.ahearn.com\/fr\/accessible-customer-service-plan\/\" \/>\r\n<meta property=\"og:site_name\" content=\"Ahearn &amp; Soper | proVision WMS\" \/>\r\n<meta property=\"article:modified_time\" content=\"2024-09-04T15:48:53+00:00\" \/>\r\n<meta name=\"twitter:card\" content=\"summary_large_image\" \/>\r\n<meta name=\"twitter:label1\" content=\"Estimation du temps de lecture\" \/>\n\t<meta name=\"twitter:data1\" content=\"3 minutes\" \/>\r\n<script type=\"application\/ld+json\" class=\"yoast-schema-graph\">{\"@context\":\"https:\/\/schema.org\",\"@graph\":[{\"@type\":\"WebPage\",\"@id\":\"https:\/\/www.ahearn.com\/accessible-customer-service-plan\/\",\"url\":\"https:\/\/www.ahearn.com\/accessible-customer-service-plan\/\",\"name\":\"Ahearn & Soper | proVIsion WMS | Privacy Policy\",\"isPartOf\":{\"@id\":\"https:\/\/www.ahearn.com\/#website\"},\"datePublished\":\"2024-09-04T15:47:04+00:00\",\"dateModified\":\"2024-09-04T15:48:53+00:00\",\"description\":\"Privacy Policy - Ahearn and Soper are always committed to keeping all personal information on our website collected secure and confidential.\",\"breadcrumb\":{\"@id\":\"https:\/\/www.ahearn.com\/accessible-customer-service-plan\/#breadcrumb\"},\"inLanguage\":\"fr-CA\",\"potentialAction\":[{\"@type\":\"ReadAction\",\"target\":[\"https:\/\/www.ahearn.com\/accessible-customer-service-plan\/\"]}]},{\"@type\":\"BreadcrumbList\",\"@id\":\"https:\/\/www.ahearn.com\/accessible-customer-service-plan\/#breadcrumb\",\"itemListElement\":[{\"@type\":\"ListItem\",\"position\":1,\"name\":\"Home\",\"item\":\"https:\/\/www.ahearn.com\/\"},{\"@type\":\"ListItem\",\"position\":2,\"name\":\"Accessible Customer Service Plan\"}]},{\"@type\":\"WebSite\",\"@id\":\"https:\/\/www.ahearn.com\/#website\",\"url\":\"https:\/\/www.ahearn.com\/\",\"name\":\"Ahearn &amp; Soper | proVision WMS\",\"description\":\"\",\"potentialAction\":[{\"@type\":\"SearchAction\",\"target\":{\"@type\":\"EntryPoint\",\"urlTemplate\":\"https:\/\/www.ahearn.com\/?s={search_term_string}\"},\"query-input\":{\"@type\":\"PropertyValueSpecification\",\"valueRequired\":true,\"valueName\":\"search_term_string\"}}],\"inLanguage\":\"fr-CA\"}]}<\/script>\r\n<!-- \/ Yoast SEO plugin. -->","yoast_head_json":{"title":"Ahearn &amp; Soper | proVIsion WMS | Politique de confidentialit\u00e9","description":"Politique de confidentialit\u00e9 - Ahearn et Soper se sont toujours engag\u00e9s \u00e0 conserver toutes les informations personnelles sur notre site Web collect\u00e9es de mani\u00e8re s\u00e9curis\u00e9e et confidentielle.","robots":{"index":"index","follow":"follow","max-snippet":"max-snippet:-1","max-image-preview":"max-image-preview:large","max-video-preview":"max-video-preview:-1"},"canonical":"https:\/\/www.ahearn.com\/fr\/accessible-customer-service-plan\/","og_locale":"fr_CA","og_type":"article","og_title":"Ahearn & Soper | proVIsion WMS | Privacy Policy","og_description":"Privacy Policy - Ahearn and Soper are always committed to keeping all personal information on our website collected secure and confidential.","og_url":"https:\/\/www.ahearn.com\/fr\/accessible-customer-service-plan\/","og_site_name":"Ahearn &amp; Soper | proVision WMS","article_modified_time":"2024-09-04T15:48:53+00:00","twitter_card":"summary_large_image","twitter_misc":{"Estimation du temps de lecture":"3 minutes"},"schema":{"@context":"https:\/\/schema.org","@graph":[{"@type":"WebPage","@id":"https:\/\/www.ahearn.com\/accessible-customer-service-plan\/","url":"https:\/\/www.ahearn.com\/accessible-customer-service-plan\/","name":"Ahearn &amp; Soper | proVIsion WMS | Politique de confidentialit\u00e9","isPartOf":{"@id":"https:\/\/www.ahearn.com\/#website"},"datePublished":"2024-09-04T15:47:04+00:00","dateModified":"2024-09-04T15:48:53+00:00","description":"Politique de confidentialit\u00e9 - Ahearn et Soper se sont toujours engag\u00e9s \u00e0 conserver toutes les informations personnelles sur notre site Web collect\u00e9es de mani\u00e8re s\u00e9curis\u00e9e et confidentielle.","breadcrumb":{"@id":"https:\/\/www.ahearn.com\/accessible-customer-service-plan\/#breadcrumb"},"inLanguage":"fr-CA","potentialAction":[{"@type":"ReadAction","target":["https:\/\/www.ahearn.com\/accessible-customer-service-plan\/"]}]},{"@type":"BreadcrumbList","@id":"https:\/\/www.ahearn.com\/accessible-customer-service-plan\/#breadcrumb","itemListElement":[{"@type":"ListItem","position":1,"name":"Home","item":"https:\/\/www.ahearn.com\/"},{"@type":"ListItem","position":2,"name":"Accessible Customer Service Plan"}]},{"@type":"WebSite","@id":"https:\/\/www.ahearn.com\/#website","url":"https:\/\/www.ahearn.com\/","name":"Ahearn &amp; Soper | proVision WMS","description":"","potentialAction":[{"@type":"SearchAction","target":{"@type":"EntryPoint","urlTemplate":"https:\/\/www.ahearn.com\/?s={search_term_string}"},"query-input":{"@type":"PropertyValueSpecification","valueRequired":true,"valueName":"search_term_string"}}],"inLanguage":"fr-CA"}]}},"_links":{"self":[{"href":"https:\/\/www.ahearn.com\/fr\/wp-json\/wp\/v2\/pages\/9185","targetHints":{"allow":["GET"]}}],"collection":[{"href":"https:\/\/www.ahearn.com\/fr\/wp-json\/wp\/v2\/pages"}],"about":[{"href":"https:\/\/www.ahearn.com\/fr\/wp-json\/wp\/v2\/types\/page"}],"author":[{"embeddable":true,"href":"https:\/\/www.ahearn.com\/fr\/wp-json\/wp\/v2\/users\/2"}],"replies":[{"embeddable":true,"href":"https:\/\/www.ahearn.com\/fr\/wp-json\/wp\/v2\/comments?post=9185"}],"version-history":[{"count":3,"href":"https:\/\/www.ahearn.com\/fr\/wp-json\/wp\/v2\/pages\/9185\/revisions"}],"predecessor-version":[{"id":9188,"href":"https:\/\/www.ahearn.com\/fr\/wp-json\/wp\/v2\/pages\/9185\/revisions\/9188"}],"wp:attachment":[{"href":"https:\/\/www.ahearn.com\/fr\/wp-json\/wp\/v2\/media?parent=9185"}],"curies":[{"name":"wp","href":"https:\/\/api.w.org\/{rel}","templated":true}]}}