{"id":6123,"date":"2020-05-06T15:48:17","date_gmt":"2020-05-06T15:48:17","guid":{"rendered":"https:\/\/www.ahearn.com\/?page_id=6123"},"modified":"2020-05-07T14:15:55","modified_gmt":"2020-05-07T14:15:55","slug":"label-web-based-demonstration","status":"publish","type":"page","link":"https:\/\/www.ahearn.com\/fr\/label-web-based-demonstration\/","title":{"rendered":"D\u00e9monstration Web sur les \u00e9tiquettes"},"content":{"rendered":"\n\t\t<div id=\"fws_69d00b756a8bf\"  data-column-margin=\"default\" data-midnight=\"dark\"  class=\"wpb_row vc_row-fluid vc_row full-width-content  vc_row-o-equal-height vc_row-flex standard_section \"  style=\"padding-top: 0px; padding-bottom: 0px; \"><div class=\"row-bg-wrap\" data-bg-animation=\"none\" data-bg-overlay=\"false\"><div class=\"inner-wrap\"><div class=\"row-bg\"  style=\"\"><\/div><\/div><div class=\"row-bg-overlay\" ><\/div><\/div><div class=\"row_col_wrap_12 col span_12 dark left\">\n\t<div  class=\"vc_col-sm-6 wpb_column column_container vc_column_container col no-extra-padding inherit_tablet inherit_phone \"  data-t-w-inherits=\"default\" data-bg-cover=\"\" data-padding-pos=\"all\" data-has-bg-color=\"false\" data-bg-color=\"\" data-bg-opacity=\"1\" data-hover-bg=\"\" data-hover-bg-opacity=\"1\" data-animation=\"\" data-delay=\"0\" >\n\t\t<div class=\"vc_column-inner\" ><div class=\"column-bg-overlay-wrap\" data-bg-animation=\"none\"><div class=\"column-bg-overlay\"><\/div><\/div>\n\t\t\t<div class=\"wpb_wrapper\">\n\t\t\t\t\r\n<div class=\"wpb_text_column wpb_content_element \" >\r\n\t<div class=\"wpb_wrapper\">\r\n\t\t<h3>Label Web Based Demonstration<\/h3>\n<p>Ahearn &amp; Soper now offer a free online demonstration which is convenient to gain full control of all your labeling solutions. Let us demonstrate the functionality of our label software \/ label printers and benefits of on-demand label printing by avoiding pre-printed mistakes, eliminating costs of unused inventory and prevent wasted time waiting on a third party.<\/p>\n<p>&nbsp;<\/p>\n<h4><\/h4>\n\t<\/div>\r\n<\/div>\r\n\r\n\r\n\r\n\n\t\t\t<\/div> \n\t\t<\/div>\n\t<\/div> \n\n\t<div  class=\"vc_col-sm-6 wpb_column column_container vc_column_container col no-extra-padding inherit_tablet inherit_phone \"  data-t-w-inherits=\"default\" data-bg-cover=\"\" data-padding-pos=\"all\" data-has-bg-color=\"false\" data-bg-color=\"\" data-bg-opacity=\"1\" data-hover-bg=\"\" data-hover-bg-opacity=\"1\" data-animation=\"\" data-delay=\"0\" >\n\t\t<div class=\"vc_column-inner\" ><div class=\"column-bg-overlay-wrap\" data-bg-animation=\"none\"><div class=\"column-bg-overlay\"><\/div><\/div>\n\t\t\t<div class=\"wpb_wrapper\">\n\t\t\t\t\n\t<div class=\"wpb_raw_code wpb_content_element wpb_raw_html\" >\n\t\t<div class=\"wpb_wrapper\">\n\t\t\t<style id=\"wpforms-css-vars-6108\">\n\t\t\t\t#wpforms-6108 {\n\t\t\t\t\n\t\t\t}\n\t\t\t<\/style><div class=\"wpforms-container wpforms-container-full wpforms-container-quiz wpforms-render-modern\" id=\"wpforms-6108\"><form id=\"wpforms-form-6108\" class=\"wpforms-validate wpforms-form\" data-formid=\"6108\" method=\"post\" enctype=\"multipart\/form-data\" action=\"\/fr\/wp-json\/wp\/v2\/pages\/6123?wpforms_form_id=6108\" data-token=\"53756c55f0f33059f696dec2755ea572\" data-token-time=\"1775242101\"><noscript class=\"wpforms-error-noscript\">Please enable JavaScript in your browser to complete this form.<\/noscript><div id=\"wpforms-error-noscript\" style=\"display: none;\">Please enable JavaScript in your browser to complete this form.<\/div><div class=\"wpforms-field-container\"><div id=\"wpforms-6108-field_0-container\" class=\"wpforms-field wpforms-field-name\" data-field-type=\"name\" data-field-id=\"0\"><fieldset><legend class=\"wpforms-field-label\">Name <span class=\"wpforms-required-label\" aria-hidden=\"true\">*<\/span><\/legend><div class=\"wpforms-field-row wpforms-field-medium\"><div class=\"wpforms-field-row-block wpforms-first wpforms-one-half\"><input type=\"text\" id=\"wpforms-6108-field_0\" class=\"wpforms-field-name-first wpforms-field-required\" name=\"wpforms[fields][0][first]\" aria-errormessage=\"wpforms-6108-field_0-error\" required><label for=\"wpforms-6108-field_0\" class=\"wpforms-field-sublabel after\">First<\/label><\/div><div class=\"wpforms-field-row-block wpforms-one-half\"><input type=\"text\" id=\"wpforms-6108-field_0-last\" class=\"wpforms-field-name-last wpforms-field-required\" name=\"wpforms[fields][0][last]\" aria-errormessage=\"wpforms-6108-field_0-last-error\" required><label for=\"wpforms-6108-field_0-last\" class=\"wpforms-field-sublabel after\">Last<\/label><\/div><\/div><\/fieldset><\/div><div id=\"wpforms-6108-field_1-container\" class=\"wpforms-field wpforms-field-email\" data-field-type=\"email\" data-field-id=\"1\"><label class=\"wpforms-field-label\" for=\"wpforms-6108-field_1\">Email <span class=\"wpforms-required-label\" aria-hidden=\"true\">*<\/span><\/label><input type=\"email\" id=\"wpforms-6108-field_1\" class=\"wpforms-field-medium wpforms-field-required\" name=\"wpforms[fields][1]\" spellcheck=\"false\" aria-errormessage=\"wpforms-6108-field_1-error\" required><\/div><div id=\"wpforms-6108-field_4-container\" class=\"wpforms-field wpforms-field-phone\" data-field-type=\"phone\" data-field-id=\"4\"><label class=\"wpforms-field-label\" for=\"wpforms-6108-field_4\">Phone <span class=\"wpforms-required-label\" aria-hidden=\"true\">*<\/span><\/label><input type=\"tel\" id=\"wpforms-6108-field_4\" class=\"wpforms-field-medium wpforms-field-required\" data-rule-int-phone-field=\"true\" name=\"wpforms[fields][4]\" aria-label=\"Phone\" aria-errormessage=\"wpforms-6108-field_4-error\" required><\/div><div id=\"wpforms-6108-field_5-container\" class=\"wpforms-field wpforms-field-text\" data-field-type=\"text\" data-field-id=\"5\"><label class=\"wpforms-field-label\" for=\"wpforms-6108-field_5\">Company Name <span class=\"wpforms-required-label\" aria-hidden=\"true\">*<\/span><\/label><input type=\"text\" id=\"wpforms-6108-field_5\" class=\"wpforms-field-medium wpforms-field-required\" name=\"wpforms[fields][5]\" aria-errormessage=\"wpforms-6108-field_5-error\" required><\/div><div id=\"wpforms-6108-field_7-container\" class=\"wpforms-field wpforms-field-url\" data-field-type=\"url\" data-field-id=\"7\"><label class=\"wpforms-field-label\" for=\"wpforms-6108-field_7\">Company Website \/ URL<\/label><input type=\"url\" id=\"wpforms-6108-field_7\" class=\"wpforms-field-medium\" name=\"wpforms[fields][7]\" aria-errormessage=\"wpforms-6108-field_7-error\" ><\/div><div id=\"wpforms-6108-field_8-container\" class=\"wpforms-field wpforms-field-text\" data-field-type=\"text\" data-field-id=\"8\"><label class=\"wpforms-field-label\" for=\"wpforms-6108-field_8\">City <span class=\"wpforms-required-label\" aria-hidden=\"true\">*<\/span><\/label><input type=\"text\" id=\"wpforms-6108-field_8\" class=\"wpforms-field-medium wpforms-field-required\" name=\"wpforms[fields][8]\" aria-errormessage=\"wpforms-6108-field_8-error\" required><\/div><div id=\"wpforms-6108-field_9-container\" class=\"wpforms-field wpforms-field-select\" data-field-type=\"select\" data-field-id=\"9\"><label class=\"wpforms-field-label\" for=\"wpforms-6108-field_9\">Province <\/label><select id=\"wpforms-6108-field_9\" class=\"wpforms-field-medium\" name=\"wpforms[fields][9]\"><option value=\"Alberta \"  class=\"choice-1 depth-1\"  >Alberta<\/option><option value=\"British Columbia \"  class=\"choice-12 depth-1\"  >British Columbia<\/option><option value=\"Manitoba \"  class=\"choice-11 depth-1\"  >Manitoba<\/option><option value=\"New Brunswick \"  class=\"choice-10 depth-1\"  >New Brunswick<\/option><option value=\"Northwest Territories \"  class=\"choice-9 depth-1\"  >Northwest Territories<\/option><option value=\"Nova Scotia \"  class=\"choice-8 depth-1\"  >Nova Scotia<\/option><option value=\"Nunavut \"  class=\"choice-7 depth-1\"  >Nunavut<\/option><option value=\"Ontario \"  class=\"choice-6 depth-1\"  >Ontario<\/option><option value=\"Prince Edward Island \"  class=\"choice-5 depth-1\"  >Prince Edward Island<\/option><option value=\"Quebec\"  class=\"choice-4 depth-1\"  >Quebec<\/option><option value=\"Saskatchewan\"  class=\"choice-2 depth-1\"  >Saskatchewan<\/option><option value=\"Yukon\"  class=\"choice-3 depth-1\"  >Yukon<\/option><\/select><\/div><div id=\"wpforms-6108-field_3-container\" class=\"wpforms-field wpforms-field-captcha\" data-field-type=\"captcha\" data-field-id=\"3\"><label class=\"wpforms-field-label\" for=\"wpforms-6108-field_3\">Captcha <span class=\"wpforms-required-label\" aria-hidden=\"true\">*<\/span><\/label>\t\t\t<div class=\"wpforms-captcha-math\">\n\t\t\t\t<span id=\"wpforms-6108-field_3-question\" class=\"wpforms-captcha-equation\">\n\t\t\t\t\t<span class=\"n1\">4<\/span>\n\t\t\t\t\t\t\t<span class=\"cal\">*<\/span>\n\t\t\t\t\t\t\t<span class=\"n2\">13<\/span>\t\t\t\t\t<span class=\"e\">=<\/span>\n\t\t\t\t<\/span>\n\t\t\t\t<input type=\"text\" id=\"wpforms-6108-field_3\" class=\"wpforms-field-medium wpforms-field-required a\" data-rule-wpf-captcha=\"math\" data-is-wrapped-field=\"1\" name=\"wpforms[fields][3][a]\" aria-errormessage=\"wpforms-6108-field_3-error\" aria-describedby=\"wpforms-6108-field_3-question\" required>\t\t\t\t<input type=\"hidden\" name=\"wpforms[fields][3][cal]\" class=\"cal\">\n\t\t\t\t<input type=\"hidden\" name=\"wpforms[fields][3][n2]\" class=\"n2\">\n\t\t\t\t<input type=\"hidden\" name=\"wpforms[fields][3][n1]\" class=\"n1\">\n\t\t\t<\/div>\n\t\t\t<\/div><div id=\"wpforms-6108-field_10-container\" class=\"wpforms-field wpforms-field-textarea\" data-field-type=\"textarea\" data-field-id=\"10\"><label class=\"wpforms-field-label\" for=\"wpforms-6108-field_10\">Let us know your labeling requirements  <span class=\"wpforms-required-label\" aria-hidden=\"true\">*<\/span><\/label><textarea id=\"wpforms-6108-field_10\" class=\"wpforms-field-medium wpforms-field-required\" name=\"wpforms[fields][10]\" aria-errormessage=\"wpforms-6108-field_10-error\" required><\/textarea><\/div><div id=\"wpforms-6108-field_11-container\" class=\"wpforms-field wpforms-field-file-upload\" data-field-type=\"file-upload\" data-field-id=\"11\"><label class=\"wpforms-field-label\" for=\"wpforms-6108-field_11\">Please upload your file (PDF or AI)<\/label><div\n\t\tclass=\"wpforms-uploader \"\n\t\tdata-field-id=\"11\"\n\t\tdata-form-id=\"6108\"\n\t\tdata-input-name=\"wpforms_6108_11\"\n\t\tdata-extensions=\"pdf,png\"\n\t\tdata-max-size=\"134217728\"\n\t\tdata-max-file-number=\"1\"\n\t\tdata-post-max-size=\"134217728\"\n\t\tdata-max-parallel-uploads=\"4\"\n\t\tdata-parallel-uploads=\"true\"\n\t\tdata-file-chunk-size=\"2097152\">\n\t<div class=\"dz-message\">\n\t\t<svg  viewBox=\"0 0 640 640\" focusable=\"false\" data-icon=\"inbox\" width=\"50px\" height=\"50px\" fill=\"currentColor\" aria-hidden=\"true\">\n\t\t\t<path d=\"M352 173.3L352 384C352 401.7 337.7 416 320 416C302.3 416 288 401.7 288 384L288 173.3L246.6 214.7C234.1 227.2 213.8 227.2 201.3 214.7C188.8 202.2 188.8 181.9 201.3 169.4L297.3 73.4C309.8 60.9 330.1 60.9 342.6 73.4L438.6 169.4C451.1 181.9 451.1 202.2 438.6 214.7C426.1 227.2 405.8 227.2 393.3 214.7L352 173.3zM320 464C364.2 464 400 428.2 400 384L480 384C515.3 384 544 412.7 544 448L544 480C544 515.3 515.3 544 480 544L160 544C124.7 544 96 515.3 96 480L96 448C96 412.7 124.7 384 160 384L240 384C240 428.2 275.8 464 320 464zM464 488C477.3 488 488 477.3 488 464C488 450.7 477.3 440 464 440C450.7 440 440 450.7 440 464C440 477.3 450.7 488 464 488z\"\/>\n\t\t<\/svg>\n\n\t\t<span class=\"modern-title\">\n\t\t\t\t\t\t\tDrag &amp; Drop Files, \t\t\t\t<span>Choose Files to Upload<\/span>\n\t\t\t\t\t<\/span>\n\n\t\t\t<\/div>\n<\/div>\n\n<input\n\t\ttype=\"text\"\n\t\tautocomplete=\"off\"\n\t\treadonly\n\t\tclass=\"dropzone-input\"\n\t\tstyle=\"position:absolute!important;clip:rect(0,0,0,0)!important;height:1px!important;width:1px!important;border:0!important;overflow:hidden!important;padding:0!important;margin:0!important;\"\n\t\tid=\"wpforms-6108-field_11\"\n\t\tname=\"wpforms_6108_11\" \t\tvalue=\"\">\n<\/div><\/div><!-- .wpforms-field-container --><div class=\"wpforms-field wpforms-field-hp\"><label for=\"wpforms-6108-field-hp\" class=\"wpforms-field-label\">Email<\/label><input type=\"text\" name=\"wpforms[hp]\" id=\"wpforms-6108-field-hp\" class=\"wpforms-field-medium\"><\/div><div class=\"wpforms-recaptcha-container wpforms-is-recaptcha wpforms-is-recaptcha-type-v3\" ><input type=\"hidden\" name=\"wpforms[recaptcha]\" value=\"\"><\/div><div class=\"wpforms-submit-container\" ><input type=\"hidden\" name=\"wpforms[id]\" value=\"6108\"><input type=\"hidden\" name=\"page_title\" value=\"\"><input type=\"hidden\" name=\"page_url\" value=\"https:\/\/www.ahearn.com\/fr\/wp-json\/wp\/v2\/pages\/6123\"><input type=\"hidden\" name=\"url_referer\" value=\"\"><button type=\"submit\" name=\"wpforms[submit]\" id=\"wpforms-submit-6108\" class=\"wpforms-submit\" data-alt-text=\"Sending...\" data-submit-text=\"Submit\" aria-live=\"assertive\" value=\"wpforms-submit\">Submit<\/button><\/div><\/form><\/div>  <!-- .wpforms-container -->\n\t\t<\/div>\n\t<\/div>\n\n\t\t\t<\/div> \n\t\t<\/div>\n\t<\/div> \n<\/div><\/div>\n","protected":false},"excerpt":{"rendered":"Label Web Based Demonstration Ahearn &amp; Soper now offer a free online demonstration which is convenient to gain full control of all your labeling solutions. Let us demonstrate the functionality...","protected":false},"author":2,"featured_media":0,"parent":0,"menu_order":0,"comment_status":"closed","ping_status":"closed","template":"","meta":{"footnotes":""},"class_list":["post-6123","page","type-page","status-publish"],"yoast_head":"<!-- This site is optimized with the Yoast SEO plugin v27.2 - https:\/\/yoast.com\/product\/yoast-seo-wordpress\/ -->\r\n<title>Ahearn &amp; Soper | proVision WMS | Label Web Based Demonstration<\/title>\r\n<meta name=\"description\" content=\"To learn more about our labeling solutions, simply fill out the form and request a label demonstration from our labeling team.\" \/>\r\n<meta name=\"robots\" content=\"index, follow, max-snippet:-1, max-image-preview:large, max-video-preview:-1\" \/>\r\n<link rel=\"canonical\" href=\"https:\/\/www.ahearn.com\/fr\/label-web-based-demonstration\/\" \/>\r\n<meta property=\"og:locale\" content=\"fr_CA\" \/>\r\n<meta property=\"og:type\" content=\"article\" \/>\r\n<meta property=\"og:title\" content=\"Ahearn &amp; Soper | proVision WMS | Label Web Based Demonstration\" \/>\r\n<meta property=\"og:description\" content=\"To learn more about our labeling solutions, simply fill out the form and request a label demonstration from our labeling team.\" \/>\r\n<meta property=\"og:url\" content=\"https:\/\/www.ahearn.com\/fr\/label-web-based-demonstration\/\" \/>\r\n<meta property=\"og:site_name\" content=\"Ahearn &amp; Soper | proVision WMS\" \/>\r\n<meta property=\"article:modified_time\" content=\"2020-05-07T14:15:55+00:00\" \/>\r\n<meta name=\"twitter:card\" content=\"summary_large_image\" \/>\r\n<meta name=\"twitter:label1\" content=\"Estimation du temps de lecture\" \/>\n\t<meta name=\"twitter:data1\" content=\"1 minute\" \/>\r\n<script type=\"application\/ld+json\" class=\"yoast-schema-graph\">{\"@context\":\"https:\/\/schema.org\",\"@graph\":[{\"@type\":\"WebPage\",\"@id\":\"https:\/\/www.ahearn.com\/fr\/label-web-based-demonstration\/\",\"url\":\"https:\/\/www.ahearn.com\/fr\/label-web-based-demonstration\/\",\"name\":\"Ahearn & Soper | proVision WMS | Label Web Based Demonstration\",\"isPartOf\":{\"@id\":\"https:\/\/www.ahearn.com\/#website\"},\"datePublished\":\"2020-05-06T15:48:17+00:00\",\"dateModified\":\"2020-05-07T14:15:55+00:00\",\"description\":\"To learn more about our labeling solutions, simply fill out the form and request a label demonstration from our labeling team.\",\"breadcrumb\":{\"@id\":\"https:\/\/www.ahearn.com\/fr\/label-web-based-demonstration\/#breadcrumb\"},\"inLanguage\":\"fr-CA\",\"potentialAction\":[{\"@type\":\"ReadAction\",\"target\":[\"https:\/\/www.ahearn.com\/fr\/label-web-based-demonstration\/\"]}]},{\"@type\":\"BreadcrumbList\",\"@id\":\"https:\/\/www.ahearn.com\/fr\/label-web-based-demonstration\/#breadcrumb\",\"itemListElement\":[{\"@type\":\"ListItem\",\"position\":1,\"name\":\"Home\",\"item\":\"https:\/\/www.ahearn.com\/\"},{\"@type\":\"ListItem\",\"position\":2,\"name\":\"Label Web Based Demonstration\"}]},{\"@type\":\"WebSite\",\"@id\":\"https:\/\/www.ahearn.com\/#website\",\"url\":\"https:\/\/www.ahearn.com\/\",\"name\":\"Ahearn &amp; Soper | proVision WMS\",\"description\":\"\",\"potentialAction\":[{\"@type\":\"SearchAction\",\"target\":{\"@type\":\"EntryPoint\",\"urlTemplate\":\"https:\/\/www.ahearn.com\/?s={search_term_string}\"},\"query-input\":{\"@type\":\"PropertyValueSpecification\",\"valueRequired\":true,\"valueName\":\"search_term_string\"}}],\"inLanguage\":\"fr-CA\"}]}<\/script>\r\n<!-- \/ Yoast SEO plugin. -->","yoast_head_json":{"title":"Ahearn &amp; Soper | proVision WMS | D\u00e9monstration Web sur les \u00e9tiquettes","description":"Pour en savoir plus sur nos solutions d&#039;\u00e9tiquetage, remplissez simplement le formulaire et demandez une d\u00e9monstration d&#039;\u00e9tiquettes \u00e0 notre \u00e9quipe d&#039;\u00e9tiquetage.","robots":{"index":"index","follow":"follow","max-snippet":"max-snippet:-1","max-image-preview":"max-image-preview:large","max-video-preview":"max-video-preview:-1"},"canonical":"https:\/\/www.ahearn.com\/fr\/label-web-based-demonstration\/","og_locale":"fr_CA","og_type":"article","og_title":"Ahearn & Soper | proVision WMS | Label Web Based Demonstration","og_description":"To learn more about our labeling solutions, simply fill out the form and request a label demonstration from our labeling team.","og_url":"https:\/\/www.ahearn.com\/fr\/label-web-based-demonstration\/","og_site_name":"Ahearn &amp; Soper | proVision WMS","article_modified_time":"2020-05-07T14:15:55+00:00","twitter_card":"summary_large_image","twitter_misc":{"Estimation du temps de lecture":"1 minute"},"schema":{"@context":"https:\/\/schema.org","@graph":[{"@type":"WebPage","@id":"https:\/\/www.ahearn.com\/fr\/label-web-based-demonstration\/","url":"https:\/\/www.ahearn.com\/fr\/label-web-based-demonstration\/","name":"Ahearn &amp; Soper | proVision WMS | D\u00e9monstration Web sur les \u00e9tiquettes","isPartOf":{"@id":"https:\/\/www.ahearn.com\/#website"},"datePublished":"2020-05-06T15:48:17+00:00","dateModified":"2020-05-07T14:15:55+00:00","description":"Pour en savoir plus sur nos solutions d&#039;\u00e9tiquetage, remplissez simplement le formulaire et demandez une d\u00e9monstration d&#039;\u00e9tiquettes \u00e0 notre \u00e9quipe d&#039;\u00e9tiquetage.","breadcrumb":{"@id":"https:\/\/www.ahearn.com\/fr\/label-web-based-demonstration\/#breadcrumb"},"inLanguage":"fr-CA","potentialAction":[{"@type":"ReadAction","target":["https:\/\/www.ahearn.com\/fr\/label-web-based-demonstration\/"]}]},{"@type":"BreadcrumbList","@id":"https:\/\/www.ahearn.com\/fr\/label-web-based-demonstration\/#breadcrumb","itemListElement":[{"@type":"ListItem","position":1,"name":"Home","item":"https:\/\/www.ahearn.com\/"},{"@type":"ListItem","position":2,"name":"Label Web Based Demonstration"}]},{"@type":"WebSite","@id":"https:\/\/www.ahearn.com\/#website","url":"https:\/\/www.ahearn.com\/","name":"Ahearn &amp; Soper | proVision WMS","description":"","potentialAction":[{"@type":"SearchAction","target":{"@type":"EntryPoint","urlTemplate":"https:\/\/www.ahearn.com\/?s={search_term_string}"},"query-input":{"@type":"PropertyValueSpecification","valueRequired":true,"valueName":"search_term_string"}}],"inLanguage":"fr-CA"}]}},"_links":{"self":[{"href":"https:\/\/www.ahearn.com\/fr\/wp-json\/wp\/v2\/pages\/6123","targetHints":{"allow":["GET"]}}],"collection":[{"href":"https:\/\/www.ahearn.com\/fr\/wp-json\/wp\/v2\/pages"}],"about":[{"href":"https:\/\/www.ahearn.com\/fr\/wp-json\/wp\/v2\/types\/page"}],"author":[{"embeddable":true,"href":"https:\/\/www.ahearn.com\/fr\/wp-json\/wp\/v2\/users\/2"}],"replies":[{"embeddable":true,"href":"https:\/\/www.ahearn.com\/fr\/wp-json\/wp\/v2\/comments?post=6123"}],"version-history":[{"count":12,"href":"https:\/\/www.ahearn.com\/fr\/wp-json\/wp\/v2\/pages\/6123\/revisions"}],"predecessor-version":[{"id":6139,"href":"https:\/\/www.ahearn.com\/fr\/wp-json\/wp\/v2\/pages\/6123\/revisions\/6139"}],"wp:attachment":[{"href":"https:\/\/www.ahearn.com\/fr\/wp-json\/wp\/v2\/media?parent=6123"}],"curies":[{"name":"wp","href":"https:\/\/api.w.org\/{rel}","templated":true}]}}