{"id":4664,"date":"2020-04-08T16:51:17","date_gmt":"2020-04-08T16:51:17","guid":{"rendered":"http:\/\/dev.ahearn.com\/?page_id=4664"},"modified":"2020-12-04T16:28:11","modified_gmt":"2020-12-04T16:28:11","slug":"newsletter","status":"publish","type":"page","link":"https:\/\/www.ahearn.com\/fr\/inscription-a-la-newsletter\/","title":{"rendered":"Bulletin"},"content":{"rendered":"\n\t\t<div id=\"fws_69e66363af552\"  data-column-margin=\"default\" data-midnight=\"dark\"  class=\"wpb_row vc_row-fluid vc_row standard_section \"  style=\"padding-top: 0px; padding-bottom: 0px; \"><div class=\"row-bg-wrap\" data-bg-animation=\"none\" data-bg-overlay=\"false\"><div class=\"inner-wrap\"><div class=\"row-bg\"  style=\"\"><\/div><\/div><div class=\"row-bg-overlay\" ><\/div><\/div><div class=\"row_col_wrap_12 col span_12 dark left\">\n\t<div  class=\"vc_col-sm-12 wpb_column column_container vc_column_container col no-extra-padding inherit_tablet inherit_phone \"  data-t-w-inherits=\"default\" data-bg-cover=\"\" data-padding-pos=\"all\" data-has-bg-color=\"false\" data-bg-color=\"\" data-bg-opacity=\"1\" data-hover-bg=\"\" data-hover-bg-opacity=\"1\" data-animation=\"\" data-delay=\"0\" >\n\t\t<div class=\"vc_column-inner\" ><div class=\"column-bg-overlay-wrap\" data-bg-animation=\"none\"><div class=\"column-bg-overlay\"><\/div><\/div>\n\t\t\t<div class=\"wpb_wrapper\">\n\t\t\t\t<h1 style=\"font-size: 30px;text-align: center;font-family:Lato;font-weight:400;font-style:normal\" class=\"vc_custom_heading\" >Newsletter Sign-Up<\/h1>\r\n<div class=\"wpb_text_column wpb_content_element \" >\r\n\t<div class=\"wpb_wrapper\">\r\n\t\t<p style=\"text-align: center;\">Register to the Ahearn &amp; Soper newsletter for the latest news and updates.<\/p>\n\t<\/div>\r\n<\/div>\r\n\r\n\r\n\r\n\n\t\t\t<\/div> \n\t\t<\/div>\n\t<\/div> \n<\/div><\/div>\n\t\t<div id=\"fws_69e66363b055c\"  data-column-margin=\"default\" data-midnight=\"dark\"  class=\"wpb_row vc_row-fluid vc_row standard_section \"  style=\"padding-top: 0px; padding-bottom: 0px; \"><div class=\"row-bg-wrap\" data-bg-animation=\"none\" data-bg-overlay=\"false\"><div class=\"inner-wrap\"><div class=\"row-bg\"  style=\"\"><\/div><\/div><div class=\"row-bg-overlay\" ><\/div><\/div><div class=\"row_col_wrap_12 col span_12 dark left\">\n\t<div  class=\"vc_col-sm-12 wpb_column column_container vc_column_container col no-extra-padding inherit_tablet inherit_phone \"  data-t-w-inherits=\"default\" data-bg-cover=\"\" data-padding-pos=\"all\" data-has-bg-color=\"false\" data-bg-color=\"\" data-bg-opacity=\"1\" data-hover-bg=\"\" data-hover-bg-opacity=\"1\" data-animation=\"\" data-delay=\"0\" >\n\t\t<div class=\"vc_column-inner\" ><div class=\"column-bg-overlay-wrap\" data-bg-animation=\"none\"><div class=\"column-bg-overlay\"><\/div><\/div>\n\t\t\t<div class=\"wpb_wrapper\">\n\t\t\t\t<style id=\"wpforms-css-vars-4663\">\n\t\t\t\t#wpforms-4663 {\n\t\t\t\t\n\t\t\t}\n\t\t\t<\/style><div class=\"wpforms-container wpforms-container-full wpforms-container-quiz wpforms-render-modern\" id=\"wpforms-4663\"><form id=\"wpforms-form-4663\" class=\"wpforms-validate wpforms-form\" data-formid=\"4663\" method=\"post\" enctype=\"multipart\/form-data\" action=\"\/fr\/wp-json\/wp\/v2\/pages\/4664\" data-token=\"8c8c1c1a2138fbda23e1238526a5fa3d\" data-token-time=\"1776706403\"><noscript class=\"wpforms-error-noscript\">Please enable JavaScript in your browser to complete this form.<\/noscript><div id=\"wpforms-error-noscript\" style=\"display: none;\">Please enable JavaScript in your browser to complete this form.<\/div><div class=\"wpforms-field-container\"><div id=\"wpforms-4663-field_0-container\" class=\"wpforms-field wpforms-field-name\" data-field-type=\"name\" data-field-id=\"0\"><fieldset><legend class=\"wpforms-field-label\">Name <span class=\"wpforms-required-label\" aria-hidden=\"true\">*<\/span><\/legend><div class=\"wpforms-field-row wpforms-field-medium\"><div class=\"wpforms-field-row-block wpforms-first wpforms-one-half\"><input type=\"text\" id=\"wpforms-4663-field_0\" class=\"wpforms-field-name-first wpforms-field-required\" name=\"wpforms[fields][0][first]\" aria-errormessage=\"wpforms-4663-field_0-error\" required><label for=\"wpforms-4663-field_0\" class=\"wpforms-field-sublabel after\">First<\/label><\/div><div class=\"wpforms-field-row-block wpforms-one-half\"><input type=\"text\" id=\"wpforms-4663-field_0-last\" class=\"wpforms-field-name-last wpforms-field-required\" name=\"wpforms[fields][0][last]\" aria-errormessage=\"wpforms-4663-field_0-last-error\" required><label for=\"wpforms-4663-field_0-last\" class=\"wpforms-field-sublabel after\">Last<\/label><\/div><\/div><\/fieldset><\/div><div id=\"wpforms-4663-field_1-container\" class=\"wpforms-field wpforms-field-email\" data-field-type=\"email\" data-field-id=\"1\"><label class=\"wpforms-field-label\" for=\"wpforms-4663-field_1\">Email <span class=\"wpforms-required-label\" aria-hidden=\"true\">*<\/span><\/label><input type=\"email\" id=\"wpforms-4663-field_1\" class=\"wpforms-field-medium wpforms-field-required\" name=\"wpforms[fields][1]\" spellcheck=\"false\" aria-errormessage=\"wpforms-4663-field_1-error\" required><\/div><div id=\"wpforms-4663-field_3-container\" class=\"wpforms-field wpforms-field-captcha\" data-field-type=\"captcha\" data-field-id=\"3\"><label class=\"wpforms-field-label\" for=\"wpforms-4663-field_3\">Captcha <span class=\"wpforms-required-label\" aria-hidden=\"true\">*<\/span><\/label>\t\t\t<div class=\"wpforms-captcha-math\">\n\t\t\t\t<span id=\"wpforms-4663-field_3-question\" class=\"wpforms-captcha-equation\">\n\t\t\t\t\t<span class=\"n1\">8<\/span>\n\t\t\t\t\t\t\t<span class=\"cal\">+<\/span>\n\t\t\t\t\t\t\t<span class=\"n2\">3<\/span>\t\t\t\t\t<span class=\"e\">=<\/span>\n\t\t\t\t<\/span>\n\t\t\t\t<input type=\"text\" id=\"wpforms-4663-field_3\" class=\"wpforms-field-medium wpforms-field-required a\" data-rule-wpf-captcha=\"math\" data-is-wrapped-field=\"1\" name=\"wpforms[fields][3][a]\" aria-errormessage=\"wpforms-4663-field_3-error\" aria-describedby=\"wpforms-4663-field_3-question\" required>\t\t\t\t<input type=\"hidden\" name=\"wpforms[fields][3][cal]\" class=\"cal\">\n\t\t\t\t<input type=\"hidden\" name=\"wpforms[fields][3][n2]\" class=\"n2\">\n\t\t\t\t<input type=\"hidden\" name=\"wpforms[fields][3][n1]\" class=\"n1\">\n\t\t\t<\/div>\n\t\t\t<\/div><div id=\"wpforms-4663-field_2-container\" class=\"wpforms-field wpforms-field-checkbox\" data-field-type=\"checkbox\" data-field-id=\"2\"><fieldset><legend class=\"wpforms-field-label\"> <span class=\"wpforms-required-label\" aria-hidden=\"true\">*<\/span><\/legend><ul id=\"wpforms-4663-field_2\" class=\"wpforms-field-required\"><li class=\"choice-1 depth-1\"><input type=\"checkbox\" id=\"wpforms-4663-field_2_1\" name=\"wpforms[fields][2][]\" value=\"Yes, I would like to subscribe to Ahearn &amp; Soper. I agree to let Ahearn &amp; Soper process my personal data in order to send me marketing material in accordance with Ahearn &amp; Soper &lt;a href=&quot;https:\/\/www.ahearn.com\/privacy-policy\/&quot;&gt;Privacy Notice&lt;\/a&gt;.  I confirm that I have read and agree to the terms &amp; conditions.\" aria-errormessage=\"wpforms-4663-field_2_1-error\" required ><label class=\"wpforms-field-label-inline\" for=\"wpforms-4663-field_2_1\">Yes, I would like to subscribe to Ahearn &amp; Soper. I agree to let Ahearn &amp; Soper process my personal data in order to send me marketing material in accordance with Ahearn &amp; Soper <a href=\"https:\/\/www.ahearn.com\/privacy-policy\/\">Privacy Notice<\/a>.  I confirm that I have read and agree to the terms &amp; conditions.<\/label><\/li><\/ul><\/fieldset><\/div><\/div><!-- .wpforms-field-container --><div class=\"wpforms-field wpforms-field-hp\"><label for=\"wpforms-4663-field-hp\" class=\"wpforms-field-label\">Website<\/label><input type=\"text\" name=\"wpforms[hp]\" id=\"wpforms-4663-field-hp\" class=\"wpforms-field-medium\"><\/div><div class=\"wpforms-recaptcha-container wpforms-is-recaptcha wpforms-is-recaptcha-type-v3\" ><input type=\"hidden\" name=\"wpforms[recaptcha]\" value=\"\"><\/div><div class=\"wpforms-submit-container\" ><input type=\"hidden\" name=\"wpforms[id]\" value=\"4663\"><input type=\"hidden\" name=\"page_title\" value=\"\"><input type=\"hidden\" name=\"page_url\" value=\"https:\/\/www.ahearn.com\/fr\/wp-json\/wp\/v2\/pages\/4664\"><input type=\"hidden\" name=\"url_referer\" value=\"\"><button type=\"submit\" name=\"wpforms[submit]\" id=\"wpforms-submit-4663\" class=\"wpforms-submit\" data-alt-text=\"Sending...\" data-submit-text=\"Submit\" aria-live=\"assertive\" value=\"wpforms-submit\">Submit<\/button><\/div><\/form><\/div>  <!-- .wpforms-container -->\n\t\t\t<\/div> \n\t\t<\/div>\n\t<\/div> \n<\/div><\/div>\n","protected":false},"excerpt":{"rendered":"Newsletter Sign-Up Register to the Ahearn &amp; Soper newsletter for the latest news and updates. Please enable JavaScript in your browser to complete this form.Please enable JavaScript in your browser...","protected":false},"author":2,"featured_media":0,"parent":0,"menu_order":0,"comment_status":"closed","ping_status":"open","template":"","meta":{"footnotes":""},"class_list":["post-4664","page","type-page","status-publish"],"yoast_head":"<!-- This site is optimized with the Yoast SEO plugin v27.2 - https:\/\/yoast.com\/product\/yoast-seo-wordpress\/ -->\r\n<title>Ahearn &amp; Soper | proVIsion WMS | Newsletter Sign-Up<\/title>\r\n<meta name=\"description\" content=\"Sign up for news and updates by signing up to the Ahearn &amp; Soper newsletter.\" \/>\r\n<meta name=\"robots\" content=\"index, follow, max-snippet:-1, max-image-preview:large, max-video-preview:-1\" \/>\r\n<link rel=\"canonical\" href=\"https:\/\/www.ahearn.com\/fr\/newsletter\/\" \/>\r\n<meta property=\"og:locale\" content=\"fr_CA\" \/>\r\n<meta property=\"og:type\" content=\"article\" \/>\r\n<meta property=\"og:title\" content=\"Ahearn &amp; Soper | proVIsion WMS | Newsletter Sign-Up\" \/>\r\n<meta property=\"og:description\" content=\"Sign up for news and updates by signing up to the Ahearn &amp; Soper newsletter.\" \/>\r\n<meta property=\"og:url\" content=\"https:\/\/www.ahearn.com\/fr\/newsletter\/\" \/>\r\n<meta property=\"og:site_name\" content=\"Ahearn &amp; Soper | proVision WMS\" \/>\r\n<meta property=\"article:modified_time\" content=\"2020-12-04T16:28:11+00:00\" \/>\r\n<meta name=\"twitter:card\" content=\"summary_large_image\" \/>\r\n<meta name=\"twitter:label1\" content=\"Estimation du temps de lecture\" \/>\n\t<meta name=\"twitter:data1\" content=\"2 minutes\" \/>\r\n<script type=\"application\/ld+json\" class=\"yoast-schema-graph\">{\"@context\":\"https:\/\/schema.org\",\"@graph\":[{\"@type\":\"WebPage\",\"@id\":\"https:\/\/www.ahearn.com\/newsletter\/\",\"url\":\"https:\/\/www.ahearn.com\/newsletter\/\",\"name\":\"Ahearn & Soper | proVIsion WMS | Newsletter Sign-Up\",\"isPartOf\":{\"@id\":\"https:\/\/www.ahearn.com\/#website\"},\"datePublished\":\"2020-04-08T16:51:17+00:00\",\"dateModified\":\"2020-12-04T16:28:11+00:00\",\"description\":\"Sign up for news and updates by signing up to the Ahearn & Soper newsletter.\",\"breadcrumb\":{\"@id\":\"https:\/\/www.ahearn.com\/newsletter\/#breadcrumb\"},\"inLanguage\":\"fr-CA\",\"potentialAction\":[{\"@type\":\"ReadAction\",\"target\":[\"https:\/\/www.ahearn.com\/newsletter\/\"]}]},{\"@type\":\"BreadcrumbList\",\"@id\":\"https:\/\/www.ahearn.com\/newsletter\/#breadcrumb\",\"itemListElement\":[{\"@type\":\"ListItem\",\"position\":1,\"name\":\"Home\",\"item\":\"https:\/\/www.ahearn.com\/\"},{\"@type\":\"ListItem\",\"position\":2,\"name\":\"Newsletter\"}]},{\"@type\":\"WebSite\",\"@id\":\"https:\/\/www.ahearn.com\/#website\",\"url\":\"https:\/\/www.ahearn.com\/\",\"name\":\"Ahearn &amp; Soper | proVision WMS\",\"description\":\"\",\"potentialAction\":[{\"@type\":\"SearchAction\",\"target\":{\"@type\":\"EntryPoint\",\"urlTemplate\":\"https:\/\/www.ahearn.com\/?s={search_term_string}\"},\"query-input\":{\"@type\":\"PropertyValueSpecification\",\"valueRequired\":true,\"valueName\":\"search_term_string\"}}],\"inLanguage\":\"fr-CA\"}]}<\/script>\r\n<!-- \/ Yoast SEO plugin. -->","yoast_head_json":{"title":"Ahearn &amp; Soper | proVIsion WMS | Inscription \u00e0 la newsletter","description":"Inscrivez-vous aux nouvelles et mises \u00e0 jour en vous inscrivant \u00e0 la newsletter Ahearn &amp; Soper.","robots":{"index":"index","follow":"follow","max-snippet":"max-snippet:-1","max-image-preview":"max-image-preview:large","max-video-preview":"max-video-preview:-1"},"canonical":"https:\/\/www.ahearn.com\/fr\/newsletter\/","og_locale":"fr_CA","og_type":"article","og_title":"Ahearn & Soper | proVIsion WMS | Newsletter Sign-Up","og_description":"Sign up for news and updates by signing up to the Ahearn & Soper newsletter.","og_url":"https:\/\/www.ahearn.com\/fr\/newsletter\/","og_site_name":"Ahearn &amp; Soper | proVision WMS","article_modified_time":"2020-12-04T16:28:11+00:00","twitter_card":"summary_large_image","twitter_misc":{"Estimation du temps de lecture":"2 minutes"},"schema":{"@context":"https:\/\/schema.org","@graph":[{"@type":"WebPage","@id":"https:\/\/www.ahearn.com\/newsletter\/","url":"https:\/\/www.ahearn.com\/newsletter\/","name":"Ahearn &amp; Soper | proVIsion WMS | Inscription \u00e0 la newsletter","isPartOf":{"@id":"https:\/\/www.ahearn.com\/#website"},"datePublished":"2020-04-08T16:51:17+00:00","dateModified":"2020-12-04T16:28:11+00:00","description":"Inscrivez-vous aux nouvelles et mises \u00e0 jour en vous inscrivant \u00e0 la newsletter Ahearn &amp; Soper.","breadcrumb":{"@id":"https:\/\/www.ahearn.com\/newsletter\/#breadcrumb"},"inLanguage":"fr-CA","potentialAction":[{"@type":"ReadAction","target":["https:\/\/www.ahearn.com\/newsletter\/"]}]},{"@type":"BreadcrumbList","@id":"https:\/\/www.ahearn.com\/newsletter\/#breadcrumb","itemListElement":[{"@type":"ListItem","position":1,"name":"Home","item":"https:\/\/www.ahearn.com\/"},{"@type":"ListItem","position":2,"name":"Newsletter"}]},{"@type":"WebSite","@id":"https:\/\/www.ahearn.com\/#website","url":"https:\/\/www.ahearn.com\/","name":"Ahearn &amp; Soper | proVision WMS","description":"","potentialAction":[{"@type":"SearchAction","target":{"@type":"EntryPoint","urlTemplate":"https:\/\/www.ahearn.com\/?s={search_term_string}"},"query-input":{"@type":"PropertyValueSpecification","valueRequired":true,"valueName":"search_term_string"}}],"inLanguage":"fr-CA"}]}},"_links":{"self":[{"href":"https:\/\/www.ahearn.com\/fr\/wp-json\/wp\/v2\/pages\/4664","targetHints":{"allow":["GET"]}}],"collection":[{"href":"https:\/\/www.ahearn.com\/fr\/wp-json\/wp\/v2\/pages"}],"about":[{"href":"https:\/\/www.ahearn.com\/fr\/wp-json\/wp\/v2\/types\/page"}],"author":[{"embeddable":true,"href":"https:\/\/www.ahearn.com\/fr\/wp-json\/wp\/v2\/users\/2"}],"replies":[{"embeddable":true,"href":"https:\/\/www.ahearn.com\/fr\/wp-json\/wp\/v2\/comments?post=4664"}],"version-history":[{"count":3,"href":"https:\/\/www.ahearn.com\/fr\/wp-json\/wp\/v2\/pages\/4664\/revisions"}],"predecessor-version":[{"id":6965,"href":"https:\/\/www.ahearn.com\/fr\/wp-json\/wp\/v2\/pages\/4664\/revisions\/6965"}],"wp:attachment":[{"href":"https:\/\/www.ahearn.com\/fr\/wp-json\/wp\/v2\/media?parent=4664"}],"curies":[{"name":"wp","href":"https:\/\/api.w.org\/{rel}","templated":true}]}}