{"id":3445,"date":"2020-03-05T15:09:44","date_gmt":"2020-03-05T15:09:44","guid":{"rendered":"http:\/\/dev.ahearn.com\/?page_id=3445"},"modified":"2020-03-05T15:11:37","modified_gmt":"2020-03-05T15:11:37","slug":"company-presentation","status":"publish","type":"page","link":"https:\/\/www.ahearn.com\/fr\/company-presentation\/","title":{"rendered":"Pr\u00e9sentation de la soci\u00e9t\u00e9"},"content":{"rendered":"<div id=\"fws_69d003785cb87\"  data-column-margin=\"default\" data-midnight=\"dark\"  class=\"wpb_row vc_row-fluid vc_row standard_section\"  style=\"padding-top: 0px; padding-bottom: 0px; \"><div class=\"row-bg-wrap\" data-bg-animation=\"none\" data-bg-overlay=\"false\"><div class=\"inner-wrap\"><div class=\"row-bg\"  style=\"\"><\/div><\/div><div class=\"row-bg-overlay\" ><\/div><\/div><div class=\"row_col_wrap_12 col span_12 dark left\">\n\t<div  class=\"vc_col-sm-12 wpb_column column_container vc_column_container col no-extra-padding\"  data-t-w-inherits=\"default\" data-bg-cover=\"\" data-padding-pos=\"all\" data-has-bg-color=\"false\" data-bg-color=\"\" data-bg-opacity=\"1\" data-hover-bg=\"\" data-hover-bg-opacity=\"1\" data-animation=\"\" data-delay=\"0\" >\n\t\t<div class=\"vc_column-inner\" ><div class=\"column-bg-overlay-wrap\" data-bg-animation=\"none\"><div class=\"column-bg-overlay\"><\/div><\/div>\n\t\t\t<div class=\"wpb_wrapper\">\n\t\t\t\t<h2 style=\"text-align: center;font-family:Lato;font-weight:400;font-style:normal\" class=\"vc_custom_heading\" >Pr\u00e9sentation de la soci\u00e9t\u00e9 <\/h2>\n\t\t\t<\/div> \n\t\t<\/div>\n\t<\/div> \n<\/div><\/div>\n\t\t<div id=\"fws_69d003785d82b\"  data-column-margin=\"default\" data-midnight=\"dark\"  class=\"wpb_row vc_row-fluid vc_row standard_section\"  style=\"padding-top: 0px; padding-bottom: 0px; \"><div class=\"row-bg-wrap\" data-bg-animation=\"none\" data-bg-overlay=\"false\"><div class=\"inner-wrap\"><div class=\"row-bg\"  style=\"\"><\/div><\/div><div class=\"row-bg-overlay\" ><\/div><\/div><div class=\"row_col_wrap_12 col span_12 dark left\">\n\t<div  class=\"vc_col-sm-12 wpb_column column_container vc_column_container col no-extra-padding\"  data-t-w-inherits=\"default\" data-bg-cover=\"\" data-padding-pos=\"all\" data-has-bg-color=\"false\" data-bg-color=\"\" data-bg-opacity=\"1\" data-hover-bg=\"\" data-hover-bg-opacity=\"1\" data-animation=\"\" data-delay=\"0\" >\n\t\t<div class=\"vc_column-inner\" ><div class=\"column-bg-overlay-wrap\" data-bg-animation=\"none\"><div class=\"column-bg-overlay\"><\/div><\/div>\n\t\t\t<div class=\"wpb_wrapper\">\n\t\t\t\t\n\t<div class=\"wpb_raw_code wpb_content_element wpb_raw_html\" >\n\t\t<div class=\"wpb_wrapper\">\n\t\t\t<div\n class=\"canva-embed\"\n data-design-id=\"DAD1ncDXiNI\"\n data-height-ratio=\"0.5625\"\n style=\"padding:56.2500% 5px 5px 5px;background:rgba(0,0,0,0.03);border-radius:8px;\"\n><\/div>\n<script async src=\"https:&#x2F;&#x2F;sdk.canva.com&#x2F;v1&#x2F;embed.js\"><\/script>\n<a href=\"https:\/\/\/fr\/&\/#x2F;&#x2F;www.canva.com&#x2F;design&#x2F;DAD1ncDXiNI&#x2F;view?utm_content=DAD1ncDXiNI&amp;utm_campaign=designshare&amp;utm_medium=embeds&amp;utm_source=link\" target=\"_blank\" rel=\"noopener\">Copie de Ahearn &amp; Soper | Pr\u00e9sentation de l&#039;entreprise<\/a> par <a href=\"https:\/\/\/fr\/&\/#x2F;&#x2F;www.canva.com&#x2F;GarethMcKetty?utm_campaign=designshare&amp;utm_medium=embeds&amp;utm_source=link\" target=\"_blank\" rel=\"noopener\">Gareth McKetty<\/a>\n\t\t<\/div>\n\t<\/div>\n\n\t\t\t<\/div> \n\t\t<\/div>\n\t<\/div> \n<\/div><\/div>","protected":false},"excerpt":{"rendered":"Company Presentation Copy of Ahearn &amp; Soper | Company Overview by Gareth McKetty","protected":false},"author":2,"featured_media":0,"parent":0,"menu_order":0,"comment_status":"closed","ping_status":"closed","template":"","meta":{"footnotes":""},"class_list":["post-3445","page","type-page","status-publish"],"yoast_head":"<!-- This site is optimized with the Yoast SEO plugin v27.2 - https:\/\/yoast.com\/product\/yoast-seo-wordpress\/ -->\r\n<title>Ahearn &amp; Soper | proVision WMS | Company Presentation<\/title>\r\n<meta name=\"description\" content=\"Learn more about Ahearn &amp; Soper as a business from our company presentation and how we can improve your busienss today.\" \/>\r\n<meta name=\"robots\" content=\"index, follow, max-snippet:-1, max-image-preview:large, max-video-preview:-1\" \/>\r\n<link rel=\"canonical\" href=\"https:\/\/www.ahearn.com\/fr\/company-presentation\/\" \/>\r\n<meta property=\"og:locale\" content=\"fr_CA\" \/>\r\n<meta property=\"og:type\" content=\"article\" \/>\r\n<meta property=\"og:title\" content=\"Ahearn &amp; Soper | proVision WMS | Company Presentation\" \/>\r\n<meta property=\"og:description\" content=\"Learn more about Ahearn &amp; Soper as a business from our company presentation and how we can improve your busienss today.\" \/>\r\n<meta property=\"og:url\" content=\"https:\/\/www.ahearn.com\/fr\/company-presentation\/\" \/>\r\n<meta property=\"og:site_name\" content=\"Ahearn &amp; Soper | proVision WMS\" \/>\r\n<meta property=\"article:modified_time\" content=\"2020-03-05T15:11:37+00:00\" \/>\r\n<meta name=\"twitter:card\" content=\"summary_large_image\" \/>\r\n<meta name=\"twitter:label1\" content=\"Estimation du temps de lecture\" \/>\n\t<meta name=\"twitter:data1\" content=\"2 minutes\" \/>\r\n<script type=\"application\/ld+json\" class=\"yoast-schema-graph\">{\"@context\":\"https:\/\/schema.org\",\"@graph\":[{\"@type\":\"WebPage\",\"@id\":\"https:\/\/www.ahearn.com\/company-presentation\/\",\"url\":\"https:\/\/www.ahearn.com\/company-presentation\/\",\"name\":\"Ahearn & Soper | proVision WMS | Company Presentation\",\"isPartOf\":{\"@id\":\"https:\/\/www.ahearn.com\/#website\"},\"datePublished\":\"2020-03-05T15:09:44+00:00\",\"dateModified\":\"2020-03-05T15:11:37+00:00\",\"description\":\"Learn more about Ahearn & Soper as a business from our company presentation and how we can improve your busienss today.\",\"breadcrumb\":{\"@id\":\"https:\/\/www.ahearn.com\/company-presentation\/#breadcrumb\"},\"inLanguage\":\"fr-CA\",\"potentialAction\":[{\"@type\":\"ReadAction\",\"target\":[\"https:\/\/www.ahearn.com\/company-presentation\/\"]}]},{\"@type\":\"BreadcrumbList\",\"@id\":\"https:\/\/www.ahearn.com\/company-presentation\/#breadcrumb\",\"itemListElement\":[{\"@type\":\"ListItem\",\"position\":1,\"name\":\"Home\",\"item\":\"https:\/\/www.ahearn.com\/\"},{\"@type\":\"ListItem\",\"position\":2,\"name\":\"Company Presentation\"}]},{\"@type\":\"WebSite\",\"@id\":\"https:\/\/www.ahearn.com\/#website\",\"url\":\"https:\/\/www.ahearn.com\/\",\"name\":\"Ahearn &amp; Soper | proVision WMS\",\"description\":\"\",\"potentialAction\":[{\"@type\":\"SearchAction\",\"target\":{\"@type\":\"EntryPoint\",\"urlTemplate\":\"https:\/\/www.ahearn.com\/?s={search_term_string}\"},\"query-input\":{\"@type\":\"PropertyValueSpecification\",\"valueRequired\":true,\"valueName\":\"search_term_string\"}}],\"inLanguage\":\"fr-CA\"}]}<\/script>\r\n<!-- \/ Yoast SEO plugin. -->","yoast_head_json":{"title":"Ahearn &amp; Soper | proVision WMS | Pr\u00e9sentation de la soci\u00e9t\u00e9","description":"Apprenez-en plus sur Ahearn &amp; Soper en tant qu&#039;entreprise gr\u00e2ce \u00e0 la pr\u00e9sentation de notre entreprise et comment nous pouvons am\u00e9liorer votre entreprise aujourd&#039;hui.","robots":{"index":"index","follow":"follow","max-snippet":"max-snippet:-1","max-image-preview":"max-image-preview:large","max-video-preview":"max-video-preview:-1"},"canonical":"https:\/\/www.ahearn.com\/fr\/company-presentation\/","og_locale":"fr_CA","og_type":"article","og_title":"Ahearn & Soper | proVision WMS | Company Presentation","og_description":"Learn more about Ahearn & Soper as a business from our company presentation and how we can improve your busienss today.","og_url":"https:\/\/www.ahearn.com\/fr\/company-presentation\/","og_site_name":"Ahearn &amp; Soper | proVision WMS","article_modified_time":"2020-03-05T15:11:37+00:00","twitter_card":"summary_large_image","twitter_misc":{"Estimation du temps de lecture":"2 minutes"},"schema":{"@context":"https:\/\/schema.org","@graph":[{"@type":"WebPage","@id":"https:\/\/www.ahearn.com\/company-presentation\/","url":"https:\/\/www.ahearn.com\/company-presentation\/","name":"Ahearn &amp; Soper | proVision WMS | Pr\u00e9sentation de la soci\u00e9t\u00e9","isPartOf":{"@id":"https:\/\/www.ahearn.com\/#website"},"datePublished":"2020-03-05T15:09:44+00:00","dateModified":"2020-03-05T15:11:37+00:00","description":"Apprenez-en plus sur Ahearn &amp; Soper en tant qu&#039;entreprise gr\u00e2ce \u00e0 la pr\u00e9sentation de notre entreprise et comment nous pouvons am\u00e9liorer votre entreprise aujourd&#039;hui.","breadcrumb":{"@id":"https:\/\/www.ahearn.com\/company-presentation\/#breadcrumb"},"inLanguage":"fr-CA","potentialAction":[{"@type":"ReadAction","target":["https:\/\/www.ahearn.com\/company-presentation\/"]}]},{"@type":"BreadcrumbList","@id":"https:\/\/www.ahearn.com\/company-presentation\/#breadcrumb","itemListElement":[{"@type":"ListItem","position":1,"name":"Home","item":"https:\/\/www.ahearn.com\/"},{"@type":"ListItem","position":2,"name":"Company Presentation"}]},{"@type":"WebSite","@id":"https:\/\/www.ahearn.com\/#website","url":"https:\/\/www.ahearn.com\/","name":"Ahearn &amp; Soper | proVision WMS","description":"","potentialAction":[{"@type":"SearchAction","target":{"@type":"EntryPoint","urlTemplate":"https:\/\/www.ahearn.com\/?s={search_term_string}"},"query-input":{"@type":"PropertyValueSpecification","valueRequired":true,"valueName":"search_term_string"}}],"inLanguage":"fr-CA"}]}},"_links":{"self":[{"href":"https:\/\/www.ahearn.com\/fr\/wp-json\/wp\/v2\/pages\/3445","targetHints":{"allow":["GET"]}}],"collection":[{"href":"https:\/\/www.ahearn.com\/fr\/wp-json\/wp\/v2\/pages"}],"about":[{"href":"https:\/\/www.ahearn.com\/fr\/wp-json\/wp\/v2\/types\/page"}],"author":[{"embeddable":true,"href":"https:\/\/www.ahearn.com\/fr\/wp-json\/wp\/v2\/users\/2"}],"replies":[{"embeddable":true,"href":"https:\/\/www.ahearn.com\/fr\/wp-json\/wp\/v2\/comments?post=3445"}],"version-history":[{"count":4,"href":"https:\/\/www.ahearn.com\/fr\/wp-json\/wp\/v2\/pages\/3445\/revisions"}],"predecessor-version":[{"id":3449,"href":"https:\/\/www.ahearn.com\/fr\/wp-json\/wp\/v2\/pages\/3445\/revisions\/3449"}],"wp:attachment":[{"href":"https:\/\/www.ahearn.com\/fr\/wp-json\/wp\/v2\/media?parent=3445"}],"curies":[{"name":"wp","href":"https:\/\/api.w.org\/{rel}","templated":true}]}}