{"id":2530,"date":"2020-01-20T20:15:55","date_gmt":"2020-01-20T20:15:55","guid":{"rendered":"http:\/\/dev.ahearn.com\/?page_id=2530"},"modified":"2025-05-05T15:28:03","modified_gmt":"2025-05-05T15:28:03","slug":"cards-for-printers","status":"publish","type":"page","link":"https:\/\/www.ahearn.com\/fr\/cartes-pour-imprimantes\/","title":{"rendered":"Cartes pour imprimantes"},"content":{"rendered":"<div id=\"fws_69e206ce39cf1\"  data-column-margin=\"default\" data-midnight=\"dark\"  class=\"wpb_row vc_row-fluid vc_row standard_section\"  style=\"padding-top: 0px; padding-bottom: 0px; \"><div class=\"row-bg-wrap\" data-bg-animation=\"none\" data-bg-overlay=\"false\"><div class=\"inner-wrap\"><div class=\"row-bg\"  style=\"\"><\/div><\/div><div class=\"row-bg-overlay\" ><\/div><\/div><div class=\"row_col_wrap_12 col span_12 dark left\">\n\t<div  class=\"vc_col-sm-12 wpb_column column_container vc_column_container col no-extra-padding inherit_tablet inherit_phone\"  data-t-w-inherits=\"default\" data-bg-cover=\"\" data-padding-pos=\"all\" data-has-bg-color=\"false\" data-bg-color=\"\" data-bg-opacity=\"1\" data-hover-bg=\"\" data-hover-bg-opacity=\"1\" data-animation=\"\" data-delay=\"0\" >\n\t\t<div class=\"vc_column-inner\" ><div class=\"column-bg-overlay-wrap\" data-bg-animation=\"none\"><div class=\"column-bg-overlay\"><\/div><\/div>\n\t\t\t<div class=\"wpb_wrapper\">\n\t\t\t\t<div class=\"divider-wrap\" data-alignment=\"default\"><div style=\"height: 25px;\" class=\"divider\"><\/div><\/div><h1 style=\"font-size: 30px;text-align: center;font-family:Lato;font-weight:400;font-style:normal\" class=\"vc_custom_heading\" >Cartes pour imprimantes<\/h1>\r\n<div class=\"wpb_text_column wpb_content_element\" >\r\n\t<div class=\"wpb_wrapper\">\r\n\t\t<p>Qu&#039;il s&#039;agisse de cartes d&#039;identit\u00e9 pour votre personnel ou de fournir une solution du point de vue de la s\u00e9curit\u00e9 pour les visiteurs de votre entreprise, les cartes d&#039;identit\u00e9 offrent le contr\u00f4le et la polyvalence qui sont n\u00e9cessaires dans une gamme de domaines pour renforcer la s\u00e9curit\u00e9. Avec plus de 35 ans d&#039;exp\u00e9rience dans les applications de cartes d&#039;identit\u00e9, Ahearn &amp; Soper est fier de s&#039;associer avec les fabricants de haut niveau de l&#039;industrie des cartes d&#039;identit\u00e9.<\/p>\n<p>Ahearn &amp; Soper propose une vari\u00e9t\u00e9 de cartes Prox PVC, pr\u00e9-imprim\u00e9es, intelligentes et HID. Pour plus d&#039;informations sur notre gamme de cartes d&#039;identit\u00e9, veuillez nous contacter d\u00e8s aujourd&#039;hui.<\/p>\n\t<\/div>\r\n<\/div>\r\n\r\n\r\n\r\n<div id=\"fws_69e206ce3ac0b\" data-midnight=\"\" data-column-margin=\"default\" class=\"wpb_row vc_row-fluid vc_row inner_row standard_section\"  style=\"padding-top: 0px; padding-bottom: 0px; \"><div class=\"row-bg-wrap\"> <div class=\"row-bg\" ><\/div> <\/div><div class=\"row_col_wrap_12_inner col span_12  left\">\n\t<div  class=\"vc_col-sm-12 wpb_column column_container vc_column_container col child_column no-extra-padding inherit_tablet inherit_phone\"   data-t-w-inherits=\"default\" data-bg-cover=\"\" data-padding-pos=\"all\" data-has-bg-color=\"false\" data-bg-color=\"\" data-bg-opacity=\"1\" data-hover-bg=\"\" data-hover-bg-opacity=\"1\" data-animation=\"\" data-delay=\"0\">\n\t\t<div class=\"vc_column-inner\" ><div class=\"column-bg-overlay-wrap\" data-bg-animation=\"none\"><div class=\"column-bg-overlay\"><\/div><\/div>\n\t\t<div class=\"wpb_wrapper\">\n\t\t\t\n\t\t<\/div> \n\t<\/div>\n\t<\/div> \n<\/div><\/div>\n\t\t\t<\/div> \n\t\t<\/div>\n\t<\/div> \n<\/div><\/div>\n\t\t<div id=\"fws_69e206ce3b122\"  data-column-margin=\"default\" data-midnight=\"dark\"  class=\"wpb_row vc_row-fluid vc_row full-width-content  vc_row-o-equal-height vc_row-flex  vc_row-o-content-middle standard_section\"  style=\"padding-top: 0px; padding-bottom: 0px; \"><div class=\"row-bg-wrap\" data-bg-animation=\"none\" data-bg-overlay=\"false\"><div class=\"inner-wrap\"><div class=\"row-bg\"  style=\"\"><\/div><\/div><div class=\"row-bg-overlay\" ><\/div><\/div><div class=\"row_col_wrap_12 col span_12 dark left\">\n\t<div style=\"\" class=\"vc_col-sm-6 wpb_column column_container vc_column_container col centered-text padding-10-percent inherit_tablet inherit_phone\" data-using-bg=\"true\" data-t-w-inherits=\"default\" data-bg-cover=\"\" data-padding-pos=\"all\" data-has-bg-color=\"true\" data-bg-color=\"#f7f7f7\" data-bg-opacity=\"1\" data-hover-bg=\"\" data-hover-bg-opacity=\"1\" data-animation=\"\" data-delay=\"0\" >\n\t\t<div class=\"vc_column-inner\" ><div class=\"column-bg-overlay-wrap\" data-bg-animation=\"none\"><div class=\"column-bg-overlay\" style=\"opacity: 1; background-color: #f7f7f7;\"><\/div><\/div>\n\t\t\t<div class=\"wpb_wrapper\">\n\t\t\t\t<div class=\"nectar_icon_wrap\" data-style=\"border-basic\" data-draw=\"\" data-border-thickness=\"2px\" data-padding=\"25px\" data-color=\"black\" style=\"margin-bottom: 15px; \" >\r\n\t\t<div class=\"nectar_icon\" ><i style=\"font-size: 40px; line-height: 60px; height: 60px; width: 60px;\" class=\"fa fa-at\"><\/i><\/div>\r\n\t<\/div><div class=\"divider-wrap\" data-alignment=\"default\"><div style=\"height: 10px;\" class=\"divider\"><\/div><\/div>\r\n<div class=\"wpb_text_column wpb_content_element\" style=\" max-width: 315px; display: inline-block;\">\r\n\t<div class=\"wpb_wrapper\">\r\n\t\t<h2 style=\"font-size:25px;\">Contactez Ahearn &amp; Soper<\/h2>\n\t<\/div>\r\n<\/div>\r\n\r\n\r\n\r\n<div class=\"divider-wrap\" data-alignment=\"default\"><div style=\"height: 5px;\" class=\"divider\"><\/div><\/div>\r\n<div class=\"wpb_text_column wpb_content_element  vc_custom_1746458718439\" style=\" max-width: 350px; display: inline-block;\">\r\n\t<div class=\"wpb_wrapper\">\r\n\t\t<p><span style=\"color: #000;\">Pour en savoir plus sur nos produits et services, contactez-nous d\u00e8s aujourd&#039;hui.<\/span><\/p>\n\t<\/div>\r\n<\/div>\r\n\r\n\r\n\r\n<div class=\"nectar-cta\" data-color=\"default\" data-using-bg=\"false\" data-style=\"see-through\" data-display=\"block\" data-alignment=\"center\" data-text-color=\"custom\" ><h3 style=\"color: #000000;\"> <span class=\"text\"> <\/span><span class=\"link_wrap\" ><a  class=\"link_text\" href=\"http:\/\/www.ahearn.com\/fr\/contact-us\/\">Contactez-nous d\u00e8s aujourd&#039;hui<span class=\"arrow\"><\/span><\/a><\/span><\/h3><\/div>\n\t\t\t<\/div> \n\t\t<\/div>\n\t<\/div> \n\n\t<div style=\"\" class=\"vc_col-sm-6 wpb_column column_container vc_column_container col centered-text padding-10-percent inherit_tablet inherit_phone\" data-using-bg=\"true\" data-t-w-inherits=\"default\" data-bg-cover=\"\" data-padding-pos=\"all\" data-has-bg-color=\"true\" data-bg-color=\"#ffffff\" data-bg-opacity=\"1\" data-hover-bg=\"\" data-hover-bg-opacity=\"1\" data-animation=\"\" data-delay=\"0\" >\n\t\t<div class=\"vc_column-inner\" ><div class=\"column-bg-overlay-wrap\" data-bg-animation=\"none\"><div class=\"column-bg-overlay\" style=\"opacity: 1; background-color: #ffffff;\"><\/div><\/div>\n\t\t\t<div class=\"wpb_wrapper\">\n\t\t\t\t<div class=\"nectar_icon_wrap\" data-style=\"border-basic\" data-draw=\"\" data-border-thickness=\"2px\" data-padding=\"25px\" data-color=\"extra-color-3\" style=\"margin-bottom: 15px; \" >\r\n\t\t<div class=\"nectar_icon\" ><i style=\"font-size: 40px; line-height: 60px; height: 60px; width: 60px;\" class=\"fa fa-shopping-cart\"><\/i><\/div>\r\n\t<\/div><div class=\"divider-wrap\" data-alignment=\"default\"><div style=\"height: 10px;\" class=\"divider\"><\/div><\/div>\r\n<div class=\"wpb_text_column wpb_content_element\" style=\" max-width: 315px; display: inline-block;\">\r\n\t<div class=\"wpb_wrapper\">\r\n\t\t<h2 style=\"font-size:25px;\">Visitez notre boutique en ligne<\/h2>\n\t<\/div>\r\n<\/div>\r\n\r\n\r\n\r\n<div class=\"divider-wrap\" data-alignment=\"default\"><div style=\"height: 5px;\" class=\"divider\"><\/div><\/div>\r\n<div class=\"wpb_text_column wpb_content_element  vc_custom_1746458806550\" style=\" max-width: 350px; display: inline-block;\">\r\n\t<div class=\"wpb_wrapper\">\r\n\t\t<p><span style=\"color: #000;\">Visitez notre boutique en ligne pour voir notre gamme de produits des meilleurs fabricants de l&#039;industrie<\/span><\/p>\n\t<\/div>\r\n<\/div>\r\n\r\n\r\n\r\n<div class=\"nectar-cta\" data-color=\"default\" data-using-bg=\"false\" data-style=\"see-through\" data-display=\"block\" data-alignment=\"center\" data-text-color=\"custom\" ><h3 style=\"color: #000000;\"> <span class=\"text\"> <\/span><span class=\"link_wrap\" ><a  class=\"link_text\" href=\"http:\/\/storefront.ahearn.com\/\">Voir notre boutique en ligne<span class=\"arrow\"><\/span><\/a><\/span><\/h3><\/div>\n\t\t\t<\/div> \n\t\t<\/div>\n\t<\/div> \n<\/div><\/div>\n\t\t<div id=\"fws_69e206ce3c27a\"  data-column-margin=\"default\" data-midnight=\"light\"  class=\"wpb_row vc_row-fluid vc_row full-width-section  vc_row-o-equal-height vc_row-flex  vc_row-o-content-middle standard_section\"  style=\"padding-top: 80px; padding-bottom: 80px; \"><div class=\"row-bg-wrap\" data-bg-animation=\"none\" data-bg-overlay=\"true\"><div class=\"inner-wrap\"><div class=\"row-bg\"  style=\"\"><\/div><\/div><div class=\"row-bg-overlay\" style=\"background-color:#223f56;  opacity: 0.95; \"><\/div><\/div><div class=\"row_col_wrap_12 col span_12 light left\">\n\t<div  class=\"vc_col-sm-5 wpb_column column_container vc_column_container col no-extra-padding inherit_tablet inherit_phone\"  data-t-w-inherits=\"default\" data-bg-cover=\"\" data-padding-pos=\"all\" data-has-bg-color=\"false\" data-bg-color=\"\" data-bg-opacity=\"1\" data-hover-bg=\"\" data-hover-bg-opacity=\"1\" data-animation=\"\" data-delay=\"0\" >\n\t\t<div class=\"vc_column-inner\" ><div class=\"column-bg-overlay-wrap\" data-bg-animation=\"none\"><div class=\"column-bg-overlay\"><\/div><\/div>\n\t\t\t<div class=\"wpb_wrapper\">\n\t\t\t\t<div class=\"nectar-highlighted-text\" data-style=\"full_text\" data-using-custom-color=\"false\" data-animation-delay=\"false\" data-color=\"\" data-color-gradient=\"\" style=\"\">\n<h3>Inscrivez-vous aux nouvelles d&#039;Ahearn &amp; Soper<\/h3>\n<p>Depuis 1975, Ahearn &amp; Soper Inc. fournit des logiciels de codes \u00e0 barres et d&#039;identification, du mat\u00e9riel, des fournitures et des services qui am\u00e9liorent la pr\u00e9cision, le suivi et l&#039;efficacit\u00e9 des op\u00e9rations de distribution, de fabrication et de soins de sant\u00e9.<\/div>\n\t\t\t<\/div> \n\t\t<\/div>\n\t<\/div> \n\n\t<div  class=\"vc_col-sm-1 wpb_column column_container vc_column_container col no-extra-padding inherit_tablet inherit_phone\"  data-t-w-inherits=\"default\" data-bg-cover=\"\" data-padding-pos=\"all\" data-has-bg-color=\"false\" data-bg-color=\"\" data-bg-opacity=\"1\" data-hover-bg=\"\" data-hover-bg-opacity=\"1\" data-animation=\"\" data-delay=\"0\" >\n\t\t<div class=\"vc_column-inner\" ><div class=\"column-bg-overlay-wrap\" data-bg-animation=\"none\"><div class=\"column-bg-overlay\"><\/div><\/div>\n\t\t\t<div class=\"wpb_wrapper\">\n\t\t\t\t\n\t\t\t<\/div> \n\t\t<\/div>\n\t<\/div> \n\n\t<div  class=\"vc_col-sm-6 wpb_column column_container vc_column_container col no-extra-padding inherit_tablet inherit_phone\"  data-t-w-inherits=\"default\" data-bg-cover=\"\" data-padding-pos=\"all\" data-has-bg-color=\"false\" data-bg-color=\"\" data-bg-opacity=\"1\" data-hover-bg=\"\" data-hover-bg-opacity=\"1\" data-animation=\"\" data-delay=\"0\" >\n\t\t<div class=\"vc_column-inner\" ><div class=\"column-bg-overlay-wrap\" data-bg-animation=\"none\"><div class=\"column-bg-overlay\"><\/div><\/div>\n\t\t\t<div class=\"wpb_wrapper\">\n\t\t\t\t<div id=\"fws_69e206ce3c915\" data-midnight=\"\" data-column-margin=\"default\" class=\"wpb_row vc_row-fluid vc_row inner_row standard_section\"  style=\"padding-top: 0px; padding-bottom: 0px; \"><div class=\"row-bg-wrap\"> <div class=\"row-bg\" ><\/div> <\/div><div class=\"row_col_wrap_12_inner col span_12  right\">\n\t<div  class=\"vc_col-sm-12 wpb_column column_container vc_column_container col child_column no-extra-padding inherit_tablet inherit_phone\"   data-t-w-inherits=\"default\" data-bg-cover=\"\" data-padding-pos=\"all\" data-has-bg-color=\"false\" data-bg-color=\"\" data-bg-opacity=\"1\" data-hover-bg=\"\" data-hover-bg-opacity=\"1\" data-animation=\"\" data-delay=\"0\">\n\t\t<div class=\"vc_column-inner\" ><div class=\"column-bg-overlay-wrap\" data-bg-animation=\"none\"><div class=\"column-bg-overlay\"><\/div><\/div>\n\t\t<div class=\"wpb_wrapper\">\n\t\t\t<a class=\"nectar-button jumbo see-through-2  has-icon\"  style=\"border-color: #ffffff; color: #ffffff;\"  href=\"http:\/\/www.ahearn.com\/fr\/newsletter\/\" data-color-override=\"#ffffff\"  data-hover-color-override=\"#ffffff\" data-hover-text-color-override=\"#000000\"><span>S&#039;inscrire maintenant<\/span><i  class=\"icon-button-arrow\"><\/i><\/a>\n\t\t<\/div> \n\t<\/div>\n\t<\/div> \n<\/div><\/div>\n\t\t\t<\/div> \n\t\t<\/div>\n\t<\/div> \n<\/div><\/div>","protected":false},"excerpt":{"rendered":"Cards for Printers Whether it\u2019s ID cards for your staff or to provide a solution from a security perspective for visitors within your business, ID cards offer control and versatility...","protected":false},"author":2,"featured_media":4477,"parent":0,"menu_order":0,"comment_status":"closed","ping_status":"closed","template":"","meta":{"footnotes":""},"class_list":["post-2530","page","type-page","status-publish","has-post-thumbnail"],"yoast_head":"<!-- This site is optimized with the Yoast SEO plugin v27.2 - https:\/\/yoast.com\/product\/yoast-seo-wordpress\/ -->\r\n<title>Cards for Printers | Supplies | Identification | Ahearn &amp; Soper<\/title>\r\n<meta name=\"description\" content=\"Ahearn and Soper provide ID card solutions. We offer a unique range of PVC cards and Smartcards for a selection of ID cards for printers\" \/>\r\n<meta name=\"robots\" content=\"index, follow, max-snippet:-1, max-image-preview:large, max-video-preview:-1\" \/>\r\n<link rel=\"canonical\" href=\"https:\/\/www.ahearn.com\/fr\/cards-for-printers\/\" \/>\r\n<meta property=\"og:locale\" content=\"fr_CA\" \/>\r\n<meta property=\"og:type\" content=\"article\" \/>\r\n<meta property=\"og:title\" content=\"Cards for Printers | Supplies | Identification | Ahearn &amp; Soper\" \/>\r\n<meta property=\"og:description\" content=\"Ahearn and Soper provide ID card solutions. We offer a unique range of PVC cards and Smartcards for a selection of ID cards for printers\" \/>\r\n<meta property=\"og:url\" content=\"https:\/\/www.ahearn.com\/fr\/cards-for-printers\/\" \/>\r\n<meta property=\"og:site_name\" content=\"Ahearn &amp; Soper | proVision WMS\" \/>\r\n<meta property=\"article:modified_time\" content=\"2025-05-05T15:28:03+00:00\" \/>\r\n<meta property=\"og:image\" content=\"https:\/\/www.ahearn.com\/wp-content\/uploads\/2020\/01\/zxp-zebra.jpg\" \/>\r\n\t<meta property=\"og:image:width\" content=\"1280\" \/>\r\n\t<meta property=\"og:image:height\" content=\"454\" \/>\r\n\t<meta property=\"og:image:type\" content=\"image\/jpeg\" \/>\r\n<meta name=\"twitter:card\" content=\"summary_large_image\" \/>\r\n<meta name=\"twitter:label1\" content=\"Estimation du temps de lecture\" \/>\n\t<meta name=\"twitter:data1\" content=\"6 minutes\" \/>\r\n<script type=\"application\/ld+json\" class=\"yoast-schema-graph\">{\"@context\":\"https:\/\/schema.org\",\"@graph\":[{\"@type\":\"WebPage\",\"@id\":\"https:\/\/www.ahearn.com\/cards-for-printers\/\",\"url\":\"https:\/\/www.ahearn.com\/cards-for-printers\/\",\"name\":\"Cards for Printers | Supplies | Identification | Ahearn & Soper\",\"isPartOf\":{\"@id\":\"https:\/\/www.ahearn.com\/#website\"},\"primaryImageOfPage\":{\"@id\":\"https:\/\/www.ahearn.com\/cards-for-printers\/#primaryimage\"},\"image\":{\"@id\":\"https:\/\/www.ahearn.com\/cards-for-printers\/#primaryimage\"},\"thumbnailUrl\":\"https:\/\/www.ahearn.com\/wp-content\/uploads\/2020\/01\/zxp-zebra.jpg\",\"datePublished\":\"2020-01-20T20:15:55+00:00\",\"dateModified\":\"2025-05-05T15:28:03+00:00\",\"description\":\"Ahearn and Soper provide ID card solutions. We offer a unique range of PVC cards and Smartcards for a selection of ID cards for printers\",\"breadcrumb\":{\"@id\":\"https:\/\/www.ahearn.com\/cards-for-printers\/#breadcrumb\"},\"inLanguage\":\"fr-CA\",\"potentialAction\":[{\"@type\":\"ReadAction\",\"target\":[\"https:\/\/www.ahearn.com\/cards-for-printers\/\"]}]},{\"@type\":\"ImageObject\",\"inLanguage\":\"fr-CA\",\"@id\":\"https:\/\/www.ahearn.com\/cards-for-printers\/#primaryimage\",\"url\":\"https:\/\/www.ahearn.com\/wp-content\/uploads\/2020\/01\/zxp-zebra.jpg\",\"contentUrl\":\"https:\/\/www.ahearn.com\/wp-content\/uploads\/2020\/01\/zxp-zebra.jpg\",\"width\":1280,\"height\":454,\"caption\":\"Cards for printers\"},{\"@type\":\"BreadcrumbList\",\"@id\":\"https:\/\/www.ahearn.com\/cards-for-printers\/#breadcrumb\",\"itemListElement\":[{\"@type\":\"ListItem\",\"position\":1,\"name\":\"Home\",\"item\":\"https:\/\/www.ahearn.com\/\"},{\"@type\":\"ListItem\",\"position\":2,\"name\":\"Cards for Printers\"}]},{\"@type\":\"WebSite\",\"@id\":\"https:\/\/www.ahearn.com\/#website\",\"url\":\"https:\/\/www.ahearn.com\/\",\"name\":\"Ahearn &amp; Soper | proVision WMS\",\"description\":\"\",\"potentialAction\":[{\"@type\":\"SearchAction\",\"target\":{\"@type\":\"EntryPoint\",\"urlTemplate\":\"https:\/\/www.ahearn.com\/?s={search_term_string}\"},\"query-input\":{\"@type\":\"PropertyValueSpecification\",\"valueRequired\":true,\"valueName\":\"search_term_string\"}}],\"inLanguage\":\"fr-CA\"}]}<\/script>\r\n<!-- \/ Yoast SEO plugin. -->","yoast_head_json":{"title":"Cartes pour imprimantes | Fournitures | Identification | Ahearn &amp; Soper","description":"Ahearn et Soper fournissent des solutions de cartes d&#039;identit\u00e9. Nous proposons une gamme unique de cartes PVC et Smartcards pour une s\u00e9lection de cartes d&#039;identit\u00e9 pour imprimantes","robots":{"index":"index","follow":"follow","max-snippet":"max-snippet:-1","max-image-preview":"max-image-preview:large","max-video-preview":"max-video-preview:-1"},"canonical":"https:\/\/www.ahearn.com\/fr\/cards-for-printers\/","og_locale":"fr_CA","og_type":"article","og_title":"Cards for Printers | Supplies | Identification | Ahearn & Soper","og_description":"Ahearn and Soper provide ID card solutions. We offer a unique range of PVC cards and Smartcards for a selection of ID cards for printers","og_url":"https:\/\/www.ahearn.com\/fr\/cards-for-printers\/","og_site_name":"Ahearn &amp; Soper | proVision WMS","article_modified_time":"2025-05-05T15:28:03+00:00","og_image":[{"width":1280,"height":454,"url":"https:\/\/www.ahearn.com\/wp-content\/uploads\/2020\/01\/zxp-zebra.jpg","type":"image\/jpeg"}],"twitter_card":"summary_large_image","twitter_misc":{"Estimation du temps de lecture":"6 minutes"},"schema":{"@context":"https:\/\/schema.org","@graph":[{"@type":"WebPage","@id":"https:\/\/www.ahearn.com\/cards-for-printers\/","url":"https:\/\/www.ahearn.com\/cards-for-printers\/","name":"Cartes pour imprimantes | Fournitures | Identification | Ahearn &amp; Soper","isPartOf":{"@id":"https:\/\/www.ahearn.com\/#website"},"primaryImageOfPage":{"@id":"https:\/\/www.ahearn.com\/cards-for-printers\/#primaryimage"},"image":{"@id":"https:\/\/www.ahearn.com\/cards-for-printers\/#primaryimage"},"thumbnailUrl":"https:\/\/www.ahearn.com\/wp-content\/uploads\/2020\/01\/zxp-zebra.jpg","datePublished":"2020-01-20T20:15:55+00:00","dateModified":"2025-05-05T15:28:03+00:00","description":"Ahearn et Soper fournissent des solutions de cartes d&#039;identit\u00e9. Nous proposons une gamme unique de cartes PVC et Smartcards pour une s\u00e9lection de cartes d&#039;identit\u00e9 pour imprimantes","breadcrumb":{"@id":"https:\/\/www.ahearn.com\/cards-for-printers\/#breadcrumb"},"inLanguage":"fr-CA","potentialAction":[{"@type":"ReadAction","target":["https:\/\/www.ahearn.com\/cards-for-printers\/"]}]},{"@type":"ImageObject","inLanguage":"fr-CA","@id":"https:\/\/www.ahearn.com\/cards-for-printers\/#primaryimage","url":"https:\/\/www.ahearn.com\/wp-content\/uploads\/2020\/01\/zxp-zebra.jpg","contentUrl":"https:\/\/www.ahearn.com\/wp-content\/uploads\/2020\/01\/zxp-zebra.jpg","width":1280,"height":454,"caption":"Cards for printers"},{"@type":"BreadcrumbList","@id":"https:\/\/www.ahearn.com\/cards-for-printers\/#breadcrumb","itemListElement":[{"@type":"ListItem","position":1,"name":"Home","item":"https:\/\/www.ahearn.com\/"},{"@type":"ListItem","position":2,"name":"Cards for Printers"}]},{"@type":"WebSite","@id":"https:\/\/www.ahearn.com\/#website","url":"https:\/\/www.ahearn.com\/","name":"Ahearn &amp; Soper | proVision WMS","description":"","potentialAction":[{"@type":"SearchAction","target":{"@type":"EntryPoint","urlTemplate":"https:\/\/www.ahearn.com\/?s={search_term_string}"},"query-input":{"@type":"PropertyValueSpecification","valueRequired":true,"valueName":"search_term_string"}}],"inLanguage":"fr-CA"}]}},"_links":{"self":[{"href":"https:\/\/www.ahearn.com\/fr\/wp-json\/wp\/v2\/pages\/2530","targetHints":{"allow":["GET"]}}],"collection":[{"href":"https:\/\/www.ahearn.com\/fr\/wp-json\/wp\/v2\/pages"}],"about":[{"href":"https:\/\/www.ahearn.com\/fr\/wp-json\/wp\/v2\/types\/page"}],"author":[{"embeddable":true,"href":"https:\/\/www.ahearn.com\/fr\/wp-json\/wp\/v2\/users\/2"}],"replies":[{"embeddable":true,"href":"https:\/\/www.ahearn.com\/fr\/wp-json\/wp\/v2\/comments?post=2530"}],"version-history":[{"count":20,"href":"https:\/\/www.ahearn.com\/fr\/wp-json\/wp\/v2\/pages\/2530\/revisions"}],"predecessor-version":[{"id":10676,"href":"https:\/\/www.ahearn.com\/fr\/wp-json\/wp\/v2\/pages\/2530\/revisions\/10676"}],"wp:featuredmedia":[{"embeddable":true,"href":"https:\/\/www.ahearn.com\/fr\/wp-json\/wp\/v2\/media\/4477"}],"wp:attachment":[{"href":"https:\/\/www.ahearn.com\/fr\/wp-json\/wp\/v2\/media?parent=2530"}],"curies":[{"name":"wp","href":"https:\/\/api.w.org\/{rel}","templated":true}]}}