{"id":2503,"date":"2020-01-20T19:49:06","date_gmt":"2020-01-20T19:49:06","guid":{"rendered":"http:\/\/dev.ahearn.com\/?page_id=2503"},"modified":"2025-05-07T09:18:27","modified_gmt":"2025-05-07T09:18:27","slug":"labels-for-colour-printers","status":"publish","type":"page","link":"https:\/\/www.ahearn.com\/fr\/etiquettes-pour-imprimantes-couleur\/","title":{"rendered":"\u00c9tiquettes pour imprimantes couleur"},"content":{"rendered":"<div id=\"fws_69dbea353d290\"  data-column-margin=\"default\" data-midnight=\"dark\"  class=\"wpb_row vc_row-fluid vc_row standard_section\"  style=\"padding-top: 0px; padding-bottom: 0px; \"><div class=\"row-bg-wrap\" data-bg-animation=\"none\" data-bg-overlay=\"false\"><div class=\"inner-wrap\"><div class=\"row-bg\"  style=\"\"><\/div><\/div><div class=\"row-bg-overlay\" ><\/div><\/div><div class=\"row_col_wrap_12 col span_12 dark left\">\n\t<div  class=\"vc_col-sm-12 wpb_column column_container vc_column_container col no-extra-padding inherit_tablet inherit_phone\"  data-t-w-inherits=\"default\" data-bg-cover=\"\" data-padding-pos=\"all\" data-has-bg-color=\"false\" data-bg-color=\"\" data-bg-opacity=\"1\" data-hover-bg=\"\" data-hover-bg-opacity=\"1\" data-animation=\"\" data-delay=\"0\" >\n\t\t<div class=\"vc_column-inner\" ><div class=\"column-bg-overlay-wrap\" data-bg-animation=\"none\"><div class=\"column-bg-overlay\"><\/div><\/div>\n\t\t\t<div class=\"wpb_wrapper\">\n\t\t\t\t<div id=\"fws_69dbea353daa9\" data-midnight=\"\" data-column-margin=\"default\" class=\"wpb_row vc_row-fluid vc_row inner_row standard_section\"  style=\"padding-top: 0px; padding-bottom: 0px; \"><div class=\"row-bg-wrap\"> <div class=\"row-bg\" ><\/div> <\/div><div class=\"row_col_wrap_12_inner col span_12  left\">\n\t<div  class=\"vc_col-sm-12 wpb_column column_container vc_column_container col child_column no-extra-padding inherit_tablet inherit_phone\"   data-t-w-inherits=\"default\" data-bg-cover=\"\" data-padding-pos=\"all\" data-has-bg-color=\"false\" data-bg-color=\"\" data-bg-opacity=\"1\" data-hover-bg=\"\" data-hover-bg-opacity=\"1\" data-animation=\"\" data-delay=\"0\">\n\t\t<div class=\"vc_column-inner\" ><div class=\"column-bg-overlay-wrap\" data-bg-animation=\"none\"><div class=\"column-bg-overlay\"><\/div><\/div>\n\t\t<div class=\"wpb_wrapper\">\n\t\t\t<h1 style=\"font-size: 45px;text-align: center;font-family:Lato;font-weight:400;font-style:normal\" class=\"vc_custom_heading\" >\u00c9tiquettes pour imprimantes couleur<\/h1>\n\t\t<\/div> \n\t<\/div>\n\t<\/div> \n<\/div><\/div>\r\n<div class=\"wpb_text_column wpb_content_element\" >\r\n\t<div class=\"wpb_wrapper\">\r\n\t\t<p>Partout au Canada, les entreprises utilisent des \u00e9tiquettes de couleur pour les emballages et sont r\u00e9cemment devenues plus populaires dans les entreprises de distribution, de soins de sant\u00e9 et de fabrication. Certaines des principales raisons pour lesquelles les imprimantes d&#039;\u00e9tiquettes couleur prennent de l&#039;ampleur sont qu&#039;elles donnent aux entreprises la possibilit\u00e9 de se d\u00e9marquer, d&#039;identifier clairement les produits au sein d&#039;un centre de distribution et, dans certains cas, d&#039;attirer l&#039;attention sur la messagerie pour les instructions importantes.<\/p>\n<p>Avec les avanc\u00e9es r\u00e9centes de la technologie d&#039;impression d&#039;\u00e9tiquettes couleur \u00e0 la demande, notre s\u00e9lection d&#039;imprimantes d&#039;\u00e9tiquettes couleur de certains des plus grands fabricants vous offre un contr\u00f4le sur la production d&#039;\u00e9tiquettes couleur. Permet d&#039;imprimer des \u00e9tiquettes couleur professionnelles lorsque vous en avez besoin et les quantit\u00e9s r\u00e9elles lorsque cela est n\u00e9cessaire.<\/p>\n<p>Les exigences des clients \u00e9tant de plus en plus exigeantes et les r\u00e9glementations de conformit\u00e9 peuvent \u00e9galement \u00eatre une des principales raisons pour lesquelles il est maintenant temps d&#039;investir dans des imprimantes d&#039;\u00e9tiquettes couleur. Les imprimantes couleur peuvent \u00eatre utilis\u00e9es pour mettre en \u00e9vidence des informations importantes concernant le contenu; du lot, les codes de date et l&#039;identification des mati\u00e8res dangereuses. L&#039;impression d&#039;\u00e9tiquettes couleur \u00e0 la demande pr\u00e9sente de nombreux avantages, notamment la flexibilit\u00e9, les \u00e9conomies de co\u00fbts, la fiabilit\u00e9 et l&#039;impression \u00e0 grande vitesse.<\/p>\n<p>Chez Ahearn &amp; Soper, nous sommes fiers de la qualit\u00e9 de nos \u00e9tiquettes et utilisons uniquement du mat\u00e9riel certifi\u00e9 Epson certifi\u00e9. Que vous ayez besoin d&#039;\u00e9tiquettes chimiques pour les applications d&#039;\u00e9tiquetage les plus durables et les plus durables (certifi\u00e9es BS5609) ou que vous ayez besoin d&#039;une \u00e9tiquette pour une application de vente au d\u00e9tail ou d&#039;entrep\u00f4t, nous pouvons vous aider. Nous pouvons concevoir une \u00e9tiquette personnalis\u00e9e qui r\u00e9pond \u00e0 vos besoins.<\/p>\n<h2>\u00c9tiquettes SGH pour produits chimiques<\/h2>\n<p>GHS signifie Syst\u00e8me mondial harmonis\u00e9 de classification et d&#039;\u00e9tiquetage des produits chimiques. Le SGH d\u00e9finit et classe les dangers des produits chimiques et communique des informations sur la sant\u00e9 et la s\u00e9curit\u00e9 sur les \u00e9tiquettes et les fiches de donn\u00e9es de s\u00e9curit\u00e9. Pour en savoir plus sur nos solutions GHS, veuillez visiter notre <a href=\"http:\/\/dev.ahearn.com\/specialty-labels\/\">\u00e9tiquettes de sp\u00e9cialit\u00e9<\/a>.<\/p>\n<p>&nbsp;<\/p>\n<h2>Solutions d&#039;impression fournies<\/h2>\n<p><img loading=\"lazy\" decoding=\"async\" class=\"wp-image-3515 size-full alignright\" src=\"http:\/\/dev.ahearn.com\/wp-content\/uploads\/2020\/03\/colorworks-epson.jpg\" alt=\"\" width=\"500\" height=\"500\" srcset=\"https:\/\/www.ahearn.com\/wp-content\/uploads\/2020\/03\/colorworks-epson.jpg 500w, https:\/\/www.ahearn.com\/wp-content\/uploads\/2020\/03\/colorworks-epson-300x300.jpg 300w, https:\/\/www.ahearn.com\/wp-content\/uploads\/2020\/03\/colorworks-epson-150x150.jpg 150w, https:\/\/www.ahearn.com\/wp-content\/uploads\/2020\/03\/colorworks-epson-100x100.jpg 100w, https:\/\/www.ahearn.com\/wp-content\/uploads\/2020\/03\/colorworks-epson-140x140.jpg 140w, https:\/\/www.ahearn.com\/wp-content\/uploads\/2020\/03\/colorworks-epson-350x350.jpg 350w\" sizes=\"auto, (max-width: 500px) 100vw, 500px\" \/><\/p>\n<h3>Imprimantes couleur \u00e0 jet d&#039;encre<\/h3>\n<ul>\n<li>Etiquettes couleurs sur demande<\/li>\n<li>Mat\u00e9riau certifi\u00e9 et encre disponibles avec certaines imprimantes<\/li>\n<li>Imprimantes couleur de 4,0 et 8,0 pouces de large<\/li>\n<\/ul>\n<h3>Services d&#039;\u00e9tiquetage experts Ahearn &amp; Soper<\/h3>\n<ul>\n<li>Installation et formation du logiciel d&#039;impression et d&#039;\u00e9tiquetage<\/li>\n<li>\u00c9tiquettes GHS et cartouches d&#039;encre d&#039;imprimante<\/li>\n<li>Accords de maintenance logicielle<\/li>\n<li>Contrats de service de r\u00e9paration d&#039;imprimantes, sur site et d\u00e9p\u00f4t<\/li>\n<\/ul>\n<p>Besoin de plus d&#039;informations sur les \u00e9tiquettes des imprimantes couleur? <a href=\"https:\/\/www.ahearn.com\/fr\/contact-us\/\">Nous contacter<\/a> Aujourd&#039;hui.<\/p>\n\t<\/div>\r\n<\/div>\r\n\r\n\r\n\r\n<div id=\"fws_69dbea353e663\" data-midnight=\"\" data-column-margin=\"default\" class=\"wpb_row vc_row-fluid vc_row inner_row standard_section\"  style=\"padding-top: 0px; padding-bottom: 0px; \"><div class=\"row-bg-wrap\"> <div class=\"row-bg\" ><\/div> <\/div><div class=\"row_col_wrap_12_inner col span_12  left\">\n\t<div  class=\"vc_col-sm-12 wpb_column column_container vc_column_container col child_column no-extra-padding inherit_tablet inherit_phone\"   data-t-w-inherits=\"default\" data-bg-cover=\"\" data-padding-pos=\"all\" data-has-bg-color=\"false\" data-bg-color=\"\" data-bg-opacity=\"1\" data-hover-bg=\"\" data-hover-bg-opacity=\"1\" data-animation=\"\" data-delay=\"0\">\n\t\t<div class=\"vc_column-inner\" ><div class=\"column-bg-overlay-wrap\" data-bg-animation=\"none\"><div class=\"column-bg-overlay\"><\/div><\/div>\n\t\t<div class=\"wpb_wrapper\">\n\t\t\t\n\t\t<\/div> \n\t<\/div>\n\t<\/div> \n<\/div><\/div>\n\t\t\t<\/div> \n\t\t<\/div>\n\t<\/div> \n<\/div><\/div>\n\t\t<div id=\"fws_69dbea353e9e2\"  data-column-margin=\"default\" data-midnight=\"dark\"  class=\"wpb_row vc_row-fluid vc_row full-width-content  vc_row-o-equal-height vc_row-flex  vc_row-o-content-middle standard_section\"  style=\"padding-top: 0px; padding-bottom: 0px; \"><div class=\"row-bg-wrap\" data-bg-animation=\"none\" data-bg-overlay=\"false\"><div class=\"inner-wrap\"><div class=\"row-bg\"  style=\"\"><\/div><\/div><div class=\"row-bg-overlay\" ><\/div><\/div><div class=\"row_col_wrap_12 col span_12 dark left\">\n\t<div style=\"\" class=\"vc_col-sm-6 wpb_column column_container vc_column_container col centered-text padding-10-percent inherit_tablet inherit_phone\" data-using-bg=\"true\" data-t-w-inherits=\"default\" data-bg-cover=\"\" data-padding-pos=\"all\" data-has-bg-color=\"true\" data-bg-color=\"#f7f7f7\" data-bg-opacity=\"1\" data-hover-bg=\"\" data-hover-bg-opacity=\"1\" data-animation=\"\" data-delay=\"0\" >\n\t\t<div class=\"vc_column-inner\" ><div class=\"column-bg-overlay-wrap\" data-bg-animation=\"none\"><div class=\"column-bg-overlay\" style=\"opacity: 1; background-color: #f7f7f7;\"><\/div><\/div>\n\t\t\t<div class=\"wpb_wrapper\">\n\t\t\t\t<div class=\"nectar_icon_wrap\" data-style=\"border-basic\" data-draw=\"\" data-border-thickness=\"2px\" data-padding=\"25px\" data-color=\"black\" style=\"margin-bottom: 15px; \" >\r\n\t\t<div class=\"nectar_icon\" ><i style=\"font-size: 40px; line-height: 60px; height: 60px; width: 60px;\" class=\"fa fa-at\"><\/i><\/div>\r\n\t<\/div><div class=\"divider-wrap\" data-alignment=\"default\"><div style=\"height: 10px;\" class=\"divider\"><\/div><\/div>\r\n<div class=\"wpb_text_column wpb_content_element\" style=\" max-width: 315px; display: inline-block;\">\r\n\t<div class=\"wpb_wrapper\">\r\n\t\t<h2 style=\"font-size:25px;\">Contactez Ahearn &amp; Soper<\/h2>\n\t<\/div>\r\n<\/div>\r\n\r\n\r\n\r\n<div class=\"divider-wrap\" data-alignment=\"default\"><div style=\"height: 5px;\" class=\"divider\"><\/div><\/div>\r\n<div class=\"wpb_text_column wpb_content_element  vc_custom_1745856538554\" style=\" max-width: 350px; display: inline-block;\">\r\n\t<div class=\"wpb_wrapper\">\r\n\t\t<p><span style=\"color: #000;\">Pour en savoir plus sur nos produits et services, contactez-nous d\u00e8s aujourd&#039;hui.<\/span><\/p>\n\t<\/div>\r\n<\/div>\r\n\r\n\r\n\r\n<div class=\"nectar-cta\" data-color=\"default\" data-using-bg=\"false\" data-style=\"see-through\" data-display=\"block\" data-alignment=\"center\" data-text-color=\"custom\" ><h3 style=\"color: #000000;\"> <span class=\"text\"> <\/span><span class=\"link_wrap\" ><a  class=\"link_text\" href=\"https:\/\/www.ahearn.com\/fr\/contact-us\/\">Contactez-nous d\u00e8s aujourd&#039;hui<span class=\"arrow\"><\/span><\/a><\/span><\/h3><\/div>\n\t\t\t<\/div> \n\t\t<\/div>\n\t<\/div> \n\n\t<div style=\"\" class=\"vc_col-sm-6 wpb_column column_container vc_column_container col centered-text padding-10-percent inherit_tablet inherit_phone\" data-using-bg=\"true\" data-t-w-inherits=\"default\" data-bg-cover=\"\" data-padding-pos=\"all\" data-has-bg-color=\"true\" data-bg-color=\"#ffffff\" data-bg-opacity=\"1\" data-hover-bg=\"\" data-hover-bg-opacity=\"1\" data-animation=\"\" data-delay=\"0\" >\n\t\t<div class=\"vc_column-inner\" ><div class=\"column-bg-overlay-wrap\" data-bg-animation=\"none\"><div class=\"column-bg-overlay\" style=\"opacity: 1; background-color: #ffffff;\"><\/div><\/div>\n\t\t\t<div class=\"wpb_wrapper\">\n\t\t\t\t<div class=\"nectar_icon_wrap\" data-style=\"border-basic\" data-draw=\"\" data-border-thickness=\"2px\" data-padding=\"25px\" data-color=\"extra-color-3\" style=\"margin-bottom: 15px; \" >\r\n\t\t<div class=\"nectar_icon\" ><i style=\"font-size: 40px; line-height: 60px; height: 60px; width: 60px;\" class=\"fa fa-shopping-cart\"><\/i><\/div>\r\n\t<\/div><div class=\"divider-wrap\" data-alignment=\"default\"><div style=\"height: 10px;\" class=\"divider\"><\/div><\/div>\r\n<div class=\"wpb_text_column wpb_content_element\" style=\" max-width: 315px; display: inline-block;\">\r\n\t<div class=\"wpb_wrapper\">\r\n\t\t<h2 style=\"font-size:25px;\">Visitez notre boutique en ligne<\/h2>\n\t<\/div>\r\n<\/div>\r\n\r\n\r\n\r\n<div class=\"divider-wrap\" data-alignment=\"default\"><div style=\"height: 5px;\" class=\"divider\"><\/div><\/div>\r\n<div class=\"wpb_text_column wpb_content_element  vc_custom_1745856681316\" style=\" max-width: 350px; display: inline-block;\">\r\n\t<div class=\"wpb_wrapper\">\r\n\t\t<p><span style=\"color: #000;\">Visitez notre boutique en ligne pour voir notre gamme de produits des meilleurs fabricants de l&#039;industrie<\/span><\/p>\n\t<\/div>\r\n<\/div>\r\n\r\n\r\n\r\n<div class=\"nectar-cta\" data-color=\"default\" data-using-bg=\"false\" data-style=\"see-through\" data-display=\"block\" data-alignment=\"center\" data-text-color=\"custom\" ><h3 style=\"color: #000000;\"> <span class=\"text\"> <\/span><span class=\"link_wrap\" ><a  class=\"link_text\" href=\"http:\/\/storefront.ahearn.com\">Voir notre boutique en ligne<span class=\"arrow\"><\/span><\/a><\/span><\/h3><\/div>\n\t\t\t<\/div> \n\t\t<\/div>\n\t<\/div> \n<\/div><\/div>\n\t\t<div id=\"fws_69dbea353fb34\"  data-column-margin=\"default\" data-midnight=\"light\"  class=\"wpb_row vc_row-fluid vc_row full-width-section  vc_row-o-equal-height vc_row-flex  vc_row-o-content-middle standard_section\"  style=\"padding-top: 80px; padding-bottom: 80px; \"><div class=\"row-bg-wrap\" data-bg-animation=\"none\" data-bg-overlay=\"true\"><div class=\"inner-wrap\"><div class=\"row-bg\"  style=\"\"><\/div><\/div><div class=\"row-bg-overlay\" style=\"background-color:#223f56;  opacity: 0.95; \"><\/div><\/div><div class=\"row_col_wrap_12 col span_12 light left\">\n\t<div  class=\"vc_col-sm-5 wpb_column column_container vc_column_container col no-extra-padding inherit_tablet inherit_phone\"  data-t-w-inherits=\"default\" data-bg-cover=\"\" data-padding-pos=\"all\" data-has-bg-color=\"false\" data-bg-color=\"\" data-bg-opacity=\"1\" data-hover-bg=\"\" data-hover-bg-opacity=\"1\" data-animation=\"\" data-delay=\"0\" >\n\t\t<div class=\"vc_column-inner\" ><div class=\"column-bg-overlay-wrap\" data-bg-animation=\"none\"><div class=\"column-bg-overlay\"><\/div><\/div>\n\t\t\t<div class=\"wpb_wrapper\">\n\t\t\t\t<div class=\"nectar-highlighted-text\" data-style=\"full_text\" data-using-custom-color=\"false\" data-animation-delay=\"false\" data-color=\"\" data-color-gradient=\"\" style=\"\">\n<h3>Inscrivez-vous aux mises \u00e0 jour Ahearn &amp; Soper<\/h3>\n<p>Depuis 1975, Ahearn &amp; Soper Inc. fournit des logiciels de codes \u00e0 barres et d&#039;identification, du mat\u00e9riel, des fournitures et des services qui am\u00e9liorent la pr\u00e9cision, le suivi et l&#039;efficacit\u00e9 des op\u00e9rations de distribution, de fabrication et de soins de sant\u00e9.<\/div>\n\t\t\t<\/div> \n\t\t<\/div>\n\t<\/div> \n\n\t<div  class=\"vc_col-sm-1 wpb_column column_container vc_column_container col no-extra-padding inherit_tablet inherit_phone\"  data-t-w-inherits=\"default\" data-bg-cover=\"\" data-padding-pos=\"all\" data-has-bg-color=\"false\" data-bg-color=\"\" data-bg-opacity=\"1\" data-hover-bg=\"\" data-hover-bg-opacity=\"1\" data-animation=\"\" data-delay=\"0\" >\n\t\t<div class=\"vc_column-inner\" ><div class=\"column-bg-overlay-wrap\" data-bg-animation=\"none\"><div class=\"column-bg-overlay\"><\/div><\/div>\n\t\t\t<div class=\"wpb_wrapper\">\n\t\t\t\t\n\t\t\t<\/div> \n\t\t<\/div>\n\t<\/div> \n\n\t<div  class=\"vc_col-sm-6 wpb_column column_container vc_column_container col no-extra-padding inherit_tablet inherit_phone\"  data-t-w-inherits=\"default\" data-bg-cover=\"\" data-padding-pos=\"all\" data-has-bg-color=\"false\" data-bg-color=\"\" data-bg-opacity=\"1\" data-hover-bg=\"\" data-hover-bg-opacity=\"1\" data-animation=\"\" data-delay=\"0\" >\n\t\t<div class=\"vc_column-inner\" ><div class=\"column-bg-overlay-wrap\" data-bg-animation=\"none\"><div class=\"column-bg-overlay\"><\/div><\/div>\n\t\t\t<div class=\"wpb_wrapper\">\n\t\t\t\t<div id=\"fws_69dbea3540128\" data-midnight=\"\" data-column-margin=\"default\" class=\"wpb_row vc_row-fluid vc_row inner_row standard_section\"  style=\"padding-top: 0px; padding-bottom: 0px; \"><div class=\"row-bg-wrap\"> <div class=\"row-bg\" ><\/div> <\/div><div class=\"row_col_wrap_12_inner col span_12  right\">\n\t<div  class=\"vc_col-sm-12 wpb_column column_container vc_column_container col child_column no-extra-padding inherit_tablet inherit_phone\"   data-t-w-inherits=\"default\" data-bg-cover=\"\" data-padding-pos=\"all\" data-has-bg-color=\"false\" data-bg-color=\"\" data-bg-opacity=\"1\" data-hover-bg=\"\" data-hover-bg-opacity=\"1\" data-animation=\"\" data-delay=\"0\">\n\t\t<div class=\"vc_column-inner\" ><div class=\"column-bg-overlay-wrap\" data-bg-animation=\"none\"><div class=\"column-bg-overlay\"><\/div><\/div>\n\t\t<div class=\"wpb_wrapper\">\n\t\t\t<a class=\"nectar-button jumbo see-through-2  has-icon\"  style=\"border-color: #ffffff; color: #ffffff;\"  href=\"http:\/\/www.ahearn.com\/fr\/newsletter\/\" data-color-override=\"#ffffff\"  data-hover-color-override=\"#ffffff\" data-hover-text-color-override=\"#000000\"><span>S&#039;inscrire maintenant<\/span><i  class=\"icon-button-arrow\"><\/i><\/a>\n\t\t<\/div> \n\t<\/div>\n\t<\/div> \n<\/div><\/div>\n\t\t\t<\/div> \n\t\t<\/div>\n\t<\/div> \n<\/div><\/div>","protected":false},"excerpt":{"rendered":"Labels for Colour Printers Businesses across Canada are now using colour labels for packaging and recently becoming more popular within distribution, healthcare and manufacturing companies. Some of the key reasons...","protected":false},"author":2,"featured_media":4126,"parent":0,"menu_order":0,"comment_status":"closed","ping_status":"closed","template":"","meta":{"footnotes":""},"class_list":["post-2503","page","type-page","status-publish","has-post-thumbnail"],"yoast_head":"<!-- This site is optimized with the Yoast SEO plugin v27.2 - https:\/\/yoast.com\/product\/yoast-seo-wordpress\/ -->\r\n<title>Labels for Colour Printers | Supplies | Labels | Ahearn &amp; Soper<\/title>\r\n<meta name=\"description\" content=\"At Ahearn &amp; Soper we work with you to provide you the labels for colour printers to help you meet labeling requirements for various industries.\" \/>\r\n<meta name=\"robots\" content=\"index, follow, max-snippet:-1, max-image-preview:large, max-video-preview:-1\" \/>\r\n<link rel=\"canonical\" href=\"https:\/\/www.ahearn.com\/fr\/labels-for-colour-printers\/\" \/>\r\n<meta property=\"og:locale\" content=\"fr_CA\" \/>\r\n<meta property=\"og:type\" content=\"article\" \/>\r\n<meta property=\"og:title\" content=\"Labels for Colour Printers | Supplies | Labels | Ahearn &amp; Soper\" \/>\r\n<meta property=\"og:description\" content=\"At Ahearn &amp; Soper we work with you to provide you the labels for colour printers to help you meet labeling requirements for various industries.\" \/>\r\n<meta property=\"og:url\" content=\"https:\/\/www.ahearn.com\/fr\/labels-for-colour-printers\/\" \/>\r\n<meta property=\"og:site_name\" content=\"Ahearn &amp; Soper | proVision WMS\" \/>\r\n<meta property=\"article:modified_time\" content=\"2025-05-07T09:18:27+00:00\" \/>\r\n<meta property=\"og:image\" content=\"https:\/\/www.ahearn.com\/wp-content\/uploads\/2019\/11\/Epson.jpg\" \/>\r\n\t<meta property=\"og:image:width\" content=\"1500\" \/>\r\n\t<meta property=\"og:image:height\" content=\"500\" \/>\r\n\t<meta property=\"og:image:type\" content=\"image\/jpeg\" \/>\r\n<meta name=\"twitter:card\" content=\"summary_large_image\" \/>\r\n<meta name=\"twitter:label1\" content=\"Estimation du temps de lecture\" \/>\n\t<meta name=\"twitter:data1\" content=\"8 minutes\" \/>\r\n<script type=\"application\/ld+json\" class=\"yoast-schema-graph\">{\"@context\":\"https:\/\/schema.org\",\"@graph\":[{\"@type\":\"WebPage\",\"@id\":\"https:\/\/www.ahearn.com\/labels-for-colour-printers\/\",\"url\":\"https:\/\/www.ahearn.com\/labels-for-colour-printers\/\",\"name\":\"Labels for Colour Printers | Supplies | Labels | Ahearn & Soper\",\"isPartOf\":{\"@id\":\"https:\/\/www.ahearn.com\/#website\"},\"primaryImageOfPage\":{\"@id\":\"https:\/\/www.ahearn.com\/labels-for-colour-printers\/#primaryimage\"},\"image\":{\"@id\":\"https:\/\/www.ahearn.com\/labels-for-colour-printers\/#primaryimage\"},\"thumbnailUrl\":\"https:\/\/www.ahearn.com\/wp-content\/uploads\/2019\/11\/Epson.jpg\",\"datePublished\":\"2020-01-20T19:49:06+00:00\",\"dateModified\":\"2025-05-07T09:18:27+00:00\",\"description\":\"At Ahearn & Soper we work with you to provide you the labels for colour printers to help you meet labeling requirements for various industries.\",\"breadcrumb\":{\"@id\":\"https:\/\/www.ahearn.com\/labels-for-colour-printers\/#breadcrumb\"},\"inLanguage\":\"fr-CA\",\"potentialAction\":[{\"@type\":\"ReadAction\",\"target\":[\"https:\/\/www.ahearn.com\/labels-for-colour-printers\/\"]}]},{\"@type\":\"ImageObject\",\"inLanguage\":\"fr-CA\",\"@id\":\"https:\/\/www.ahearn.com\/labels-for-colour-printers\/#primaryimage\",\"url\":\"https:\/\/www.ahearn.com\/wp-content\/uploads\/2019\/11\/Epson.jpg\",\"contentUrl\":\"https:\/\/www.ahearn.com\/wp-content\/uploads\/2019\/11\/Epson.jpg\",\"width\":1500,\"height\":500,\"caption\":\"Labels for Colour Printers\"},{\"@type\":\"BreadcrumbList\",\"@id\":\"https:\/\/www.ahearn.com\/labels-for-colour-printers\/#breadcrumb\",\"itemListElement\":[{\"@type\":\"ListItem\",\"position\":1,\"name\":\"Home\",\"item\":\"https:\/\/www.ahearn.com\/\"},{\"@type\":\"ListItem\",\"position\":2,\"name\":\"Labels for Colour Printers\"}]},{\"@type\":\"WebSite\",\"@id\":\"https:\/\/www.ahearn.com\/#website\",\"url\":\"https:\/\/www.ahearn.com\/\",\"name\":\"Ahearn &amp; Soper | proVision WMS\",\"description\":\"\",\"potentialAction\":[{\"@type\":\"SearchAction\",\"target\":{\"@type\":\"EntryPoint\",\"urlTemplate\":\"https:\/\/www.ahearn.com\/?s={search_term_string}\"},\"query-input\":{\"@type\":\"PropertyValueSpecification\",\"valueRequired\":true,\"valueName\":\"search_term_string\"}}],\"inLanguage\":\"fr-CA\"}]}<\/script>\r\n<!-- \/ Yoast SEO plugin. -->","yoast_head_json":{"title":"\u00c9tiquettes pour imprimantes couleur | Fournitures | \u00c9tiquettes | Ahearn &amp; Soper","description":"Chez Ahearn &amp; Soper, nous travaillons avec vous pour vous fournir les \u00e9tiquettes pour les imprimantes couleur pour vous aider \u00e0 r\u00e9pondre aux exigences d&#039;\u00e9tiquetage pour diverses industries.","robots":{"index":"index","follow":"follow","max-snippet":"max-snippet:-1","max-image-preview":"max-image-preview:large","max-video-preview":"max-video-preview:-1"},"canonical":"https:\/\/www.ahearn.com\/fr\/labels-for-colour-printers\/","og_locale":"fr_CA","og_type":"article","og_title":"Labels for Colour Printers | Supplies | Labels | Ahearn & Soper","og_description":"At Ahearn & Soper we work with you to provide you the labels for colour printers to help you meet labeling requirements for various industries.","og_url":"https:\/\/www.ahearn.com\/fr\/labels-for-colour-printers\/","og_site_name":"Ahearn &amp; Soper | proVision WMS","article_modified_time":"2025-05-07T09:18:27+00:00","og_image":[{"width":1500,"height":500,"url":"https:\/\/www.ahearn.com\/wp-content\/uploads\/2019\/11\/Epson.jpg","type":"image\/jpeg"}],"twitter_card":"summary_large_image","twitter_misc":{"Estimation du temps de lecture":"8 minutes"},"schema":{"@context":"https:\/\/schema.org","@graph":[{"@type":"WebPage","@id":"https:\/\/www.ahearn.com\/labels-for-colour-printers\/","url":"https:\/\/www.ahearn.com\/labels-for-colour-printers\/","name":"\u00c9tiquettes pour imprimantes couleur | Fournitures | \u00c9tiquettes | Ahearn &amp; Soper","isPartOf":{"@id":"https:\/\/www.ahearn.com\/#website"},"primaryImageOfPage":{"@id":"https:\/\/www.ahearn.com\/labels-for-colour-printers\/#primaryimage"},"image":{"@id":"https:\/\/www.ahearn.com\/labels-for-colour-printers\/#primaryimage"},"thumbnailUrl":"https:\/\/www.ahearn.com\/wp-content\/uploads\/2019\/11\/Epson.jpg","datePublished":"2020-01-20T19:49:06+00:00","dateModified":"2025-05-07T09:18:27+00:00","description":"Chez Ahearn &amp; Soper, nous travaillons avec vous pour vous fournir les \u00e9tiquettes pour les imprimantes couleur pour vous aider \u00e0 r\u00e9pondre aux exigences d&#039;\u00e9tiquetage pour diverses industries.","breadcrumb":{"@id":"https:\/\/www.ahearn.com\/labels-for-colour-printers\/#breadcrumb"},"inLanguage":"fr-CA","potentialAction":[{"@type":"ReadAction","target":["https:\/\/www.ahearn.com\/labels-for-colour-printers\/"]}]},{"@type":"ImageObject","inLanguage":"fr-CA","@id":"https:\/\/www.ahearn.com\/labels-for-colour-printers\/#primaryimage","url":"https:\/\/www.ahearn.com\/wp-content\/uploads\/2019\/11\/Epson.jpg","contentUrl":"https:\/\/www.ahearn.com\/wp-content\/uploads\/2019\/11\/Epson.jpg","width":1500,"height":500,"caption":"Labels for Colour Printers"},{"@type":"BreadcrumbList","@id":"https:\/\/www.ahearn.com\/labels-for-colour-printers\/#breadcrumb","itemListElement":[{"@type":"ListItem","position":1,"name":"Home","item":"https:\/\/www.ahearn.com\/"},{"@type":"ListItem","position":2,"name":"Labels for Colour Printers"}]},{"@type":"WebSite","@id":"https:\/\/www.ahearn.com\/#website","url":"https:\/\/www.ahearn.com\/","name":"Ahearn &amp; Soper | proVision WMS","description":"","potentialAction":[{"@type":"SearchAction","target":{"@type":"EntryPoint","urlTemplate":"https:\/\/www.ahearn.com\/?s={search_term_string}"},"query-input":{"@type":"PropertyValueSpecification","valueRequired":true,"valueName":"search_term_string"}}],"inLanguage":"fr-CA"}]}},"_links":{"self":[{"href":"https:\/\/www.ahearn.com\/fr\/wp-json\/wp\/v2\/pages\/2503","targetHints":{"allow":["GET"]}}],"collection":[{"href":"https:\/\/www.ahearn.com\/fr\/wp-json\/wp\/v2\/pages"}],"about":[{"href":"https:\/\/www.ahearn.com\/fr\/wp-json\/wp\/v2\/types\/page"}],"author":[{"embeddable":true,"href":"https:\/\/www.ahearn.com\/fr\/wp-json\/wp\/v2\/users\/2"}],"replies":[{"embeddable":true,"href":"https:\/\/www.ahearn.com\/fr\/wp-json\/wp\/v2\/comments?post=2503"}],"version-history":[{"count":33,"href":"https:\/\/www.ahearn.com\/fr\/wp-json\/wp\/v2\/pages\/2503\/revisions"}],"predecessor-version":[{"id":10699,"href":"https:\/\/www.ahearn.com\/fr\/wp-json\/wp\/v2\/pages\/2503\/revisions\/10699"}],"wp:featuredmedia":[{"embeddable":true,"href":"https:\/\/www.ahearn.com\/fr\/wp-json\/wp\/v2\/media\/4126"}],"wp:attachment":[{"href":"https:\/\/www.ahearn.com\/fr\/wp-json\/wp\/v2\/media?parent=2503"}],"curies":[{"name":"wp","href":"https:\/\/api.w.org\/{rel}","templated":true}]}}