{"id":2372,"date":"2020-01-15T20:24:59","date_gmt":"2020-01-15T20:24:59","guid":{"rendered":"http:\/\/dev.ahearn.com\/?page_id=2372"},"modified":"2025-05-06T15:56:48","modified_gmt":"2025-05-06T15:56:48","slug":"voice-technology-solutions","status":"publish","type":"page","link":"https:\/\/www.ahearn.com\/fr\/voice-technology-solutions\/","title":{"rendered":"Solutions de technologie vocale"},"content":{"rendered":"<div id=\"fws_69e6752214da7\"  data-column-margin=\"default\" data-midnight=\"dark\"  class=\"wpb_row vc_row-fluid vc_row standard_section\"  style=\"padding-top: 0px; padding-bottom: 0px; \"><div class=\"row-bg-wrap\" data-bg-animation=\"none\" data-bg-overlay=\"false\"><div class=\"inner-wrap\"><div class=\"row-bg\"  style=\"\"><\/div><\/div><div class=\"row-bg-overlay\" ><\/div><\/div><div class=\"row_col_wrap_12 col span_12 dark left\">\n\t<div  class=\"vc_col-sm-10 wpb_column column_container vc_column_container col no-extra-padding inherit_tablet inherit_phone\"  data-t-w-inherits=\"default\" data-bg-cover=\"\" data-padding-pos=\"all\" data-has-bg-color=\"false\" data-bg-color=\"\" data-bg-opacity=\"1\" data-hover-bg=\"\" data-hover-bg-opacity=\"1\" data-animation=\"\" data-delay=\"0\" >\n\t\t<div class=\"vc_column-inner\" ><div class=\"column-bg-overlay-wrap\" data-bg-animation=\"none\"><div class=\"column-bg-overlay\"><\/div><\/div>\n\t\t\t<div class=\"wpb_wrapper\">\n\t\t\t\t<div class=\"divider-wrap\" data-alignment=\"default\"><div style=\"height: 25px;\" class=\"divider\"><\/div><\/div><h1 style=\"font-size: 40px;text-align: center;font-family:Lato;font-weight:400;font-style:normal\" class=\"vc_custom_heading\" >Solutions de technologie vocale<\/h1><div class=\"divider-wrap\" data-alignment=\"default\"><div style=\"height: 10px;\" class=\"divider\"><\/div><\/div>\r\n<div class=\"wpb_text_column wpb_content_element\" >\r\n\t<div class=\"wpb_wrapper\">\r\n\t\t<p>Les approches actuelles des centres de distribution (DC) et de la gestion de la manutention des entrep\u00f4ts \u00e9voluent. Des premiers syst\u00e8mes sur papier aux codes \u00e0 barres en passant par l&#039;informatique mobile sans fil et maintenant, dans un autre virage fondamental vers des environnements informatiques mobiles centr\u00e9s sur la voix. La technologie vocale est devenue un catalyseur dans la r\u00e9ing\u00e9nierie des processus et des syst\u00e8mes d&#039;entrep\u00f4t pour fournir la prochaine g\u00e9n\u00e9ration de r\u00e9sultats commerciaux.<\/p>\n<p>Ahearn &amp; Soper vous aidera \u00e0 r\u00e9soudre et \u00e0 r\u00e9soudre les principaux probl\u00e8mes commerciaux, tels que la r\u00e9duction de vos co\u00fbts d&#039;exploitation, l&#039;augmentation de votre productivit\u00e9 et de votre d\u00e9bit, et la facilitation de capacit\u00e9s de service client sup\u00e9rieures qui g\u00e9n\u00e8rent une am\u00e9lioration des performances et de la responsabilit\u00e9 des employ\u00e9s.<\/p>\n<p>Les solutions de technologie vocale aident \u00e0 transformer vos processus et syst\u00e8mes d&#039;entrep\u00f4t existants en offrant des opportunit\u00e9s de r\u00e9ing\u00e9nierie pour fournir la prochaine g\u00e9n\u00e9ration de r\u00e9sultats commerciaux sans mettre en danger vos op\u00e9rations quotidiennes.<\/p>\n<p>Notre processus d&#039;engagement client commence par d\u00e9velopper une compr\u00e9hension approfondie de vos d\u00e9fis commerciaux uniques. Nous sommes ensuite en mesure d&#039;appliquer notre vaste exp\u00e9rience de l&#039;entrep\u00f4t et de l&#039;industrie pour recommander une solution qui atteint vos objectifs commerciaux et exploite les processus des meilleures pratiques pour optimiser votre retour sur investissement, tout en garantissant l&#039;acceptation des membres de l&#039;\u00e9quipe. Ahearn &amp; Soper ont l&#039;exp\u00e9rience du monde r\u00e9el pour s&#039;assurer que votre solution vocale r\u00e9pond avec succ\u00e8s \u00e0 vos probl\u00e8mes commerciaux critiques:<\/p>\n<ul>\n<li>Entreprise en croissance - La n\u00e9cessit\u00e9 d&#039;augmenter le d\u00e9bit avec les installations existantes<\/li>\n<li>Pression sur la marge - La pression sur la marge due au ralentissement des ventes et \u00e0 une concurrence accrue cr\u00e9e la n\u00e9cessit\u00e9 de r\u00e9duire les co\u00fbts d&#039;exploitation<\/li>\n<li>R\u00e9glementation gouvernementale - Modification et extension des exigences r\u00e9glementaires, rendant difficile la conformit\u00e9<\/li>\n<li>Tra\u00e7abilit\u00e9 - Il vous est demand\u00e9 de soutenir la Produce Traceability Initiative (PTI) pour assurer une tra\u00e7abilit\u00e9 compl\u00e8te des produits et soutenir les normes GS1.<\/li>\n<li>Plus de valeur de votre ERP WMS - Obtenez plus de valeur de votre impl\u00e9mentation ERP \/ WMS existante, y compris les syst\u00e8mes de donn\u00e9es h\u00f4tes locaux, ainsi que IBM iSeries (AS \/ 400)<\/li>\n<li>\u00c9volutivit\u00e9 - Suivre le rythme des affaires dans un m\u00e9lange changeant de livraisons de produits et de la complexit\u00e9 de la prolif\u00e9ration des SKU<\/li>\n<li>Pr\u00e9cision - La n\u00e9cessit\u00e9 d&#039;am\u00e9liorer la pr\u00e9cision des commandes et les d\u00e9lais de livraison pour obtenir des commandes plus parfaites<\/li>\n<li>Satisfaction du client - Utiliser la technologie pour offrir des avantages comp\u00e9titifs qui augmentent la satisfaction du client et aident \u00e0 maintenir et \u00e0 d\u00e9velopper de nouvelles opportunit\u00e9s commerciales<\/li>\n<li>Dur\u00e9e de la formation - \u00c9limine le besoin d&#039;une longue formation des nouveaux travailleurs et simplifie le processus complexe d&#039;int\u00e9gration g\u00e9n\u00e9ralement requis pour les travailleurs saisonniers.<\/li>\n<\/ul>\n<p><strong>Int\u00e9grer la technologie vocale dans vos op\u00e9rations avec Ivanti speakeasy<\/strong><\/p>\n<p>Ivanti Speakeasy permet d&#039;ajouter des solutions vocales \u00e0 votre application de terminal actuelle. L&#039;activation de la voix compl\u00e8te, y compris la RFID et la num\u00e9risation de codes \u00e0 barres, qui incluent la saisie de donn\u00e9es de synth\u00e8se vocale. L&#039;un des principaux avantages d&#039;Ivanti Speakeasy est qu&#039;il aide \u00e0 am\u00e9liorer la productivit\u00e9 de l&#039;entrep\u00f4t avec la direction vocale via la synth\u00e8se vocale. Avec la possibilit\u00e9 de ne pas taper, les pr\u00e9pos\u00e9s \u00e0 l&#039;entrep\u00f4t ont d\u00e9sormais les mains libres pour effectuer leur travail plus efficacement et am\u00e9liorer la pr\u00e9cision.<\/p>\n<p>Ivanti speakeasy pr\u00e9sente de nombreux avantages tels que son d\u00e9ploiement \u00e0 l&#039;est et peut apporter une valeur ajout\u00e9e \u00e0 votre organisation actuelle dans un court laps de temps. Ivanti Speakeasy comprend des fonctionnalit\u00e9s qui vous permettent de mettre en \u0153uvre et de ne pas n\u00e9cessiter de mat\u00e9riel vocal propri\u00e9taire - dans certains cas, vous pouvez activer la voix avec votre mat\u00e9riel existant actuel et continuer \u00e0 ex\u00e9cuter les op\u00e9rations de votre entrep\u00f4t tout en autorisant la technologie vocale dans les zones o\u00f9 les travailleurs pourraient avoir besoin de leurs mains libres ou si des probl\u00e8mes de s\u00e9curit\u00e9 surviennent.<\/p>\n<p>Les solutions de s\u00e9lection vocale sont faciles \u00e0 apprendre pour votre personnel. Puisqu&#039;on leur dit quoi faire par le biais des communications vocales, cela r\u00e9duit la n\u00e9cessit\u00e9 de former le personnel avec des instructions ou des impressions. L&#039;\u00e9quipe d&#039;entrep\u00f4t peut \u00eatre bri\u00e8vement mise au courant de la technologie, r\u00e9duisant ainsi le temps de formation global et am\u00e9liorant la productivit\u00e9.<\/p>\n<p>Pour en savoir plus sur Ivanti speakeasy, simplement <a href=\"https:\/\/www.ahearn.com\/fr\/contact-us\/\">Nous contacter<\/a> aujourd&#039;hui.<\/p>\n\t<\/div>\r\n<\/div>\r\n\r\n\r\n\r\n<div class=\"divider-wrap\" data-alignment=\"default\"><div style=\"height: 25px;\" class=\"divider\"><\/div><\/div>\n\t\t\t<\/div> \n\t\t<\/div>\n\t<\/div> \n\n\t<div  class=\"vc_col-sm-2 wpb_column column_container vc_column_container col no-extra-padding inherit_tablet inherit_phone\"  data-t-w-inherits=\"default\" data-bg-cover=\"\" data-padding-pos=\"all\" data-has-bg-color=\"false\" data-bg-color=\"\" data-bg-opacity=\"1\" data-hover-bg=\"\" data-hover-bg-opacity=\"1\" data-animation=\"\" data-delay=\"0\" >\n\t\t<div class=\"vc_column-inner\" ><div class=\"column-bg-overlay-wrap\" data-bg-animation=\"none\"><div class=\"column-bg-overlay\"><\/div><\/div>\n\t\t\t<div class=\"wpb_wrapper\">\n\t\t\t\t\n\t\t\t<\/div> \n\t\t<\/div>\n\t<\/div> \n<\/div><\/div>\n\t\t<div id=\"fws_69e67522163d5\"  data-column-margin=\"default\" data-midnight=\"dark\"  class=\"wpb_row vc_row-fluid vc_row full-width-content  vc_row-o-equal-height vc_row-flex  vc_row-o-content-middle standard_section\"  style=\"padding-top: 0px; padding-bottom: 0px; \"><div class=\"row-bg-wrap\" data-bg-animation=\"none\" data-bg-overlay=\"false\"><div class=\"inner-wrap\"><div class=\"row-bg\"  style=\"\"><\/div><\/div><div class=\"row-bg-overlay\" ><\/div><\/div><div class=\"row_col_wrap_12 col span_12 dark left\">\n\t<div style=\"\" class=\"vc_col-sm-6 wpb_column column_container vc_column_container col centered-text padding-10-percent inherit_tablet inherit_phone\" data-using-bg=\"true\" data-t-w-inherits=\"default\" data-bg-cover=\"\" data-padding-pos=\"all\" data-has-bg-color=\"true\" data-bg-color=\"#f7f7f7\" data-bg-opacity=\"1\" data-hover-bg=\"\" data-hover-bg-opacity=\"1\" data-animation=\"\" data-delay=\"0\" >\n\t\t<div class=\"vc_column-inner\" ><div class=\"column-bg-overlay-wrap\" data-bg-animation=\"none\"><div class=\"column-bg-overlay\" style=\"opacity: 1; background-color: #f7f7f7;\"><\/div><\/div>\n\t\t\t<div class=\"wpb_wrapper\">\n\t\t\t\t<div class=\"nectar_icon_wrap\" data-style=\"border-basic\" data-draw=\"\" data-border-thickness=\"2px\" data-padding=\"25px\" data-color=\"black\" style=\"margin-bottom: 15px; \" >\r\n\t\t<div class=\"nectar_icon\" ><i style=\"font-size: 40px; line-height: 60px; height: 60px; width: 60px;\" class=\"fa fa-at\"><\/i><\/div>\r\n\t<\/div><div class=\"divider-wrap\" data-alignment=\"default\"><div style=\"height: 10px;\" class=\"divider\"><\/div><\/div>\r\n<div class=\"wpb_text_column wpb_content_element\" style=\" max-width: 315px; display: inline-block;\">\r\n\t<div class=\"wpb_wrapper\">\r\n\t\t<h2 style=\"font-size:25px;\">Contactez Ahearn &amp; Soper<\/h2>\n\t<\/div>\r\n<\/div>\r\n\r\n\r\n\r\n<div class=\"divider-wrap\" data-alignment=\"default\"><div style=\"height: 5px;\" class=\"divider\"><\/div><\/div>\r\n<div class=\"wpb_text_column wpb_content_element  vc_custom_1746547032608\" style=\" max-width: 350px; display: inline-block;\">\r\n\t<div class=\"wpb_wrapper\">\r\n\t\t<p><span style=\"color: #000;\">Pour en savoir plus sur nos produits et services, contactez-nous d\u00e8s aujourd&#039;hui.<\/span><\/p>\n\t<\/div>\r\n<\/div>\r\n\r\n\r\n\r\n<div class=\"nectar-cta\" data-color=\"default\" data-using-bg=\"false\" data-style=\"see-through\" data-display=\"block\" data-alignment=\"center\" data-text-color=\"custom\" ><h3 style=\"color: #000000;\"> <span class=\"text\"> <\/span><span class=\"link_wrap\" ><a  class=\"link_text\" href=\"http:\/\/www.ahearn.com\/fr\/contact-us\/\">Contactez-nous d\u00e8s aujourd&#039;hui<span class=\"arrow\"><\/span><\/a><\/span><\/h3><\/div>\n\t\t\t<\/div> \n\t\t<\/div>\n\t<\/div> \n\n\t<div style=\"\" class=\"vc_col-sm-6 wpb_column column_container vc_column_container col centered-text padding-10-percent inherit_tablet inherit_phone\" data-using-bg=\"true\" data-t-w-inherits=\"default\" data-bg-cover=\"\" data-padding-pos=\"all\" data-has-bg-color=\"true\" data-bg-color=\"#ffffff\" data-bg-opacity=\"1\" data-hover-bg=\"\" data-hover-bg-opacity=\"1\" data-animation=\"\" data-delay=\"0\" >\n\t\t<div class=\"vc_column-inner\" ><div class=\"column-bg-overlay-wrap\" data-bg-animation=\"none\"><div class=\"column-bg-overlay\" style=\"opacity: 1; background-color: #ffffff;\"><\/div><\/div>\n\t\t\t<div class=\"wpb_wrapper\">\n\t\t\t\t<div class=\"nectar_icon_wrap\" data-style=\"border-basic\" data-draw=\"\" data-border-thickness=\"2px\" data-padding=\"25px\" data-color=\"extra-color-3\" style=\"margin-bottom: 15px; \" >\r\n\t\t<div class=\"nectar_icon\" ><i style=\"font-size: 40px; line-height: 60px; height: 60px; width: 60px;\" class=\"fa fa-shopping-cart\"><\/i><\/div>\r\n\t<\/div><div class=\"divider-wrap\" data-alignment=\"default\"><div style=\"height: 10px;\" class=\"divider\"><\/div><\/div>\r\n<div class=\"wpb_text_column wpb_content_element\" style=\" max-width: 315px; display: inline-block;\">\r\n\t<div class=\"wpb_wrapper\">\r\n\t\t<h2 style=\"font-size:25px;\">Visitez notre boutique en ligne<\/h2>\n\t<\/div>\r\n<\/div>\r\n\r\n\r\n\r\n<div class=\"divider-wrap\" data-alignment=\"default\"><div style=\"height: 5px;\" class=\"divider\"><\/div><\/div>\r\n<div class=\"wpb_text_column wpb_content_element  vc_custom_1746547086680\" style=\" max-width: 350px; display: inline-block;\">\r\n\t<div class=\"wpb_wrapper\">\r\n\t\t<p><span style=\"color: #000;\">Visitez notre boutique en ligne pour voir notre gamme de produits des meilleurs fabricants de l&#039;industrie<\/span><\/p>\n\t<\/div>\r\n<\/div>\r\n\r\n\r\n\r\n<div class=\"nectar-cta\" data-color=\"default\" data-using-bg=\"false\" data-style=\"see-through\" data-display=\"block\" data-alignment=\"center\" data-text-color=\"custom\" ><h3 style=\"color: #000000;\"> <span class=\"text\"> <\/span><span class=\"link_wrap\" ><a  class=\"link_text\" href=\"http:\/\/storefront.ahearn.com\">Voir notre boutique en ligne<span class=\"arrow\"><\/span><\/a><\/span><\/h3><\/div>\n\t\t\t<\/div> \n\t\t<\/div>\n\t<\/div> \n<\/div><\/div>\n\t\t<div id=\"fws_69e6752217677\"  data-column-margin=\"default\" data-midnight=\"light\"  class=\"wpb_row vc_row-fluid vc_row full-width-section  vc_row-o-equal-height vc_row-flex  vc_row-o-content-middle standard_section\"  style=\"padding-top: 80px; padding-bottom: 80px; \"><div class=\"row-bg-wrap\" data-bg-animation=\"none\" data-bg-overlay=\"true\"><div class=\"inner-wrap\"><div class=\"row-bg\"  style=\"\"><\/div><\/div><div class=\"row-bg-overlay\" style=\"background-color:#223f56;  opacity: 0.95; \"><\/div><\/div><div class=\"row_col_wrap_12 col span_12 light left\">\n\t<div  class=\"vc_col-sm-5 wpb_column column_container vc_column_container col no-extra-padding inherit_tablet inherit_phone\"  data-t-w-inherits=\"default\" data-bg-cover=\"\" data-padding-pos=\"all\" data-has-bg-color=\"false\" data-bg-color=\"\" data-bg-opacity=\"1\" data-hover-bg=\"\" data-hover-bg-opacity=\"1\" data-animation=\"\" data-delay=\"0\" >\n\t\t<div class=\"vc_column-inner\" ><div class=\"column-bg-overlay-wrap\" data-bg-animation=\"none\"><div class=\"column-bg-overlay\"><\/div><\/div>\n\t\t\t<div class=\"wpb_wrapper\">\n\t\t\t\t<div class=\"nectar-highlighted-text\" data-style=\"full_text\" data-using-custom-color=\"false\" data-animation-delay=\"false\" data-color=\"\" data-color-gradient=\"\" style=\"\">\n<h3>Inscrivez-vous aux mises \u00e0 jour Ahearn &amp; Soper<\/h3>\n<p>Depuis 1975, Ahearn &amp; Soper Inc. fournit des logiciels de codes \u00e0 barres et d&#039;identification, du mat\u00e9riel, des fournitures et des services qui am\u00e9liorent la pr\u00e9cision, le suivi et l&#039;efficacit\u00e9 des op\u00e9rations de distribution, de fabrication et de soins de sant\u00e9.<\/div>\n\t\t\t<\/div> \n\t\t<\/div>\n\t<\/div> \n\n\t<div  class=\"vc_col-sm-1 wpb_column column_container vc_column_container col no-extra-padding inherit_tablet inherit_phone\"  data-t-w-inherits=\"default\" data-bg-cover=\"\" data-padding-pos=\"all\" data-has-bg-color=\"false\" data-bg-color=\"\" data-bg-opacity=\"1\" data-hover-bg=\"\" data-hover-bg-opacity=\"1\" data-animation=\"\" data-delay=\"0\" >\n\t\t<div class=\"vc_column-inner\" ><div class=\"column-bg-overlay-wrap\" data-bg-animation=\"none\"><div class=\"column-bg-overlay\"><\/div><\/div>\n\t\t\t<div class=\"wpb_wrapper\">\n\t\t\t\t\n\t\t\t<\/div> \n\t\t<\/div>\n\t<\/div> \n\n\t<div  class=\"vc_col-sm-6 wpb_column column_container vc_column_container col no-extra-padding inherit_tablet inherit_phone\"  data-t-w-inherits=\"default\" data-bg-cover=\"\" data-padding-pos=\"all\" data-has-bg-color=\"false\" data-bg-color=\"\" data-bg-opacity=\"1\" data-hover-bg=\"\" data-hover-bg-opacity=\"1\" data-animation=\"\" data-delay=\"0\" >\n\t\t<div class=\"vc_column-inner\" ><div class=\"column-bg-overlay-wrap\" data-bg-animation=\"none\"><div class=\"column-bg-overlay\"><\/div><\/div>\n\t\t\t<div class=\"wpb_wrapper\">\n\t\t\t\t<div id=\"fws_69e6752218018\" data-midnight=\"\" data-column-margin=\"default\" class=\"wpb_row vc_row-fluid vc_row inner_row standard_section\"  style=\"padding-top: 0px; padding-bottom: 0px; \"><div class=\"row-bg-wrap\"> <div class=\"row-bg\" ><\/div> <\/div><div class=\"row_col_wrap_12_inner col span_12  right\">\n\t<div  class=\"vc_col-sm-12 wpb_column column_container vc_column_container col child_column no-extra-padding inherit_tablet inherit_phone\"   data-t-w-inherits=\"default\" data-bg-cover=\"\" data-padding-pos=\"all\" data-has-bg-color=\"false\" data-bg-color=\"\" data-bg-opacity=\"1\" data-hover-bg=\"\" data-hover-bg-opacity=\"1\" data-animation=\"\" data-delay=\"0\">\n\t\t<div class=\"vc_column-inner\" ><div class=\"column-bg-overlay-wrap\" data-bg-animation=\"none\"><div class=\"column-bg-overlay\"><\/div><\/div>\n\t\t<div class=\"wpb_wrapper\">\n\t\t\t<a class=\"nectar-button jumbo see-through-2  has-icon\"  style=\"border-color: #ffffff; color: #ffffff;\"  href=\"http:\/\/www.ahearn.com\/fr\/contact-us\/\" data-color-override=\"#ffffff\"  data-hover-color-override=\"#ffffff\" data-hover-text-color-override=\"#000000\"><span>S&#039;inscrire maintenant<\/span><i  class=\"icon-button-arrow\"><\/i><\/a>\n\t\t<\/div> \n\t<\/div>\n\t<\/div> \n<\/div><\/div>\n\t\t\t<\/div> \n\t\t<\/div>\n\t<\/div> \n<\/div><\/div>","protected":false},"excerpt":{"rendered":"Voice Technology Solutions Today's approaches to distribution centers (DC) and warehouse material-handling management are evolving. From early paper-based systems to barcoding to wireless mobile computing and now, in another fundamental...","protected":false},"author":2,"featured_media":2373,"parent":0,"menu_order":0,"comment_status":"closed","ping_status":"closed","template":"","meta":{"footnotes":""},"class_list":["post-2372","page","type-page","status-publish","has-post-thumbnail"],"yoast_head":"<!-- This site is optimized with the Yoast SEO plugin v27.2 - https:\/\/yoast.com\/product\/yoast-seo-wordpress\/ -->\r\n<title>Voice Technology Solutions | Mobility Hardware | Ahearn &amp; Soper<\/title>\r\n<meta name=\"description\" content=\"Discover the voice technology solutions which Ahearn &amp; Soper provide which can dramatically improve your business operations.\" \/>\r\n<meta name=\"robots\" content=\"index, follow, max-snippet:-1, max-image-preview:large, max-video-preview:-1\" \/>\r\n<link rel=\"canonical\" href=\"https:\/\/www.ahearn.com\/fr\/voice-technology-solutions\/\" \/>\r\n<meta property=\"og:locale\" content=\"fr_CA\" \/>\r\n<meta property=\"og:type\" content=\"article\" \/>\r\n<meta property=\"og:title\" content=\"Voice Technology Solutions | Mobility Hardware | Ahearn &amp; Soper\" \/>\r\n<meta property=\"og:description\" content=\"Discover the voice technology solutions which Ahearn &amp; Soper provide which can dramatically improve your business operations.\" \/>\r\n<meta property=\"og:url\" content=\"https:\/\/www.ahearn.com\/fr\/voice-technology-solutions\/\" \/>\r\n<meta property=\"og:site_name\" content=\"Ahearn &amp; Soper | proVision WMS\" \/>\r\n<meta property=\"article:modified_time\" content=\"2025-05-06T15:56:48+00:00\" \/>\r\n<meta property=\"og:image\" content=\"https:\/\/www.ahearn.com\/wp-content\/uploads\/2020\/01\/voice-solutions.jpg\" \/>\r\n\t<meta property=\"og:image:width\" content=\"1600\" \/>\r\n\t<meta property=\"og:image:height\" content=\"475\" \/>\r\n\t<meta property=\"og:image:type\" content=\"image\/jpeg\" \/>\r\n<meta name=\"twitter:card\" content=\"summary_large_image\" \/>\r\n<meta name=\"twitter:label1\" content=\"Estimation du temps de lecture\" \/>\n\t<meta name=\"twitter:data1\" content=\"9 minutes\" \/>\r\n<script type=\"application\/ld+json\" class=\"yoast-schema-graph\">{\"@context\":\"https:\/\/schema.org\",\"@graph\":[{\"@type\":\"WebPage\",\"@id\":\"https:\/\/www.ahearn.com\/voice-technology-solutions\/\",\"url\":\"https:\/\/www.ahearn.com\/voice-technology-solutions\/\",\"name\":\"Voice Technology Solutions | Mobility Hardware | Ahearn & Soper\",\"isPartOf\":{\"@id\":\"https:\/\/www.ahearn.com\/#website\"},\"primaryImageOfPage\":{\"@id\":\"https:\/\/www.ahearn.com\/voice-technology-solutions\/#primaryimage\"},\"image\":{\"@id\":\"https:\/\/www.ahearn.com\/voice-technology-solutions\/#primaryimage\"},\"thumbnailUrl\":\"https:\/\/www.ahearn.com\/wp-content\/uploads\/2020\/01\/voice-solutions.jpg\",\"datePublished\":\"2020-01-15T20:24:59+00:00\",\"dateModified\":\"2025-05-06T15:56:48+00:00\",\"description\":\"Discover the voice technology solutions which Ahearn & Soper provide which can dramatically improve your business operations.\",\"breadcrumb\":{\"@id\":\"https:\/\/www.ahearn.com\/voice-technology-solutions\/#breadcrumb\"},\"inLanguage\":\"fr-CA\",\"potentialAction\":[{\"@type\":\"ReadAction\",\"target\":[\"https:\/\/www.ahearn.com\/voice-technology-solutions\/\"]}]},{\"@type\":\"ImageObject\",\"inLanguage\":\"fr-CA\",\"@id\":\"https:\/\/www.ahearn.com\/voice-technology-solutions\/#primaryimage\",\"url\":\"https:\/\/www.ahearn.com\/wp-content\/uploads\/2020\/01\/voice-solutions.jpg\",\"contentUrl\":\"https:\/\/www.ahearn.com\/wp-content\/uploads\/2020\/01\/voice-solutions.jpg\",\"width\":1600,\"height\":475,\"caption\":\"Voice Solutions\"},{\"@type\":\"BreadcrumbList\",\"@id\":\"https:\/\/www.ahearn.com\/voice-technology-solutions\/#breadcrumb\",\"itemListElement\":[{\"@type\":\"ListItem\",\"position\":1,\"name\":\"Home\",\"item\":\"https:\/\/www.ahearn.com\/\"},{\"@type\":\"ListItem\",\"position\":2,\"name\":\"Voice Technology Solutions\"}]},{\"@type\":\"WebSite\",\"@id\":\"https:\/\/www.ahearn.com\/#website\",\"url\":\"https:\/\/www.ahearn.com\/\",\"name\":\"Ahearn &amp; Soper | proVision WMS\",\"description\":\"\",\"potentialAction\":[{\"@type\":\"SearchAction\",\"target\":{\"@type\":\"EntryPoint\",\"urlTemplate\":\"https:\/\/www.ahearn.com\/?s={search_term_string}\"},\"query-input\":{\"@type\":\"PropertyValueSpecification\",\"valueRequired\":true,\"valueName\":\"search_term_string\"}}],\"inLanguage\":\"fr-CA\"}]}<\/script>\r\n<!-- \/ Yoast SEO plugin. -->","yoast_head_json":{"title":"Solutions de technologie vocale | Mat\u00e9riel de mobilit\u00e9 | Ahearn et Soper","description":"D\u00e9couvrez les solutions de technologie vocale fournies par Ahearn &amp; Soper qui peuvent consid\u00e9rablement am\u00e9liorer vos op\u00e9rations commerciales.","robots":{"index":"index","follow":"follow","max-snippet":"max-snippet:-1","max-image-preview":"max-image-preview:large","max-video-preview":"max-video-preview:-1"},"canonical":"https:\/\/www.ahearn.com\/fr\/voice-technology-solutions\/","og_locale":"fr_CA","og_type":"article","og_title":"Voice Technology Solutions | Mobility Hardware | Ahearn & Soper","og_description":"Discover the voice technology solutions which Ahearn & Soper provide which can dramatically improve your business operations.","og_url":"https:\/\/www.ahearn.com\/fr\/voice-technology-solutions\/","og_site_name":"Ahearn &amp; Soper | proVision WMS","article_modified_time":"2025-05-06T15:56:48+00:00","og_image":[{"width":1600,"height":475,"url":"https:\/\/www.ahearn.com\/wp-content\/uploads\/2020\/01\/voice-solutions.jpg","type":"image\/jpeg"}],"twitter_card":"summary_large_image","twitter_misc":{"Estimation du temps de lecture":"9 minutes"},"schema":{"@context":"https:\/\/schema.org","@graph":[{"@type":"WebPage","@id":"https:\/\/www.ahearn.com\/voice-technology-solutions\/","url":"https:\/\/www.ahearn.com\/voice-technology-solutions\/","name":"Solutions de technologie vocale | Mat\u00e9riel de mobilit\u00e9 | Ahearn et Soper","isPartOf":{"@id":"https:\/\/www.ahearn.com\/#website"},"primaryImageOfPage":{"@id":"https:\/\/www.ahearn.com\/voice-technology-solutions\/#primaryimage"},"image":{"@id":"https:\/\/www.ahearn.com\/voice-technology-solutions\/#primaryimage"},"thumbnailUrl":"https:\/\/www.ahearn.com\/wp-content\/uploads\/2020\/01\/voice-solutions.jpg","datePublished":"2020-01-15T20:24:59+00:00","dateModified":"2025-05-06T15:56:48+00:00","description":"D\u00e9couvrez les solutions de technologie vocale fournies par Ahearn &amp; Soper qui peuvent consid\u00e9rablement am\u00e9liorer vos op\u00e9rations commerciales.","breadcrumb":{"@id":"https:\/\/www.ahearn.com\/voice-technology-solutions\/#breadcrumb"},"inLanguage":"fr-CA","potentialAction":[{"@type":"ReadAction","target":["https:\/\/www.ahearn.com\/voice-technology-solutions\/"]}]},{"@type":"ImageObject","inLanguage":"fr-CA","@id":"https:\/\/www.ahearn.com\/voice-technology-solutions\/#primaryimage","url":"https:\/\/www.ahearn.com\/wp-content\/uploads\/2020\/01\/voice-solutions.jpg","contentUrl":"https:\/\/www.ahearn.com\/wp-content\/uploads\/2020\/01\/voice-solutions.jpg","width":1600,"height":475,"caption":"Voice Solutions"},{"@type":"BreadcrumbList","@id":"https:\/\/www.ahearn.com\/voice-technology-solutions\/#breadcrumb","itemListElement":[{"@type":"ListItem","position":1,"name":"Home","item":"https:\/\/www.ahearn.com\/"},{"@type":"ListItem","position":2,"name":"Voice Technology Solutions"}]},{"@type":"WebSite","@id":"https:\/\/www.ahearn.com\/#website","url":"https:\/\/www.ahearn.com\/","name":"Ahearn &amp; Soper | proVision WMS","description":"","potentialAction":[{"@type":"SearchAction","target":{"@type":"EntryPoint","urlTemplate":"https:\/\/www.ahearn.com\/?s={search_term_string}"},"query-input":{"@type":"PropertyValueSpecification","valueRequired":true,"valueName":"search_term_string"}}],"inLanguage":"fr-CA"}]}},"_links":{"self":[{"href":"https:\/\/www.ahearn.com\/fr\/wp-json\/wp\/v2\/pages\/2372","targetHints":{"allow":["GET"]}}],"collection":[{"href":"https:\/\/www.ahearn.com\/fr\/wp-json\/wp\/v2\/pages"}],"about":[{"href":"https:\/\/www.ahearn.com\/fr\/wp-json\/wp\/v2\/types\/page"}],"author":[{"embeddable":true,"href":"https:\/\/www.ahearn.com\/fr\/wp-json\/wp\/v2\/users\/2"}],"replies":[{"embeddable":true,"href":"https:\/\/www.ahearn.com\/fr\/wp-json\/wp\/v2\/comments?post=2372"}],"version-history":[{"count":18,"href":"https:\/\/www.ahearn.com\/fr\/wp-json\/wp\/v2\/pages\/2372\/revisions"}],"predecessor-version":[{"id":10695,"href":"https:\/\/www.ahearn.com\/fr\/wp-json\/wp\/v2\/pages\/2372\/revisions\/10695"}],"wp:featuredmedia":[{"embeddable":true,"href":"https:\/\/www.ahearn.com\/fr\/wp-json\/wp\/v2\/media\/2373"}],"wp:attachment":[{"href":"https:\/\/www.ahearn.com\/fr\/wp-json\/wp\/v2\/media?parent=2372"}],"curies":[{"name":"wp","href":"https:\/\/api.w.org\/{rel}","templated":true}]}}