{"id":2175,"date":"2019-12-12T17:49:40","date_gmt":"2019-12-12T17:49:40","guid":{"rendered":"http:\/\/dev.ahearn.com\/?page_id=2175"},"modified":"2025-05-05T15:39:21","modified_gmt":"2025-05-05T15:39:21","slug":"card-printer-accessories","status":"publish","type":"page","link":"https:\/\/www.ahearn.com\/fr\/accessoires-dimprimante-de-cartes\/","title":{"rendered":"Accessoires d'imprimantes de cartes"},"content":{"rendered":"<div id=\"fws_69d64d53e9659\"  data-column-margin=\"default\" data-midnight=\"dark\"  class=\"wpb_row vc_row-fluid vc_row full-width-content parallax_section\"  style=\"padding-top: 0px; padding-bottom: 0px; \"><div class=\"row-bg-wrap\" data-bg-animation=\"none\" data-bg-overlay=\"false\"><div class=\"inner-wrap\"><div class=\"row-bg\" data-parallax-speed=\"slow\" style=\"\"><\/div><\/div><div class=\"row-bg-overlay\" ><\/div><\/div><ul class=\"nectar-parallax-scene\" data-scene-position=\"center\" data-scene-strength=\"10\"><li class=\"layer\" data-depth=\"0.00\"><\/li><\/ul><div class=\"row_col_wrap_12 col span_12 dark left\">\n\t<div  class=\"vc_col-sm-12 wpb_column column_container vc_column_container col no-extra-padding inherit_tablet inherit_phone\"  data-t-w-inherits=\"default\" data-bg-cover=\"\" data-padding-pos=\"all\" data-has-bg-color=\"false\" data-bg-color=\"\" data-bg-opacity=\"1\" data-hover-bg=\"\" data-hover-bg-opacity=\"1\" data-animation=\"\" data-delay=\"0\" >\n\t\t<div class=\"vc_column-inner\" ><div class=\"column-bg-overlay-wrap\" data-bg-animation=\"none\"><div class=\"column-bg-overlay\"><\/div><\/div>\n\t\t\t<div class=\"wpb_wrapper\">\n\t\t\t\t<div class=\"divider-wrap\" data-alignment=\"default\"><div style=\"height: 25px;\" class=\"divider\"><\/div><\/div><h1 style=\"font-size: 30px;text-align: center;font-family:Lato;font-weight:400;font-style:normal\" class=\"vc_custom_heading\" >Accessoires d'imprimantes de cartes<\/h1>\n\t\t\t<\/div> \n\t\t<\/div>\n\t<\/div> \n<\/div><\/div>\n\t\t<div id=\"fws_69d64d53ea2ca\"  data-column-margin=\"default\" data-midnight=\"dark\"  class=\"wpb_row vc_row-fluid vc_row standard_section\"  style=\"padding-top: 0px; padding-bottom: 0px; \"><div class=\"row-bg-wrap\" data-bg-animation=\"none\" data-bg-overlay=\"false\"><div class=\"inner-wrap\"><div class=\"row-bg\"  style=\"\"><\/div><\/div><div class=\"row-bg-overlay\" ><\/div><\/div><div class=\"row_col_wrap_12 col span_12 dark left\">\n\t<div  class=\"vc_col-sm-12 wpb_column column_container vc_column_container col no-extra-padding inherit_tablet inherit_phone\"  data-t-w-inherits=\"default\" data-bg-cover=\"\" data-padding-pos=\"all\" data-has-bg-color=\"false\" data-bg-color=\"\" data-bg-opacity=\"1\" data-hover-bg=\"\" data-hover-bg-opacity=\"1\" data-animation=\"\" data-delay=\"0\" >\n\t\t<div class=\"vc_column-inner\" ><div class=\"column-bg-overlay-wrap\" data-bg-animation=\"none\"><div class=\"column-bg-overlay\"><\/div><\/div>\n\t\t\t<div class=\"wpb_wrapper\">\n\t\t\t\t\r\n<div class=\"wpb_text_column wpb_content_element\" >\r\n\t<div class=\"wpb_wrapper\">\r\n\t\t<p>Dans le monde actuel de s\u00e9curit\u00e9 renforc\u00e9e, le besoin de produits d&#039;identification a augment\u00e9. Parall\u00e8lement \u00e0 ce besoin vient l&#039;exigence suppl\u00e9mentaire de savoir comment rendre l&#039;identification du personnel confortable \u00e0 porter, fonctionnelle, attrayante et abordable pour tous les budgets. pi\u00e8ces jointes. Notre vaste gamme d&#039;accessoires est disponible pour assortir votre image d&#039;entreprise avec les diff\u00e9rents styles et couleurs au choix.<\/p>\n<p>La gamme d&#039;accessoires pour imprimantes \u00e0 cartes Ahearn &amp; Soper est fabriqu\u00e9e \u00e0 partir de mat\u00e9riaux de haute qualit\u00e9 qui r\u00e9pondent ou d\u00e9passent les attentes en termes de performances et de long\u00e9vit\u00e9 des produits. Veuillez consulter notre catalogue d&#039;accessoires en ligne pour une s\u00e9lection de longes, porte-badges, bobines de badges et autres accessoires. Veuillez nous contacter pour toute information suppl\u00e9mentaire, prix ou livraison.<\/p>\n<p>Voir notre <a style=\"color: mediumblue;\" href=\"http:\/\/www.view-my-catalog.com\/ahearn\/\" target=\"_blank\" rel=\"noopener noreferrer\">Catalogue de produits ID<\/a> aujourd&#039;hui pour voir notre gamme de fournitures d&#039;imprimante de cartes disponibles \u00e0 la commande ou <a href=\"https:\/\/www.ahearn.com\/fr\/request-more-information\/\">demander plus d&#039;informations<\/a>.<\/p>\n\t<\/div>\r\n<\/div>\r\n\r\n\r\n\r\n\n\t\t\t<\/div> \n\t\t<\/div>\n\t<\/div> \n<\/div><\/div>\n\t\t<div id=\"fws_69d64d53ea7dd\"  data-column-margin=\"default\" data-midnight=\"dark\"  class=\"wpb_row vc_row-fluid vc_row full-width-content  vc_row-o-equal-height vc_row-flex  vc_row-o-content-middle standard_section\"  style=\"padding-top: 0px; padding-bottom: 0px; \"><div class=\"row-bg-wrap\" data-bg-animation=\"none\" data-bg-overlay=\"false\"><div class=\"inner-wrap\"><div class=\"row-bg\"  style=\"\"><\/div><\/div><div class=\"row-bg-overlay\" ><\/div><\/div><div class=\"row_col_wrap_12 col span_12 dark left\">\n\t<div style=\"\" class=\"vc_col-sm-6 wpb_column column_container vc_column_container col centered-text padding-10-percent inherit_tablet inherit_phone\" data-using-bg=\"true\" data-t-w-inherits=\"default\" data-bg-cover=\"\" data-padding-pos=\"all\" data-has-bg-color=\"true\" data-bg-color=\"#f7f7f7\" data-bg-opacity=\"1\" data-hover-bg=\"\" data-hover-bg-opacity=\"1\" data-animation=\"\" data-delay=\"0\" >\n\t\t<div class=\"vc_column-inner\" ><div class=\"column-bg-overlay-wrap\" data-bg-animation=\"none\"><div class=\"column-bg-overlay\" style=\"opacity: 1; background-color: #f7f7f7;\"><\/div><\/div>\n\t\t\t<div class=\"wpb_wrapper\">\n\t\t\t\t<div class=\"nectar_icon_wrap\" data-style=\"border-basic\" data-draw=\"\" data-border-thickness=\"2px\" data-padding=\"25px\" data-color=\"black\" style=\"margin-bottom: 15px; \" >\r\n\t\t<div class=\"nectar_icon\" ><i style=\"font-size: 40px; line-height: 60px; height: 60px; width: 60px;\" class=\"fa fa-at\"><\/i><\/div>\r\n\t<\/div><div class=\"divider-wrap\" data-alignment=\"default\"><div style=\"height: 10px;\" class=\"divider\"><\/div><\/div>\r\n<div class=\"wpb_text_column wpb_content_element\" style=\" max-width: 315px; display: inline-block;\">\r\n\t<div class=\"wpb_wrapper\">\r\n\t\t<h2 style=\"font-size:25px;\">Contactez Ahearn &amp; Soper<\/h2>\n\t<\/div>\r\n<\/div>\r\n\r\n\r\n\r\n<div class=\"divider-wrap\" data-alignment=\"default\"><div style=\"height: 5px;\" class=\"divider\"><\/div><\/div>\r\n<div class=\"wpb_text_column wpb_content_element  vc_custom_1746459314099\" style=\" max-width: 350px; display: inline-block;\">\r\n\t<div class=\"wpb_wrapper\">\r\n\t\t<p><span style=\"color: #000;\">Pour en savoir plus sur nos produits et services, contactez-nous d\u00e8s aujourd&#039;hui.<\/span><\/p>\n\t<\/div>\r\n<\/div>\r\n\r\n\r\n\r\n<div class=\"nectar-cta\" data-color=\"default\" data-using-bg=\"false\" data-style=\"see-through\" data-display=\"block\" data-alignment=\"center\" data-text-color=\"custom\" ><h3 style=\"color: #000000;\"> <span class=\"text\"> <\/span><span class=\"link_wrap\" ><a  class=\"link_text\" href=\"http:\/\/www.ahearn.com\/fr\/contact-us\/\">Contactez-nous d\u00e8s aujourd&#039;hui<span class=\"arrow\"><\/span><\/a><\/span><\/h3><\/div>\n\t\t\t<\/div> \n\t\t<\/div>\n\t<\/div> \n\n\t<div style=\"\" class=\"vc_col-sm-6 wpb_column column_container vc_column_container col centered-text padding-10-percent inherit_tablet inherit_phone\" data-using-bg=\"true\" data-t-w-inherits=\"default\" data-bg-cover=\"\" data-padding-pos=\"all\" data-has-bg-color=\"true\" data-bg-color=\"#ffffff\" data-bg-opacity=\"1\" data-hover-bg=\"\" data-hover-bg-opacity=\"1\" data-animation=\"\" data-delay=\"0\" >\n\t\t<div class=\"vc_column-inner\" ><div class=\"column-bg-overlay-wrap\" data-bg-animation=\"none\"><div class=\"column-bg-overlay\" style=\"opacity: 1; background-color: #ffffff;\"><\/div><\/div>\n\t\t\t<div class=\"wpb_wrapper\">\n\t\t\t\t<div class=\"nectar_icon_wrap\" data-style=\"border-basic\" data-draw=\"\" data-border-thickness=\"2px\" data-padding=\"25px\" data-color=\"extra-color-3\" style=\"margin-bottom: 15px; \" >\r\n\t\t<div class=\"nectar_icon\" ><i style=\"font-size: 40px; line-height: 60px; height: 60px; width: 60px;\" class=\"fa fa-shopping-cart\"><\/i><\/div>\r\n\t<\/div><div class=\"divider-wrap\" data-alignment=\"default\"><div style=\"height: 10px;\" class=\"divider\"><\/div><\/div>\r\n<div class=\"wpb_text_column wpb_content_element\" style=\" max-width: 315px; display: inline-block;\">\r\n\t<div class=\"wpb_wrapper\">\r\n\t\t<h2 style=\"font-size: 25px;\">Visitez notre boutique en ligne<\/h2>\n\t<\/div>\r\n<\/div>\r\n\r\n\r\n\r\n<div class=\"divider-wrap\" data-alignment=\"default\"><div style=\"height: 5px;\" class=\"divider\"><\/div><\/div>\r\n<div class=\"wpb_text_column wpb_content_element  vc_custom_1746459463351\" style=\" max-width: 350px; display: inline-block;\">\r\n\t<div class=\"wpb_wrapper\">\r\n\t\t<p><span style=\"color: #000;\">Visitez notre boutique en ligne pour voir notre gamme de produits des meilleurs fabricants de l&#039;industrie<\/span><\/p>\n\t<\/div>\r\n<\/div>\r\n\r\n\r\n\r\n<div class=\"nectar-cta\" data-color=\"default\" data-using-bg=\"false\" data-style=\"see-through\" data-display=\"block\" data-alignment=\"center\" data-text-color=\"custom\" ><h3 style=\"color: #000000;\"> <span class=\"text\"> <\/span><span class=\"link_wrap\" ><a  class=\"link_text\" href=\"http:\/\/storefront.ahearn.com\/\">Voir notre boutique en ligne<span class=\"arrow\"><\/span><\/a><\/span><\/h3><\/div>\n\t\t\t<\/div> \n\t\t<\/div>\n\t<\/div> \n<\/div><\/div>\n\t\t<div id=\"fws_69d64d53eb8c2\"  data-column-margin=\"default\" data-midnight=\"light\"  class=\"wpb_row vc_row-fluid vc_row full-width-section  vc_row-o-equal-height vc_row-flex  vc_row-o-content-middle standard_section\"  style=\"padding-top: 80px; padding-bottom: 80px; \"><div class=\"row-bg-wrap\" data-bg-animation=\"none\" data-bg-overlay=\"true\"><div class=\"inner-wrap\"><div class=\"row-bg\"  style=\"\"><\/div><\/div><div class=\"row-bg-overlay\" style=\"background-color:#223f56;  opacity: 0.95; \"><\/div><\/div><div class=\"row_col_wrap_12 col span_12 light left\">\n\t<div  class=\"vc_col-sm-5 wpb_column column_container vc_column_container col no-extra-padding inherit_tablet inherit_phone\"  data-t-w-inherits=\"default\" data-bg-cover=\"\" data-padding-pos=\"all\" data-has-bg-color=\"false\" data-bg-color=\"\" data-bg-opacity=\"1\" data-hover-bg=\"\" data-hover-bg-opacity=\"1\" data-animation=\"\" data-delay=\"0\" >\n\t\t<div class=\"vc_column-inner\" ><div class=\"column-bg-overlay-wrap\" data-bg-animation=\"none\"><div class=\"column-bg-overlay\"><\/div><\/div>\n\t\t\t<div class=\"wpb_wrapper\">\n\t\t\t\t<div class=\"nectar-highlighted-text\" data-style=\"full_text\" data-using-custom-color=\"false\" data-animation-delay=\"false\" data-color=\"\" data-color-gradient=\"\" style=\"\">\n<h3>Inscrivez-vous aux mises \u00e0 jour Ahearn &amp; Soper<\/h3>\n<p>Depuis 1975, Ahearn &amp; Soper Inc. fournit des logiciels de codes \u00e0 barres et d&#039;identification, du mat\u00e9riel, des fournitures et des services qui am\u00e9liorent la pr\u00e9cision, le suivi et l&#039;efficacit\u00e9 des op\u00e9rations de distribution, de fabrication et de soins de sant\u00e9.<\/div>\n\t\t\t<\/div> \n\t\t<\/div>\n\t<\/div> \n\n\t<div  class=\"vc_col-sm-1 wpb_column column_container vc_column_container col no-extra-padding inherit_tablet inherit_phone\"  data-t-w-inherits=\"default\" data-bg-cover=\"\" data-padding-pos=\"all\" data-has-bg-color=\"false\" data-bg-color=\"\" data-bg-opacity=\"1\" data-hover-bg=\"\" data-hover-bg-opacity=\"1\" data-animation=\"\" data-delay=\"0\" >\n\t\t<div class=\"vc_column-inner\" ><div class=\"column-bg-overlay-wrap\" data-bg-animation=\"none\"><div class=\"column-bg-overlay\"><\/div><\/div>\n\t\t\t<div class=\"wpb_wrapper\">\n\t\t\t\t\n\t\t\t<\/div> \n\t\t<\/div>\n\t<\/div> \n\n\t<div  class=\"vc_col-sm-6 wpb_column column_container vc_column_container col no-extra-padding inherit_tablet inherit_phone\"  data-t-w-inherits=\"default\" data-bg-cover=\"\" data-padding-pos=\"all\" data-has-bg-color=\"false\" data-bg-color=\"\" data-bg-opacity=\"1\" data-hover-bg=\"\" data-hover-bg-opacity=\"1\" data-animation=\"\" data-delay=\"0\" >\n\t\t<div class=\"vc_column-inner\" ><div class=\"column-bg-overlay-wrap\" data-bg-animation=\"none\"><div class=\"column-bg-overlay\"><\/div><\/div>\n\t\t\t<div class=\"wpb_wrapper\">\n\t\t\t\t<div id=\"fws_69d64d53ebff4\" data-midnight=\"\" data-column-margin=\"default\" class=\"wpb_row vc_row-fluid vc_row inner_row standard_section\"  style=\"padding-top: 0px; padding-bottom: 0px; \"><div class=\"row-bg-wrap\"> <div class=\"row-bg\" ><\/div> <\/div><div class=\"row_col_wrap_12_inner col span_12  right\">\n\t<div  class=\"vc_col-sm-12 wpb_column column_container vc_column_container col child_column no-extra-padding inherit_tablet inherit_phone\"   data-t-w-inherits=\"default\" data-bg-cover=\"\" data-padding-pos=\"all\" data-has-bg-color=\"false\" data-bg-color=\"\" data-bg-opacity=\"1\" data-hover-bg=\"\" data-hover-bg-opacity=\"1\" data-animation=\"\" data-delay=\"0\">\n\t\t<div class=\"vc_column-inner\" ><div class=\"column-bg-overlay-wrap\" data-bg-animation=\"none\"><div class=\"column-bg-overlay\"><\/div><\/div>\n\t\t<div class=\"wpb_wrapper\">\n\t\t\t<a class=\"nectar-button jumbo see-through-2  has-icon\"  style=\"border-color: #ffffff; color: #ffffff;\"  href=\"http:\/\/www.ahearn.com\/fr\/newsletter\/\" data-color-override=\"#ffffff\"  data-hover-color-override=\"#ffffff\" data-hover-text-color-override=\"#000000\"><span>S&#039;inscrire maintenant<\/span><i  class=\"icon-button-arrow\"><\/i><\/a>\n\t\t<\/div> \n\t<\/div>\n\t<\/div> \n<\/div><\/div>\n\t\t\t<\/div> \n\t\t<\/div>\n\t<\/div> \n<\/div><\/div>","protected":false},"excerpt":{"rendered":"Card Printer Accessories In today\u2019s world of heightened security, the need for identification products has increased. Along with this need comes the additional requirement of how to make personnel identification...","protected":false},"author":2,"featured_media":0,"parent":0,"menu_order":0,"comment_status":"closed","ping_status":"closed","template":"","meta":{"footnotes":""},"class_list":["post-2175","page","type-page","status-publish"],"yoast_head":"<!-- This site is optimized with the Yoast SEO plugin v27.2 - https:\/\/yoast.com\/product\/yoast-seo-wordpress\/ -->\r\n<title>Card Printer Accessories | Identification | Ahearn &amp; Soper<\/title>\r\n<meta name=\"description\" content=\"Ahearn &amp; Soper\u2019s line of card printer accessories are made of high quality materials that meet or exceed your expectation.\" \/>\r\n<meta name=\"robots\" content=\"index, follow, max-snippet:-1, max-image-preview:large, max-video-preview:-1\" \/>\r\n<link rel=\"canonical\" href=\"https:\/\/www.ahearn.com\/fr\/card-printer-accessories\/\" \/>\r\n<meta property=\"og:locale\" content=\"fr_CA\" \/>\r\n<meta property=\"og:type\" content=\"article\" \/>\r\n<meta property=\"og:title\" content=\"Card Printer Accessories | Identification | Ahearn &amp; Soper\" \/>\r\n<meta property=\"og:description\" content=\"Ahearn &amp; Soper\u2019s line of card printer accessories are made of high quality materials that meet or exceed your expectation.\" \/>\r\n<meta property=\"og:url\" content=\"https:\/\/www.ahearn.com\/fr\/card-printer-accessories\/\" \/>\r\n<meta property=\"og:site_name\" content=\"Ahearn &amp; Soper | proVision WMS\" \/>\r\n<meta property=\"article:modified_time\" content=\"2025-05-05T15:39:21+00:00\" \/>\r\n<meta name=\"twitter:card\" content=\"summary_large_image\" \/>\r\n<meta name=\"twitter:label1\" content=\"Estimation du temps de lecture\" \/>\n\t<meta name=\"twitter:data1\" content=\"7 minutes\" \/>\r\n<script type=\"application\/ld+json\" class=\"yoast-schema-graph\">{\"@context\":\"https:\/\/schema.org\",\"@graph\":[{\"@type\":\"WebPage\",\"@id\":\"https:\/\/www.ahearn.com\/card-printer-accessories\/\",\"url\":\"https:\/\/www.ahearn.com\/card-printer-accessories\/\",\"name\":\"Card Printer Accessories | Identification | Ahearn & Soper\",\"isPartOf\":{\"@id\":\"https:\/\/www.ahearn.com\/#website\"},\"datePublished\":\"2019-12-12T17:49:40+00:00\",\"dateModified\":\"2025-05-05T15:39:21+00:00\",\"description\":\"Ahearn & Soper\u2019s line of card printer accessories are made of high quality materials that meet or exceed your expectation.\",\"breadcrumb\":{\"@id\":\"https:\/\/www.ahearn.com\/card-printer-accessories\/#breadcrumb\"},\"inLanguage\":\"fr-CA\",\"potentialAction\":[{\"@type\":\"ReadAction\",\"target\":[\"https:\/\/www.ahearn.com\/card-printer-accessories\/\"]}]},{\"@type\":\"BreadcrumbList\",\"@id\":\"https:\/\/www.ahearn.com\/card-printer-accessories\/#breadcrumb\",\"itemListElement\":[{\"@type\":\"ListItem\",\"position\":1,\"name\":\"Home\",\"item\":\"https:\/\/www.ahearn.com\/\"},{\"@type\":\"ListItem\",\"position\":2,\"name\":\"Identification\"}]},{\"@type\":\"WebSite\",\"@id\":\"https:\/\/www.ahearn.com\/#website\",\"url\":\"https:\/\/www.ahearn.com\/\",\"name\":\"Ahearn &amp; Soper | proVision WMS\",\"description\":\"\",\"potentialAction\":[{\"@type\":\"SearchAction\",\"target\":{\"@type\":\"EntryPoint\",\"urlTemplate\":\"https:\/\/www.ahearn.com\/?s={search_term_string}\"},\"query-input\":{\"@type\":\"PropertyValueSpecification\",\"valueRequired\":true,\"valueName\":\"search_term_string\"}}],\"inLanguage\":\"fr-CA\"}]}<\/script>\r\n<!-- \/ Yoast SEO plugin. -->","yoast_head_json":{"title":"Accessoires pour imprimantes \u00e0 cartes | Identification | Ahearn &amp; Soper","description":"La gamme d&#039;accessoires pour imprimantes de cartes Ahearn &amp; Soper est faite de mat\u00e9riaux de haute qualit\u00e9 qui r\u00e9pondent ou d\u00e9passent vos attentes.","robots":{"index":"index","follow":"follow","max-snippet":"max-snippet:-1","max-image-preview":"max-image-preview:large","max-video-preview":"max-video-preview:-1"},"canonical":"https:\/\/www.ahearn.com\/fr\/card-printer-accessories\/","og_locale":"fr_CA","og_type":"article","og_title":"Card Printer Accessories | Identification | Ahearn & Soper","og_description":"Ahearn & Soper\u2019s line of card printer accessories are made of high quality materials that meet or exceed your expectation.","og_url":"https:\/\/www.ahearn.com\/fr\/card-printer-accessories\/","og_site_name":"Ahearn &amp; Soper | proVision WMS","article_modified_time":"2025-05-05T15:39:21+00:00","twitter_card":"summary_large_image","twitter_misc":{"Estimation du temps de lecture":"7 minutes"},"schema":{"@context":"https:\/\/schema.org","@graph":[{"@type":"WebPage","@id":"https:\/\/www.ahearn.com\/card-printer-accessories\/","url":"https:\/\/www.ahearn.com\/card-printer-accessories\/","name":"Accessoires pour imprimantes \u00e0 cartes | Identification | Ahearn &amp; Soper","isPartOf":{"@id":"https:\/\/www.ahearn.com\/#website"},"datePublished":"2019-12-12T17:49:40+00:00","dateModified":"2025-05-05T15:39:21+00:00","description":"La gamme d&#039;accessoires pour imprimantes de cartes Ahearn &amp; Soper est faite de mat\u00e9riaux de haute qualit\u00e9 qui r\u00e9pondent ou d\u00e9passent vos attentes.","breadcrumb":{"@id":"https:\/\/www.ahearn.com\/card-printer-accessories\/#breadcrumb"},"inLanguage":"fr-CA","potentialAction":[{"@type":"ReadAction","target":["https:\/\/www.ahearn.com\/card-printer-accessories\/"]}]},{"@type":"BreadcrumbList","@id":"https:\/\/www.ahearn.com\/card-printer-accessories\/#breadcrumb","itemListElement":[{"@type":"ListItem","position":1,"name":"Home","item":"https:\/\/www.ahearn.com\/"},{"@type":"ListItem","position":2,"name":"Identification"}]},{"@type":"WebSite","@id":"https:\/\/www.ahearn.com\/#website","url":"https:\/\/www.ahearn.com\/","name":"Ahearn &amp; Soper | proVision WMS","description":"","potentialAction":[{"@type":"SearchAction","target":{"@type":"EntryPoint","urlTemplate":"https:\/\/www.ahearn.com\/?s={search_term_string}"},"query-input":{"@type":"PropertyValueSpecification","valueRequired":true,"valueName":"search_term_string"}}],"inLanguage":"fr-CA"}]}},"_links":{"self":[{"href":"https:\/\/www.ahearn.com\/fr\/wp-json\/wp\/v2\/pages\/2175","targetHints":{"allow":["GET"]}}],"collection":[{"href":"https:\/\/www.ahearn.com\/fr\/wp-json\/wp\/v2\/pages"}],"about":[{"href":"https:\/\/www.ahearn.com\/fr\/wp-json\/wp\/v2\/types\/page"}],"author":[{"embeddable":true,"href":"https:\/\/www.ahearn.com\/fr\/wp-json\/wp\/v2\/users\/2"}],"replies":[{"embeddable":true,"href":"https:\/\/www.ahearn.com\/fr\/wp-json\/wp\/v2\/comments?post=2175"}],"version-history":[{"count":22,"href":"https:\/\/www.ahearn.com\/fr\/wp-json\/wp\/v2\/pages\/2175\/revisions"}],"predecessor-version":[{"id":10678,"href":"https:\/\/www.ahearn.com\/fr\/wp-json\/wp\/v2\/pages\/2175\/revisions\/10678"}],"wp:attachment":[{"href":"https:\/\/www.ahearn.com\/fr\/wp-json\/wp\/v2\/media?parent=2175"}],"curies":[{"name":"wp","href":"https:\/\/api.w.org\/{rel}","templated":true}]}}