{"id":2128,"date":"2019-12-09T20:56:47","date_gmt":"2019-12-09T20:56:47","guid":{"rendered":"http:\/\/dev.ahearn.com\/?page_id=2128"},"modified":"2025-05-05T15:20:02","modified_gmt":"2025-05-05T15:20:02","slug":"card-printer-ribbons","status":"publish","type":"page","link":"https:\/\/www.ahearn.com\/fr\/rubans-pour-imprimantes-de-cartes\/","title":{"rendered":"Rubans pour imprimantes de cartes"},"content":{"rendered":"<div id=\"fws_69dc034f1fd58\"  data-column-margin=\"default\" data-midnight=\"dark\"  class=\"wpb_row vc_row-fluid vc_row standard_section\"  style=\"padding-top: 0px; padding-bottom: 0px; \"><div class=\"row-bg-wrap\" data-bg-animation=\"none\" data-bg-overlay=\"false\"><div class=\"inner-wrap\"><div class=\"row-bg\"  style=\"\"><\/div><\/div><div class=\"row-bg-overlay\" ><\/div><\/div><div class=\"row_col_wrap_12 col span_12 dark left\">\n\t<div  class=\"vc_col-sm-10 wpb_column column_container vc_column_container col no-extra-padding inherit_tablet inherit_phone\"  data-t-w-inherits=\"default\" data-bg-cover=\"\" data-padding-pos=\"all\" data-has-bg-color=\"false\" data-bg-color=\"\" data-bg-opacity=\"1\" data-hover-bg=\"\" data-hover-bg-opacity=\"1\" data-animation=\"\" data-delay=\"0\" >\n\t\t<div class=\"vc_column-inner\" ><div class=\"column-bg-overlay-wrap\" data-bg-animation=\"none\"><div class=\"column-bg-overlay\"><\/div><\/div>\n\t\t\t<div class=\"wpb_wrapper\">\n\t\t\t\t<div class=\"divider-wrap\" data-alignment=\"default\"><div style=\"height: 25px;\" class=\"divider\"><\/div><\/div><h1 style=\"font-size: 30px;text-align: center;font-family:Lato;font-weight:400;font-style:normal\" class=\"vc_custom_heading\" >Rubans pour imprimantes de cartes<\/h1><div class=\"divider-wrap\" data-alignment=\"default\"><div style=\"height: 10px;\" class=\"divider\"><\/div><\/div>\r\n<div class=\"wpb_text_column wpb_content_element\" >\r\n\t<div class=\"wpb_wrapper\">\r\n\t\t<p>Lors de l&#039;achat d&#039;une imprimante \u00e0 cartes, vous devez disposer des rubans appropri\u00e9s pour votre application. Chez Ahearn &amp; Soper, nous stockons une gamme compl\u00e8te de rubans et de lamin\u00e9s pour imprimantes \u00e0 cartes. Rubans polychromes et monochromes, films transparents et stratifi\u00e9s hologrammes. Nous proposons des rubans et des lamin\u00e9s pour les imprimantes de cartes DataCard, Evolis, HID Fargo, IDP, Nisca et Zebra. Vous ne savez pas de quel ruban ou stratifi\u00e9 vous avez besoin pour votre imprimante ou application?<\/p>\n<p>Besoin de plus d&#039;informations sur nos rubans d&#039;imprimante de cartes? <a href=\"https:\/\/www.ahearn.com\/fr\/request-more-information\/\" title=\"Nous contacter\">Nous contacter<\/a> aujourd&#039;hui.<\/p>\n\t<\/div>\r\n<\/div>\r\n\r\n\r\n\r\n<div class=\"divider-wrap\" data-alignment=\"default\"><div style=\"height: 25px;\" class=\"divider\"><\/div><\/div>\n\t\t\t<\/div> \n\t\t<\/div>\n\t<\/div> \n\n\t<div  class=\"vc_col-sm-2 wpb_column column_container vc_column_container col no-extra-padding inherit_tablet inherit_phone\"  data-t-w-inherits=\"default\" data-bg-cover=\"\" data-padding-pos=\"all\" data-has-bg-color=\"false\" data-bg-color=\"\" data-bg-opacity=\"1\" data-hover-bg=\"\" data-hover-bg-opacity=\"1\" data-animation=\"\" data-delay=\"0\" >\n\t\t<div class=\"vc_column-inner\" ><div class=\"column-bg-overlay-wrap\" data-bg-animation=\"none\"><div class=\"column-bg-overlay\"><\/div><\/div>\n\t\t\t<div class=\"wpb_wrapper\">\n\t\t\t\t\n\t\t\t<\/div> \n\t\t<\/div>\n\t<\/div> \n<\/div><\/div>\n\t\t<div id=\"fws_69dc034f20d30\"  data-column-margin=\"default\" data-midnight=\"dark\"  class=\"wpb_row vc_row-fluid vc_row full-width-content  vc_row-o-equal-height vc_row-flex  vc_row-o-content-middle standard_section\"  style=\"padding-top: 0px; padding-bottom: 0px; \"><div class=\"row-bg-wrap\" data-bg-animation=\"none\" data-bg-overlay=\"false\"><div class=\"inner-wrap\"><div class=\"row-bg\"  style=\"\"><\/div><\/div><div class=\"row-bg-overlay\" ><\/div><\/div><div class=\"row_col_wrap_12 col span_12 dark left\">\n\t<div style=\"\" class=\"vc_col-sm-6 wpb_column column_container vc_column_container col centered-text padding-10-percent inherit_tablet inherit_phone\" data-using-bg=\"true\" data-t-w-inherits=\"default\" data-bg-cover=\"\" data-padding-pos=\"all\" data-has-bg-color=\"true\" data-bg-color=\"#f7f7f7\" data-bg-opacity=\"1\" data-hover-bg=\"\" data-hover-bg-opacity=\"1\" data-animation=\"\" data-delay=\"0\" >\n\t\t<div class=\"vc_column-inner\" ><div class=\"column-bg-overlay-wrap\" data-bg-animation=\"none\"><div class=\"column-bg-overlay\" style=\"opacity: 1; background-color: #f7f7f7;\"><\/div><\/div>\n\t\t\t<div class=\"wpb_wrapper\">\n\t\t\t\t<div class=\"nectar_icon_wrap\" data-style=\"border-basic\" data-draw=\"\" data-border-thickness=\"2px\" data-padding=\"25px\" data-color=\"black\" style=\"margin-bottom: 15px; \" >\r\n\t\t<div class=\"nectar_icon\" ><i style=\"font-size: 40px; line-height: 60px; height: 60px; width: 60px;\" class=\"fa fa-at\"><\/i><\/div>\r\n\t<\/div><div class=\"divider-wrap\" data-alignment=\"default\"><div style=\"height: 10px;\" class=\"divider\"><\/div><\/div>\r\n<div class=\"wpb_text_column wpb_content_element\" style=\" max-width: 315px; display: inline-block;\">\r\n\t<div class=\"wpb_wrapper\">\r\n\t\t<h2 style=\"font-size:25px;\">Contactez Ahearn &amp; Soper<\/h2>\n\t<\/div>\r\n<\/div>\r\n\r\n\r\n\r\n<div class=\"divider-wrap\" data-alignment=\"default\"><div style=\"height: 5px;\" class=\"divider\"><\/div><\/div>\r\n<div class=\"wpb_text_column wpb_content_element  vc_custom_1746458259618\" style=\" max-width: 350px; display: inline-block;\">\r\n\t<div class=\"wpb_wrapper\">\r\n\t\t<p><span style=\"color: #000;\">Pour en savoir plus sur nos produits et services, contactez-nous d\u00e8s aujourd&#039;hui.<\/span><\/p>\n\t<\/div>\r\n<\/div>\r\n\r\n\r\n\r\n<div class=\"nectar-cta\" data-color=\"default\" data-using-bg=\"false\" data-style=\"see-through\" data-display=\"block\" data-alignment=\"center\" data-text-color=\"custom\" ><h3 style=\"color: #000000;\"> <span class=\"text\"> <\/span><span class=\"link_wrap\" ><a  class=\"link_text\" href=\"http:\/\/www.ahearn.com\/fr\/contact-us\/\">Contactez-nous d\u00e8s aujourd&#039;hui<span class=\"arrow\"><\/span><\/a><\/span><\/h3><\/div>\n\t\t\t<\/div> \n\t\t<\/div>\n\t<\/div> \n\n\t<div style=\"\" class=\"vc_col-sm-6 wpb_column column_container vc_column_container col centered-text padding-10-percent inherit_tablet inherit_phone\" data-using-bg=\"true\" data-t-w-inherits=\"default\" data-bg-cover=\"\" data-padding-pos=\"all\" data-has-bg-color=\"true\" data-bg-color=\"#ffffff\" data-bg-opacity=\"1\" data-hover-bg=\"\" data-hover-bg-opacity=\"1\" data-animation=\"\" data-delay=\"0\" >\n\t\t<div class=\"vc_column-inner\" ><div class=\"column-bg-overlay-wrap\" data-bg-animation=\"none\"><div class=\"column-bg-overlay\" style=\"opacity: 1; background-color: #ffffff;\"><\/div><\/div>\n\t\t\t<div class=\"wpb_wrapper\">\n\t\t\t\t<div class=\"nectar_icon_wrap\" data-style=\"border-basic\" data-draw=\"\" data-border-thickness=\"2px\" data-padding=\"25px\" data-color=\"extra-color-3\" style=\"margin-bottom: 15px; \" >\r\n\t\t<div class=\"nectar_icon\" ><i style=\"font-size: 40px; line-height: 60px; height: 60px; width: 60px;\" class=\"fa fa-shopping-cart\"><\/i><\/div>\r\n\t<\/div><div class=\"divider-wrap\" data-alignment=\"default\"><div style=\"height: 10px;\" class=\"divider\"><\/div><\/div>\r\n<div class=\"wpb_text_column wpb_content_element\" style=\" max-width: 315px; display: inline-block;\">\r\n\t<div class=\"wpb_wrapper\">\r\n\t\t<h2 style=\"font-size:25px;\">Visitez notre boutique en ligne<\/h2>\n\t<\/div>\r\n<\/div>\r\n\r\n\r\n\r\n<div class=\"divider-wrap\" data-alignment=\"default\"><div style=\"height: 5px;\" class=\"divider\"><\/div><\/div>\r\n<div class=\"wpb_text_column wpb_content_element  vc_custom_1746458350037\" style=\" max-width: 350px; display: inline-block;\">\r\n\t<div class=\"wpb_wrapper\">\r\n\t\t<p><span style=\"color: #000;\">Visitez notre boutique en ligne pour voir notre gamme de produits des meilleurs fabricants de l&#039;industrie<\/span><\/p>\n\t<\/div>\r\n<\/div>\r\n\r\n\r\n\r\n<div class=\"nectar-cta\" data-color=\"default\" data-using-bg=\"false\" data-style=\"see-through\" data-display=\"block\" data-alignment=\"center\" data-text-color=\"custom\" ><h3 style=\"color: #000000;\"> <span class=\"text\"> <\/span><span class=\"link_wrap\" ><a  class=\"link_text\" href=\"http:\/\/storefront.ahearn.com\/\">Voir notre boutique en ligne<span class=\"arrow\"><\/span><\/a><\/span><\/h3><\/div>\n\t\t\t<\/div> \n\t\t<\/div>\n\t<\/div> \n<\/div><\/div>\n\t\t<div id=\"fws_69dc034f21de8\"  data-column-margin=\"default\" data-midnight=\"light\"  class=\"wpb_row vc_row-fluid vc_row full-width-section  vc_row-o-equal-height vc_row-flex  vc_row-o-content-middle standard_section\"  style=\"padding-top: 80px; padding-bottom: 80px; \"><div class=\"row-bg-wrap\" data-bg-animation=\"none\" data-bg-overlay=\"true\"><div class=\"inner-wrap\"><div class=\"row-bg\"  style=\"\"><\/div><\/div><div class=\"row-bg-overlay\" style=\"background-color:#223f56;  opacity: 0.95; \"><\/div><\/div><div class=\"row_col_wrap_12 col span_12 light left\">\n\t<div  class=\"vc_col-sm-5 wpb_column column_container vc_column_container col no-extra-padding inherit_tablet inherit_phone\"  data-t-w-inherits=\"default\" data-bg-cover=\"\" data-padding-pos=\"all\" data-has-bg-color=\"false\" data-bg-color=\"\" data-bg-opacity=\"1\" data-hover-bg=\"\" data-hover-bg-opacity=\"1\" data-animation=\"\" data-delay=\"0\" >\n\t\t<div class=\"vc_column-inner\" ><div class=\"column-bg-overlay-wrap\" data-bg-animation=\"none\"><div class=\"column-bg-overlay\"><\/div><\/div>\n\t\t\t<div class=\"wpb_wrapper\">\n\t\t\t\t<div class=\"nectar-highlighted-text\" data-style=\"full_text\" data-using-custom-color=\"false\" data-animation-delay=\"false\" data-color=\"\" data-color-gradient=\"\" style=\"\">\n<h3>Inscrivez-vous aux mises \u00e0 jour Ahearn &amp; Soper<\/h3>\n<p>Depuis 1975, Ahearn &amp; Soper Inc. fournit des logiciels de codes \u00e0 barres et d&#039;identification, du mat\u00e9riel, des fournitures et des services qui am\u00e9liorent la pr\u00e9cision, le suivi et l&#039;efficacit\u00e9 des op\u00e9rations de distribution, de fabrication et de soins de sant\u00e9.<\/div>\n\t\t\t<\/div> \n\t\t<\/div>\n\t<\/div> \n\n\t<div  class=\"vc_col-sm-1 wpb_column column_container vc_column_container col no-extra-padding inherit_tablet inherit_phone\"  data-t-w-inherits=\"default\" data-bg-cover=\"\" data-padding-pos=\"all\" data-has-bg-color=\"false\" data-bg-color=\"\" data-bg-opacity=\"1\" data-hover-bg=\"\" data-hover-bg-opacity=\"1\" data-animation=\"\" data-delay=\"0\" >\n\t\t<div class=\"vc_column-inner\" ><div class=\"column-bg-overlay-wrap\" data-bg-animation=\"none\"><div class=\"column-bg-overlay\"><\/div><\/div>\n\t\t\t<div class=\"wpb_wrapper\">\n\t\t\t\t\n\t\t\t<\/div> \n\t\t<\/div>\n\t<\/div> \n\n\t<div  class=\"vc_col-sm-6 wpb_column column_container vc_column_container col no-extra-padding inherit_tablet inherit_phone\"  data-t-w-inherits=\"default\" data-bg-cover=\"\" data-padding-pos=\"all\" data-has-bg-color=\"false\" data-bg-color=\"\" data-bg-opacity=\"1\" data-hover-bg=\"\" data-hover-bg-opacity=\"1\" data-animation=\"\" data-delay=\"0\" >\n\t\t<div class=\"vc_column-inner\" ><div class=\"column-bg-overlay-wrap\" data-bg-animation=\"none\"><div class=\"column-bg-overlay\"><\/div><\/div>\n\t\t\t<div class=\"wpb_wrapper\">\n\t\t\t\t<div id=\"fws_69dc034f22524\" data-midnight=\"\" data-column-margin=\"default\" class=\"wpb_row vc_row-fluid vc_row inner_row standard_section\"  style=\"padding-top: 0px; padding-bottom: 0px; \"><div class=\"row-bg-wrap\"> <div class=\"row-bg\" ><\/div> <\/div><div class=\"row_col_wrap_12_inner col span_12  right\">\n\t<div  class=\"vc_col-sm-12 wpb_column column_container vc_column_container col child_column no-extra-padding inherit_tablet inherit_phone\"   data-t-w-inherits=\"default\" data-bg-cover=\"\" data-padding-pos=\"all\" data-has-bg-color=\"false\" data-bg-color=\"\" data-bg-opacity=\"1\" data-hover-bg=\"\" data-hover-bg-opacity=\"1\" data-animation=\"\" data-delay=\"0\">\n\t\t<div class=\"vc_column-inner\" ><div class=\"column-bg-overlay-wrap\" data-bg-animation=\"none\"><div class=\"column-bg-overlay\"><\/div><\/div>\n\t\t<div class=\"wpb_wrapper\">\n\t\t\t<a class=\"nectar-button jumbo see-through-2  has-icon\"  style=\"border-color: #ffffff; color: #ffffff;\"  href=\"http:\/\/www.ahearn.com\/fr\/newsletter\/\" data-color-override=\"#ffffff\"  data-hover-color-override=\"#ffffff\" data-hover-text-color-override=\"#000000\"><span>S&#039;inscrire maintenant<\/span><i  class=\"icon-button-arrow\"><\/i><\/a>\n\t\t<\/div> \n\t<\/div>\n\t<\/div> \n<\/div><\/div>\n\t\t\t<\/div> \n\t\t<\/div>\n\t<\/div> \n<\/div><\/div>","protected":false},"excerpt":{"rendered":"Card Printer Ribbons When purchasing a card printer you need to have the correct card printer ribbons for your application. At Ahearn &amp; Soper we stock a full range of...","protected":false},"author":2,"featured_media":0,"parent":0,"menu_order":0,"comment_status":"closed","ping_status":"closed","template":"","meta":{"footnotes":""},"class_list":["post-2128","page","type-page","status-publish"],"yoast_head":"<!-- This site is optimized with the Yoast SEO plugin v27.2 - https:\/\/yoast.com\/product\/yoast-seo-wordpress\/ -->\r\n<title>Card Printer Ribbons | Identification | Ahearn &amp; Soper<\/title>\r\n<meta name=\"description\" content=\"Discover the ID card printer ribbons full-colour and monochrome available to order from the leading card printer manufacturers within the industry.\" \/>\r\n<meta name=\"robots\" content=\"index, follow, max-snippet:-1, max-image-preview:large, max-video-preview:-1\" \/>\r\n<link rel=\"canonical\" href=\"https:\/\/www.ahearn.com\/fr\/card-printer-ribbons\/\" \/>\r\n<meta property=\"og:locale\" content=\"fr_CA\" \/>\r\n<meta property=\"og:type\" content=\"article\" \/>\r\n<meta property=\"og:title\" content=\"Card Printer Ribbons | Identification | Ahearn &amp; Soper\" \/>\r\n<meta property=\"og:description\" content=\"Discover the ID card printer ribbons full-colour and monochrome available to order from the leading card printer manufacturers within the industry.\" \/>\r\n<meta property=\"og:url\" content=\"https:\/\/www.ahearn.com\/fr\/card-printer-ribbons\/\" \/>\r\n<meta property=\"og:site_name\" content=\"Ahearn &amp; Soper | proVision WMS\" \/>\r\n<meta property=\"article:modified_time\" content=\"2025-05-05T15:20:02+00:00\" \/>\r\n<meta name=\"twitter:card\" content=\"summary_large_image\" \/>\r\n<meta name=\"twitter:label1\" content=\"Estimation du temps de lecture\" \/>\n\t<meta name=\"twitter:data1\" content=\"6 minutes\" \/>\r\n<script type=\"application\/ld+json\" class=\"yoast-schema-graph\">{\"@context\":\"https:\/\/schema.org\",\"@graph\":[{\"@type\":\"WebPage\",\"@id\":\"https:\/\/www.ahearn.com\/card-printer-ribbons\/\",\"url\":\"https:\/\/www.ahearn.com\/card-printer-ribbons\/\",\"name\":\"Card Printer Ribbons | Identification | Ahearn & Soper\",\"isPartOf\":{\"@id\":\"https:\/\/www.ahearn.com\/#website\"},\"datePublished\":\"2019-12-09T20:56:47+00:00\",\"dateModified\":\"2025-05-05T15:20:02+00:00\",\"description\":\"Discover the ID card printer ribbons full-colour and monochrome available to order from the leading card printer manufacturers within the industry.\",\"breadcrumb\":{\"@id\":\"https:\/\/www.ahearn.com\/card-printer-ribbons\/#breadcrumb\"},\"inLanguage\":\"fr-CA\",\"potentialAction\":[{\"@type\":\"ReadAction\",\"target\":[\"https:\/\/www.ahearn.com\/card-printer-ribbons\/\"]}]},{\"@type\":\"BreadcrumbList\",\"@id\":\"https:\/\/www.ahearn.com\/card-printer-ribbons\/#breadcrumb\",\"itemListElement\":[{\"@type\":\"ListItem\",\"position\":1,\"name\":\"Home\",\"item\":\"https:\/\/www.ahearn.com\/\"},{\"@type\":\"ListItem\",\"position\":2,\"name\":\"Card Printer Ribbons\"}]},{\"@type\":\"WebSite\",\"@id\":\"https:\/\/www.ahearn.com\/#website\",\"url\":\"https:\/\/www.ahearn.com\/\",\"name\":\"Ahearn &amp; Soper | proVision WMS\",\"description\":\"\",\"potentialAction\":[{\"@type\":\"SearchAction\",\"target\":{\"@type\":\"EntryPoint\",\"urlTemplate\":\"https:\/\/www.ahearn.com\/?s={search_term_string}\"},\"query-input\":{\"@type\":\"PropertyValueSpecification\",\"valueRequired\":true,\"valueName\":\"search_term_string\"}}],\"inLanguage\":\"fr-CA\"}]}<\/script>\r\n<!-- \/ Yoast SEO plugin. -->","yoast_head_json":{"title":"Rubans pour imprimantes de cartes | Identification | Ahearn &amp; Soper","description":"D\u00e9couvrez les rubans pour imprimante de cartes d&#039;identit\u00e9 en couleur et monochrome disponibles \u00e0 la commande aupr\u00e8s des principaux fabricants d&#039;imprimantes \u00e0 cartes de l&#039;industrie.","robots":{"index":"index","follow":"follow","max-snippet":"max-snippet:-1","max-image-preview":"max-image-preview:large","max-video-preview":"max-video-preview:-1"},"canonical":"https:\/\/www.ahearn.com\/fr\/card-printer-ribbons\/","og_locale":"fr_CA","og_type":"article","og_title":"Card Printer Ribbons | Identification | Ahearn & Soper","og_description":"Discover the ID card printer ribbons full-colour and monochrome available to order from the leading card printer manufacturers within the industry.","og_url":"https:\/\/www.ahearn.com\/fr\/card-printer-ribbons\/","og_site_name":"Ahearn &amp; Soper | proVision WMS","article_modified_time":"2025-05-05T15:20:02+00:00","twitter_card":"summary_large_image","twitter_misc":{"Estimation du temps de lecture":"6 minutes"},"schema":{"@context":"https:\/\/schema.org","@graph":[{"@type":"WebPage","@id":"https:\/\/www.ahearn.com\/card-printer-ribbons\/","url":"https:\/\/www.ahearn.com\/card-printer-ribbons\/","name":"Rubans pour imprimantes de cartes | Identification | Ahearn &amp; Soper","isPartOf":{"@id":"https:\/\/www.ahearn.com\/#website"},"datePublished":"2019-12-09T20:56:47+00:00","dateModified":"2025-05-05T15:20:02+00:00","description":"D\u00e9couvrez les rubans pour imprimante de cartes d&#039;identit\u00e9 en couleur et monochrome disponibles \u00e0 la commande aupr\u00e8s des principaux fabricants d&#039;imprimantes \u00e0 cartes de l&#039;industrie.","breadcrumb":{"@id":"https:\/\/www.ahearn.com\/card-printer-ribbons\/#breadcrumb"},"inLanguage":"fr-CA","potentialAction":[{"@type":"ReadAction","target":["https:\/\/www.ahearn.com\/card-printer-ribbons\/"]}]},{"@type":"BreadcrumbList","@id":"https:\/\/www.ahearn.com\/card-printer-ribbons\/#breadcrumb","itemListElement":[{"@type":"ListItem","position":1,"name":"Home","item":"https:\/\/www.ahearn.com\/"},{"@type":"ListItem","position":2,"name":"Card Printer Ribbons"}]},{"@type":"WebSite","@id":"https:\/\/www.ahearn.com\/#website","url":"https:\/\/www.ahearn.com\/","name":"Ahearn &amp; Soper | proVision WMS","description":"","potentialAction":[{"@type":"SearchAction","target":{"@type":"EntryPoint","urlTemplate":"https:\/\/www.ahearn.com\/?s={search_term_string}"},"query-input":{"@type":"PropertyValueSpecification","valueRequired":true,"valueName":"search_term_string"}}],"inLanguage":"fr-CA"}]}},"_links":{"self":[{"href":"https:\/\/www.ahearn.com\/fr\/wp-json\/wp\/v2\/pages\/2128","targetHints":{"allow":["GET"]}}],"collection":[{"href":"https:\/\/www.ahearn.com\/fr\/wp-json\/wp\/v2\/pages"}],"about":[{"href":"https:\/\/www.ahearn.com\/fr\/wp-json\/wp\/v2\/types\/page"}],"author":[{"embeddable":true,"href":"https:\/\/www.ahearn.com\/fr\/wp-json\/wp\/v2\/users\/2"}],"replies":[{"embeddable":true,"href":"https:\/\/www.ahearn.com\/fr\/wp-json\/wp\/v2\/comments?post=2128"}],"version-history":[{"count":23,"href":"https:\/\/www.ahearn.com\/fr\/wp-json\/wp\/v2\/pages\/2128\/revisions"}],"predecessor-version":[{"id":10674,"href":"https:\/\/www.ahearn.com\/fr\/wp-json\/wp\/v2\/pages\/2128\/revisions\/10674"}],"wp:attachment":[{"href":"https:\/\/www.ahearn.com\/fr\/wp-json\/wp\/v2\/media?parent=2128"}],"curies":[{"name":"wp","href":"https:\/\/api.w.org\/{rel}","templated":true}]}}