{"id":193,"date":"2019-10-04T15:56:01","date_gmt":"2019-10-04T15:56:01","guid":{"rendered":"http:\/\/dev.ahearn.com\/?page_id=193"},"modified":"2025-04-24T18:27:55","modified_gmt":"2025-04-24T18:27:55","slug":"history","status":"publish","type":"page","link":"https:\/\/www.ahearn.com\/fr\/lhistoire\/","title":{"rendered":"Historique"},"content":{"rendered":"<div id=\"fws_69dc4eb595d9b\"  data-column-margin=\"default\" data-midnight=\"dark\"  class=\"wpb_row vc_row-fluid vc_row standard_section\"  style=\"padding-top: 0px; padding-bottom: 0px; \"><div class=\"row-bg-wrap\" data-bg-animation=\"none\" data-bg-overlay=\"false\"><div class=\"inner-wrap\"><div class=\"row-bg\"  style=\"\"><\/div><\/div><div class=\"row-bg-overlay\" ><\/div><\/div><div class=\"row_col_wrap_12 col span_12 dark left\">\n\t<div  class=\"vc_col-sm-12 wpb_column column_container vc_column_container col no-extra-padding inherit_tablet inherit_phone\"  data-t-w-inherits=\"default\" data-bg-cover=\"\" data-padding-pos=\"all\" data-has-bg-color=\"false\" data-bg-color=\"\" data-bg-opacity=\"1\" data-hover-bg=\"\" data-hover-bg-opacity=\"1\" data-animation=\"\" data-delay=\"0\" >\n\t\t<div class=\"vc_column-inner\" ><div class=\"column-bg-overlay-wrap\" data-bg-animation=\"none\"><div class=\"column-bg-overlay\"><\/div><\/div>\n\t\t\t<div class=\"wpb_wrapper\">\n\t\t\t\t<div id=\"fws_69dc4eb596666\" data-midnight=\"\" data-column-margin=\"default\" class=\"wpb_row vc_row-fluid vc_row inner_row standard_section\"  style=\"padding-top: 0px; padding-bottom: 0px; \"><div class=\"row-bg-wrap\"> <div class=\"row-bg\" ><\/div> <\/div><div class=\"row_col_wrap_12_inner col span_12  center\">\n\t<div  class=\"vc_col-sm-12 wpb_column column_container vc_column_container col child_column no-extra-padding inherit_tablet inherit_phone\"   data-t-w-inherits=\"default\" data-bg-cover=\"\" data-padding-pos=\"all\" data-has-bg-color=\"false\" data-bg-color=\"\" data-bg-opacity=\"1\" data-hover-bg=\"\" data-hover-bg-opacity=\"1\" data-animation=\"\" data-delay=\"0\">\n\t\t<div class=\"vc_column-inner\" ><div class=\"column-bg-overlay-wrap\" data-bg-animation=\"none\"><div class=\"column-bg-overlay\"><\/div><\/div>\n\t\t<div class=\"wpb_wrapper\">\n\t\t\t<div class=\"divider-wrap\" data-alignment=\"default\"><div style=\"height: 25px;\" class=\"divider\"><\/div><\/div><h1 style=\"font-size: 30px;text-align: center;font-family:Lato;font-weight:400;font-style:normal\" class=\"vc_custom_heading\" >Historique<\/h1>\n\t\t<\/div> \n\t<\/div>\n\t<\/div> \n<\/div><\/div>\n\t\t\t<\/div> \n\t\t<\/div>\n\t<\/div> \n<\/div><\/div>\n\t\t<div id=\"fws_69dc4eb597144\"  data-column-margin=\"default\" data-midnight=\"dark\"  class=\"wpb_row vc_row-fluid vc_row standard_section\"  style=\"padding-top: 0px; padding-bottom: 0px; \"><div class=\"row-bg-wrap\" data-bg-animation=\"none\" data-bg-overlay=\"false\"><div class=\"inner-wrap\"><div class=\"row-bg\"  style=\"\"><\/div><\/div><div class=\"row-bg-overlay\" ><\/div><\/div><div class=\"row_col_wrap_12 col span_12 dark left\">\n\t<div  class=\"vc_col-sm-8 wpb_column column_container vc_column_container col no-extra-padding inherit_tablet inherit_phone\"  data-t-w-inherits=\"default\" data-bg-cover=\"\" data-padding-pos=\"all\" data-has-bg-color=\"false\" data-bg-color=\"\" data-bg-opacity=\"1\" data-hover-bg=\"\" data-hover-bg-opacity=\"1\" data-animation=\"\" data-delay=\"0\" >\n\t\t<div class=\"vc_column-inner\" ><div class=\"column-bg-overlay-wrap\" data-bg-animation=\"none\"><div class=\"column-bg-overlay\"><\/div><\/div>\n\t\t\t<div class=\"wpb_wrapper\">\n\t\t\t\t\r\n<div class=\"wpb_text_column wpb_content_element\" >\r\n\t<div class=\"wpb_wrapper\">\r\n\t\t<p><strong>Thomas Ahearn et Warren Soper ont fond\u00e9 Ahearn &amp; Soper en 1881 pour poursuivre les activit\u00e9s de communication, pionnier des appareils t\u00e9l\u00e9graphiques et t\u00e9l\u00e9phoniques.<\/strong><\/p>\n\t<\/div>\r\n<\/div>\r\n\r\n\r\n\r\n\r\n<div class=\"wpb_text_column wpb_content_element\" >\r\n\t<div class=\"wpb_wrapper\">\r\n\t\t<h2>Notre chronologie historique<\/h2>\n<h3><strong>Ann\u00e9es 1890 - Ottawa Electric Railway\u00a0<\/strong><\/h3>\n<ul>\n<li>Le 20 octobre, Ahearn et Soper ont envoy\u00e9 une lettre \u00e0 Ottawa leur proposant de former une entreprise locale pour construire et exploiter un tramway.<\/li>\n<li>A form\u00e9 le Ottawa Electric Railway le 29 juin 1891. Les premi\u00e8res petites voitures \u00e9lectriques sont apparues dans les rues d&#039;Ottawa.<\/li>\n<\/ul>\n<h3>1892 - Thomas Ahearn - Inventeur du four \u00e9lectrique et du po\u00eale<\/h3>\n<p>N\u00e9 \u00e0 Ottawa en 1855, Thomas Ahearn a grandi au cours de la premi\u00e8re \u00e8re du t\u00e9l\u00e9phone et a finalement fond\u00e9 sa propre entreprise en tant qu&#039;entrepreneur en \u00e9lectricit\u00e9.<\/p>\n<h3>Ann\u00e9es 1920 - Premier appel t\u00e9l\u00e9phonique transatlantique<\/h3>\n<ul>\n<li>Organisation de la premi\u00e8re \u00e9mission radiophonique pancanadienne le jour de la f\u00eate du Dominion.<\/li>\n<li>Thomas Ahearn et le Premier ministre, le juge Ernest Lapointe, ont effectu\u00e9 le premier appel t\u00e9l\u00e9phonique transatlantique en Grande-Bretagne pour inaugurer ce service.<\/li>\n<\/ul>\n<h3>1947 - Commission des transports d&#039;Ottawa<\/h3>\n<ul>\n<li>Ottawa Electric Railway a \u00e9t\u00e9 vendu \u00e0 la ville d&#039;Ottawa, ce qui a men\u00e9 \u00e0 la cr\u00e9ation de la Commission des transports d&#039;Ottawa<\/li>\n<\/ul>\n<h3>Ann\u00e9es 50 - Autorisation de vente<\/h3>\n<ul>\n<li>En 1955, Ahearn et Soper re\u00e7oivent l&#039;autorisation de vente de Siemens pour les \u00e9quipements de t\u00e9l\u00e9communication et les instruments scientifiques.<\/li>\n<li>Soci\u00e9t\u00e9 autoris\u00e9e \u00e0 distribuer des \u00e9quipements \u00e9lectriques Siemens en 1959.<\/li>\n<\/ul>\n<h3>1960 - Grands changements<\/h3>\n<ul>\n<li>Harold Soper, neveu du fondateur Warren Soper, vend l&#039;entreprise \u00e0 Industrial Wire &amp; Cable en 1961<\/li>\n<li>En 1962, l&#039;entreprise change \u00e0 nouveau de propri\u00e9taire et est vendue aux familles Paul et Zimmerman<\/li>\n<li>Fournisseur de syst\u00e8mes de collecte de donn\u00e9es bas\u00e9s sur les premi\u00e8res technologies des mini-ordinateurs avec sortie num\u00e9rique sur bande<\/li>\n<\/ul>\n<h3>Ann\u00e9es 1970 - Innovation<\/h3>\n<ul>\n<li>Produit un terminal propri\u00e9taire de traitement de texte \u00abmulti-\u00e9crivain\u00bb en guirlande<\/li>\n<li>Impl\u00e9mentation de syst\u00e8mes de tra\u00e7age pour les clients en CAO, cartographie et autres applications d&#039;imagerie et mise en place d&#039;une expertise dans le traitement d&#039;images raster<\/li>\n<\/ul>\n<h3>Ann\u00e9es 1990 - Production d&#039;\u00e9tiquettes<\/h3>\n<ul>\n<li>D\u00e9veloppement et livraison d&#039;un syst\u00e8me d&#039;impression de panneaux et d&#039;affiches cl\u00e9 en main \u00abMicro-Sign\u00bb<\/li>\n<li>Production interne d&#039;\u00e9tiquettes<\/li>\n<li>Pass\u00e9 des processus de transaction au logiciel<\/li>\n<li>Logiciel propri\u00e9taire int\u00e9gr\u00e9 pour le d\u00e9veloppement personnalis\u00e9<\/li>\n<\/ul>\n<h3><strong>Ann\u00e9es 2000 - Changements<\/strong><\/h3>\n<ul>\n<li>Ajout de deux nouvelles presses<\/li>\n<li>Agrandissement des bureaux pour s&#039;adapter \u00e0 la croissance des processus de fabrication<\/li>\n<li>Acquisition de Capcom Automation<\/li>\n<li>Migration d&#039;outils propri\u00e9taires vers des outils pr\u00eats \u00e0 l&#039;emploi personnalisables<\/li>\n<\/ul>\n<h3>2010 - Le logiciel ProVision WMS est acquis par Ahearn &amp; Soper Inc.<\/h3>\n<ul>\n<li>Devenu partenaire Microsoft Gold Certified en 2010<\/li>\n<li>Certifi\u00e9 Ruckus Wireless en 2014\/2015<\/li>\n<li>Acquis <a href=\"https:\/\/www.ahearn.com\/fr\/provision-wms-warehouse-management-system\/\">proVision WMS<\/a> Logiciel en 2014<\/li>\n<li>Augmentation des ventes \u00e0 Vancouver en 2015<\/li>\n<\/ul>\n\t<\/div>\r\n<\/div>\r\n\r\n\r\n\r\n\n\t\t\t<\/div> \n\t\t<\/div>\n\t<\/div> \n\n\t<div  class=\"vc_col-sm-4 wpb_column column_container vc_column_container col no-extra-padding inherit_tablet inherit_phone\"  data-t-w-inherits=\"default\" data-bg-cover=\"\" data-padding-pos=\"all\" data-has-bg-color=\"false\" data-bg-color=\"\" data-bg-opacity=\"1\" data-hover-bg=\"\" data-hover-bg-opacity=\"1\" data-animation=\"\" data-delay=\"0\" >\n\t\t<div class=\"vc_column-inner\" ><div class=\"column-bg-overlay-wrap\" data-bg-animation=\"none\"><div class=\"column-bg-overlay\"><\/div><\/div>\n\t\t\t<div class=\"wpb_wrapper\">\n\t\t\t\t\n\t<div class=\"wpb_video_widget wpb_content_element vc_clearfix   vc_video-aspect-ratio-169 vc_video-el-width-100 vc_video-align-left\" >\n\t\t<div class=\"wpb_wrapper\">\n\t\t\t\n\t\t\t<div class=\"wpb_video_wrapper\"><iframe loading=\"lazy\" title=\"The Capital Builders: Ahearn &amp; Soper, the &amp; #039; Edisons of Canada &amp; #039;\" width=\"1080\" height=\"608\" src=\"https:\/\/www.youtube.com\/embed\/I6XGz8J_gVk?feature=oembed\" frameborder=\"0\" allow=\"accelerometer; autoplay; encrypted-media; gyroscope; picture-in-picture\" allowfullscreen><\/iframe><\/div>\n\t\t<\/div>\n\t<\/div>\n\n\t\t\t<\/div> \n\t\t<\/div>\n\t<\/div> \n<\/div><\/div>\n\t\t<div id=\"fws_69dc4eb598b9c\"  data-column-margin=\"default\" data-midnight=\"light\"  class=\"wpb_row vc_row-fluid vc_row full-width-section  vc_row-o-equal-height vc_row-flex  vc_row-o-content-middle standard_section\"  style=\"padding-top: 80px; padding-bottom: 80px; \"><div class=\"row-bg-wrap\" data-bg-animation=\"none\" data-bg-overlay=\"true\"><div class=\"inner-wrap\"><div class=\"row-bg using-bg-color\"  style=\"background-color: #ffffff; \"><\/div><\/div><div class=\"row-bg-overlay\" style=\"background-color:#223f56;  opacity: 0.95; \"><\/div><\/div><div class=\"row_col_wrap_12 col span_12 light left\">\n\t<div  class=\"vc_col-sm-5 wpb_column column_container vc_column_container col force-tablet-text-align-center force-phone-text-align-center no-extra-padding inherit_tablet inherit_phone\"  data-t-w-inherits=\"default\" data-bg-cover=\"\" data-padding-pos=\"all\" data-has-bg-color=\"false\" data-bg-color=\"\" data-bg-opacity=\"1\" data-hover-bg=\"\" data-hover-bg-opacity=\"1\" data-animation=\"\" data-delay=\"0\" >\n\t\t<div class=\"vc_column-inner\" ><div class=\"column-bg-overlay-wrap\" data-bg-animation=\"none\"><div class=\"column-bg-overlay\"><\/div><\/div>\n\t\t\t<div class=\"wpb_wrapper\">\n\t\t\t\t<div class=\"nectar-highlighted-text\" data-style=\"half_text\" data-using-custom-color=\"true\" data-animation-delay=\"false\" data-color=\"#ff1053\" data-color-gradient=\"\" style=\"\">\n<h3>Inscrivez-vous aux mises \u00e0 jour Ahearn &amp; Soper<\/h3>\n<p>Depuis 1975, Ahearn &amp; Soper Inc. fournit des logiciels de codes \u00e0 barres et d&#039;identification, du mat\u00e9riel, des fournitures et des services qui am\u00e9liorent la pr\u00e9cision, le suivi et l&#039;efficacit\u00e9 des op\u00e9rations de distribution, de fabrication et de soins de sant\u00e9.<\/div>\n\t\t\t<\/div> \n\t\t<\/div>\n\t<\/div> \n\n\t<div  class=\"vc_col-sm-1 wpb_column column_container vc_column_container col force-tablet-text-align-center force-phone-text-align-center no-extra-padding inherit_tablet inherit_phone\"  data-t-w-inherits=\"default\" data-bg-cover=\"\" data-padding-pos=\"all\" data-has-bg-color=\"false\" data-bg-color=\"\" data-bg-opacity=\"1\" data-hover-bg=\"\" data-hover-bg-opacity=\"1\" data-animation=\"\" data-delay=\"0\" >\n\t\t<div class=\"vc_column-inner\" ><div class=\"column-bg-overlay-wrap\" data-bg-animation=\"none\"><div class=\"column-bg-overlay\"><\/div><\/div>\n\t\t\t<div class=\"wpb_wrapper\">\n\t\t\t\t\n\t\t\t<\/div> \n\t\t<\/div>\n\t<\/div> \n\n\t<div  class=\"vc_col-sm-6 wpb_column column_container vc_column_container col force-tablet-text-align-center force-phone-text-align-center no-extra-padding inherit_tablet inherit_phone\"  data-t-w-inherits=\"default\" data-bg-cover=\"\" data-padding-pos=\"all\" data-has-bg-color=\"false\" data-bg-color=\"\" data-bg-opacity=\"1\" data-hover-bg=\"\" data-hover-bg-opacity=\"1\" data-animation=\"\" data-delay=\"0\" >\n\t\t<div class=\"vc_column-inner\" ><div class=\"column-bg-overlay-wrap\" data-bg-animation=\"none\"><div class=\"column-bg-overlay\"><\/div><\/div>\n\t\t\t<div class=\"wpb_wrapper\">\n\t\t\t\t<div id=\"fws_69dc4eb599352\" data-midnight=\"\" data-column-margin=\"default\" class=\"wpb_row vc_row-fluid vc_row inner_row standard_section\"  style=\"padding-top: 0px; padding-bottom: 0px; \"><div class=\"row-bg-wrap\"> <div class=\"row-bg\" ><\/div> <\/div><div class=\"row_col_wrap_12_inner col span_12  right\">\n\t<div  class=\"vc_col-sm-12 wpb_column column_container vc_column_container col child_column no-extra-padding inherit_tablet inherit_phone\"   data-t-w-inherits=\"default\" data-bg-cover=\"\" data-padding-pos=\"all\" data-has-bg-color=\"false\" data-bg-color=\"\" data-bg-opacity=\"1\" data-hover-bg=\"\" data-hover-bg-opacity=\"1\" data-animation=\"\" data-delay=\"0\">\n\t\t<div class=\"vc_column-inner\" ><div class=\"column-bg-overlay-wrap\" data-bg-animation=\"none\"><div class=\"column-bg-overlay\"><\/div><\/div>\n\t\t<div class=\"wpb_wrapper\">\n\t\t\t<a class=\"nectar-button jumbo see-through-2  has-icon\"  style=\"border-color: #ffffff; color: #ffffff;\"  href=\"http:\/\/www.ahearn.com\/fr\/newsletter\/\" data-color-override=\"#ffffff\"  data-hover-color-override=\"#ffffff\" data-hover-text-color-override=\"#000000\"><span>S&#039;inscrire maintenant<\/span><i  class=\"icon-button-arrow\"><\/i><\/a>\n\t\t<\/div> \n\t<\/div>\n\t<\/div> \n<\/div><\/div>\n\t\t\t<\/div> \n\t\t<\/div>\n\t<\/div> \n<\/div><\/div>","protected":false},"excerpt":{"rendered":"History Thomas Ahearn and Warren Soper founded Ahearn &amp; Soper in 1881 to pursue the communications business, pioneering telegraph and telephone devices. Our History Timeline 1890s - Ottawa Electric Railway\u00a0...","protected":false},"author":2,"featured_media":3783,"parent":0,"menu_order":0,"comment_status":"closed","ping_status":"closed","template":"","meta":{"footnotes":""},"class_list":["post-193","page","type-page","status-publish","has-post-thumbnail"],"yoast_head":"<!-- This site is optimized with the Yoast SEO plugin v27.2 - https:\/\/yoast.com\/product\/yoast-seo-wordpress\/ -->\r\n<title>History | proVision WMS | About Us | Ahearn &amp; Soper<\/title>\r\n<meta name=\"description\" content=\"Discover more about the history of Ahearn &amp; Soper which was founded in 1881 by Thomas Ahearn and Warren Soper pursuing the communications business.\" \/>\r\n<meta name=\"robots\" content=\"index, follow, max-snippet:-1, max-image-preview:large, max-video-preview:-1\" \/>\r\n<link rel=\"canonical\" href=\"https:\/\/www.ahearn.com\/fr\/history\/\" \/>\r\n<meta property=\"og:locale\" content=\"fr_CA\" \/>\r\n<meta property=\"og:type\" content=\"article\" \/>\r\n<meta property=\"og:title\" content=\"History | proVision WMS | About Us | Ahearn &amp; Soper\" \/>\r\n<meta property=\"og:description\" content=\"Discover more about the history of Ahearn &amp; Soper which was founded in 1881 by Thomas Ahearn and Warren Soper pursuing the communications business.\" \/>\r\n<meta property=\"og:url\" content=\"https:\/\/www.ahearn.com\/fr\/history\/\" \/>\r\n<meta property=\"og:site_name\" content=\"Ahearn &amp; Soper | proVision WMS\" \/>\r\n<meta property=\"article:modified_time\" content=\"2025-04-24T18:27:55+00:00\" \/>\r\n<meta property=\"og:image\" content=\"https:\/\/www.ahearn.com\/wp-content\/uploads\/2019\/10\/IMG_4105-94.jpg\" \/>\r\n\t<meta property=\"og:image:width\" content=\"1008\" \/>\r\n\t<meta property=\"og:image:height\" content=\"683\" \/>\r\n\t<meta property=\"og:image:type\" content=\"image\/jpeg\" \/>\r\n<meta name=\"twitter:card\" content=\"summary_large_image\" \/>\r\n<meta name=\"twitter:label1\" content=\"Estimation du temps de lecture\" \/>\n\t<meta name=\"twitter:data1\" content=\"6 minutes\" \/>\r\n<script type=\"application\/ld+json\" class=\"yoast-schema-graph\">{\"@context\":\"https:\/\/schema.org\",\"@graph\":[{\"@type\":\"WebPage\",\"@id\":\"https:\/\/www.ahearn.com\/history\/\",\"url\":\"https:\/\/www.ahearn.com\/history\/\",\"name\":\"History | proVision WMS | About Us | Ahearn & Soper\",\"isPartOf\":{\"@id\":\"https:\/\/www.ahearn.com\/#website\"},\"primaryImageOfPage\":{\"@id\":\"https:\/\/www.ahearn.com\/history\/#primaryimage\"},\"image\":{\"@id\":\"https:\/\/www.ahearn.com\/history\/#primaryimage\"},\"thumbnailUrl\":\"https:\/\/www.ahearn.com\/wp-content\/uploads\/2019\/10\/IMG_4105-94.jpg\",\"datePublished\":\"2019-10-04T15:56:01+00:00\",\"dateModified\":\"2025-04-24T18:27:55+00:00\",\"description\":\"Discover more about the history of Ahearn & Soper which was founded in 1881 by Thomas Ahearn and Warren Soper pursuing the communications business.\",\"breadcrumb\":{\"@id\":\"https:\/\/www.ahearn.com\/history\/#breadcrumb\"},\"inLanguage\":\"fr-CA\",\"potentialAction\":[{\"@type\":\"ReadAction\",\"target\":[\"https:\/\/www.ahearn.com\/history\/\"]}]},{\"@type\":\"ImageObject\",\"inLanguage\":\"fr-CA\",\"@id\":\"https:\/\/www.ahearn.com\/history\/#primaryimage\",\"url\":\"https:\/\/www.ahearn.com\/wp-content\/uploads\/2019\/10\/IMG_4105-94.jpg\",\"contentUrl\":\"https:\/\/www.ahearn.com\/wp-content\/uploads\/2019\/10\/IMG_4105-94.jpg\",\"width\":1008,\"height\":683,\"caption\":\"History of Ahern & Soper\"},{\"@type\":\"BreadcrumbList\",\"@id\":\"https:\/\/www.ahearn.com\/history\/#breadcrumb\",\"itemListElement\":[{\"@type\":\"ListItem\",\"position\":1,\"name\":\"Home\",\"item\":\"https:\/\/www.ahearn.com\/\"},{\"@type\":\"ListItem\",\"position\":2,\"name\":\"History\"}]},{\"@type\":\"WebSite\",\"@id\":\"https:\/\/www.ahearn.com\/#website\",\"url\":\"https:\/\/www.ahearn.com\/\",\"name\":\"Ahearn &amp; Soper | proVision WMS\",\"description\":\"\",\"potentialAction\":[{\"@type\":\"SearchAction\",\"target\":{\"@type\":\"EntryPoint\",\"urlTemplate\":\"https:\/\/www.ahearn.com\/?s={search_term_string}\"},\"query-input\":{\"@type\":\"PropertyValueSpecification\",\"valueRequired\":true,\"valueName\":\"search_term_string\"}}],\"inLanguage\":\"fr-CA\"}]}<\/script>\r\n<!-- \/ Yoast SEO plugin. -->","yoast_head_json":{"title":"Histoire | proVision WMS | \u00c0 propos de nous | Ahearn &amp; Soper","description":"D\u00e9couvrez plus sur l&#039;histoire d&#039;Ahearn &amp; Soper qui a \u00e9t\u00e9 fond\u00e9e en 1881 par Thomas Ahearn et Warren Soper poursuivant les activit\u00e9s de communication.","robots":{"index":"index","follow":"follow","max-snippet":"max-snippet:-1","max-image-preview":"max-image-preview:large","max-video-preview":"max-video-preview:-1"},"canonical":"https:\/\/www.ahearn.com\/fr\/history\/","og_locale":"fr_CA","og_type":"article","og_title":"History | proVision WMS | About Us | Ahearn & Soper","og_description":"Discover more about the history of Ahearn & Soper which was founded in 1881 by Thomas Ahearn and Warren Soper pursuing the communications business.","og_url":"https:\/\/www.ahearn.com\/fr\/history\/","og_site_name":"Ahearn &amp; Soper | proVision WMS","article_modified_time":"2025-04-24T18:27:55+00:00","og_image":[{"width":1008,"height":683,"url":"https:\/\/www.ahearn.com\/wp-content\/uploads\/2019\/10\/IMG_4105-94.jpg","type":"image\/jpeg"}],"twitter_card":"summary_large_image","twitter_misc":{"Estimation du temps de lecture":"6 minutes"},"schema":{"@context":"https:\/\/schema.org","@graph":[{"@type":"WebPage","@id":"https:\/\/www.ahearn.com\/history\/","url":"https:\/\/www.ahearn.com\/history\/","name":"Histoire | proVision WMS | \u00c0 propos de nous | Ahearn &amp; Soper","isPartOf":{"@id":"https:\/\/www.ahearn.com\/#website"},"primaryImageOfPage":{"@id":"https:\/\/www.ahearn.com\/history\/#primaryimage"},"image":{"@id":"https:\/\/www.ahearn.com\/history\/#primaryimage"},"thumbnailUrl":"https:\/\/www.ahearn.com\/wp-content\/uploads\/2019\/10\/IMG_4105-94.jpg","datePublished":"2019-10-04T15:56:01+00:00","dateModified":"2025-04-24T18:27:55+00:00","description":"D\u00e9couvrez plus sur l&#039;histoire d&#039;Ahearn &amp; Soper qui a \u00e9t\u00e9 fond\u00e9e en 1881 par Thomas Ahearn et Warren Soper poursuivant les activit\u00e9s de communication.","breadcrumb":{"@id":"https:\/\/www.ahearn.com\/history\/#breadcrumb"},"inLanguage":"fr-CA","potentialAction":[{"@type":"ReadAction","target":["https:\/\/www.ahearn.com\/history\/"]}]},{"@type":"ImageObject","inLanguage":"fr-CA","@id":"https:\/\/www.ahearn.com\/history\/#primaryimage","url":"https:\/\/www.ahearn.com\/wp-content\/uploads\/2019\/10\/IMG_4105-94.jpg","contentUrl":"https:\/\/www.ahearn.com\/wp-content\/uploads\/2019\/10\/IMG_4105-94.jpg","width":1008,"height":683,"caption":"History of Ahern & Soper"},{"@type":"BreadcrumbList","@id":"https:\/\/www.ahearn.com\/history\/#breadcrumb","itemListElement":[{"@type":"ListItem","position":1,"name":"Home","item":"https:\/\/www.ahearn.com\/"},{"@type":"ListItem","position":2,"name":"History"}]},{"@type":"WebSite","@id":"https:\/\/www.ahearn.com\/#website","url":"https:\/\/www.ahearn.com\/","name":"Ahearn &amp; Soper | proVision WMS","description":"","potentialAction":[{"@type":"SearchAction","target":{"@type":"EntryPoint","urlTemplate":"https:\/\/www.ahearn.com\/?s={search_term_string}"},"query-input":{"@type":"PropertyValueSpecification","valueRequired":true,"valueName":"search_term_string"}}],"inLanguage":"fr-CA"}]}},"_links":{"self":[{"href":"https:\/\/www.ahearn.com\/fr\/wp-json\/wp\/v2\/pages\/193","targetHints":{"allow":["GET"]}}],"collection":[{"href":"https:\/\/www.ahearn.com\/fr\/wp-json\/wp\/v2\/pages"}],"about":[{"href":"https:\/\/www.ahearn.com\/fr\/wp-json\/wp\/v2\/types\/page"}],"author":[{"embeddable":true,"href":"https:\/\/www.ahearn.com\/fr\/wp-json\/wp\/v2\/users\/2"}],"replies":[{"embeddable":true,"href":"https:\/\/www.ahearn.com\/fr\/wp-json\/wp\/v2\/comments?post=193"}],"version-history":[{"count":49,"href":"https:\/\/www.ahearn.com\/fr\/wp-json\/wp\/v2\/pages\/193\/revisions"}],"predecessor-version":[{"id":10588,"href":"https:\/\/www.ahearn.com\/fr\/wp-json\/wp\/v2\/pages\/193\/revisions\/10588"}],"wp:featuredmedia":[{"embeddable":true,"href":"https:\/\/www.ahearn.com\/fr\/wp-json\/wp\/v2\/media\/3783"}],"wp:attachment":[{"href":"https:\/\/www.ahearn.com\/fr\/wp-json\/wp\/v2\/media?parent=193"}],"curies":[{"name":"wp","href":"https:\/\/api.w.org\/{rel}","templated":true}]}}