{"id":1911,"date":"2019-12-04T15:50:10","date_gmt":"2019-12-04T15:50:10","guid":{"rendered":"http:\/\/dev.ahearn.com\/?page_id=1911"},"modified":"2020-10-29T20:49:26","modified_gmt":"2020-10-29T20:49:26","slug":"laser-marking-systems","status":"publish","type":"page","link":"https:\/\/www.ahearn.com\/fr\/systemes-de-marquage-laser\/","title":{"rendered":"Syst\u00e8mes de marquage laser"},"content":{"rendered":"<div id=\"fws_69ea6bc46b529\"  data-column-margin=\"default\" data-midnight=\"dark\"  class=\"wpb_row vc_row-fluid vc_row standard_section\"  style=\"padding-top: 0px; padding-bottom: 0px; \"><div class=\"row-bg-wrap\" data-bg-animation=\"none\" data-bg-overlay=\"false\"><div class=\"inner-wrap\"><div class=\"row-bg\"  style=\"\"><\/div><\/div><div class=\"row-bg-overlay\" ><\/div><\/div><div class=\"row_col_wrap_12 col span_12 dark left\">\n\t<div  class=\"vc_col-sm-12 wpb_column column_container vc_column_container col no-extra-padding inherit_tablet inherit_phone\"  data-t-w-inherits=\"default\" data-bg-cover=\"\" data-padding-pos=\"all\" data-has-bg-color=\"false\" data-bg-color=\"\" data-bg-opacity=\"1\" data-hover-bg=\"\" data-hover-bg-opacity=\"1\" data-animation=\"\" data-delay=\"0\" >\n\t\t<div class=\"vc_column-inner\" ><div class=\"column-bg-overlay-wrap\" data-bg-animation=\"none\"><div class=\"column-bg-overlay\"><\/div><\/div>\n\t\t\t<div class=\"wpb_wrapper\">\n\t\t\t\t<div class=\"divider-wrap\" data-alignment=\"default\"><div style=\"height: 10px;\" class=\"divider\"><\/div><\/div><h1 style=\"font-size: 30px;text-align: center;font-family:Lato;font-weight:400;font-style:normal\" class=\"vc_custom_heading\" >Syst\u00e8mes de marquage laser<\/h1><div class=\"divider-wrap\" data-alignment=\"default\"><div style=\"height: 10px;\" class=\"divider\"><\/div><\/div>\r\n<div class=\"wpb_text_column wpb_content_element\" >\r\n\t<div class=\"wpb_wrapper\">\r\n\t\t<h3>Syst\u00e8mes de marquage laser<\/h3>\n<p>Ahearn &amp; Soper peut fournir une automatisation industrielle et une int\u00e9gration hautement sp\u00e9cialis\u00e9es dans une grande vari\u00e9t\u00e9 d&#039;industries, notamment l&#039;automobile, la pharmacie, l&#039;alimentation et les boissons, <img loading=\"lazy\" decoding=\"async\" class=\"alignright wp-image-5389 size-medium\" src=\"https:\/\/www.ahearn.com\/wp-content\/uploads\/2020\/04\/2019_LaserMarkingSystems_DEF-300x293.png\" alt=\"Syst\u00e8mes de marquage laser disponibles chez Ahearn &amp; Soper \" width=\"300\" height=\"293\" srcset=\"https:\/\/www.ahearn.com\/wp-content\/uploads\/2020\/04\/2019_LaserMarkingSystems_DEF-300x293.png 300w, https:\/\/www.ahearn.com\/wp-content\/uploads\/2020\/04\/2019_LaserMarkingSystems_DEF-768x751.png 768w, https:\/\/www.ahearn.com\/wp-content\/uploads\/2020\/04\/2019_LaserMarkingSystems_DEF.png 950w\" sizes=\"auto, (max-width: 300px) 100vw, 300px\" \/>Plastiques, \u00e9lectronique et impression et emballage. Nous ne fournissons pas seulement le mat\u00e9riel, nous pouvons fournir une int\u00e9gration syst\u00e8me, une int\u00e9gration logicielle, un blindage de s\u00e9curit\u00e9 et des stations de marquage cl\u00e9 en main compl\u00e8tes.<\/p>\n<p>Le portefeuille de produits de marquage laser Datalogic se concentre sur la fourniture de solutions de haute valeur pour l&#039;automobile, l&#039;\u00e9lectronique, les dispositifs m\u00e9dicaux et la fabrication de m\u00e9taux de haute pr\u00e9cision. Une gamme compl\u00e8te de produits et solutions bas\u00e9s sur la technologie FIBER LASER, SOLID STATE et CO2, comprenant des sources \u00e0 1064 nm 532 et 355 nm. Logos clairs et permanents, codes 1D et 2D, num\u00e9ros de s\u00e9rie et dates sur la plupart des mat\u00e9riaux industriels.<\/p>\n<h4><strong>Automobile<\/strong><\/h4>\n<p>Nous utilisons un marquage laser de pointe \u00e0 la pointe de la technologie pour suivre et tracer n&#039;importe quelle pi\u00e8ce. L&#039;\u00e9l\u00e9ment cl\u00e9 du marquage laser est l&#039;indestructibilit\u00e9 virtuelle du marquage.<\/p>\n<h4><strong>nourriture et boissons<\/strong><\/h4>\n<p>Les syst\u00e8mes de marquage laser Ahearn &amp; Soper sont id\u00e9aux pour le codage LOT et Date sur les produits p\u00e9rissables.<\/p>\n<h4><strong>Pharmaceutique \/ M\u00e9dical<\/strong><\/h4>\n<p>Les syst\u00e8mes de marquage laser Ahearn &amp; Soper offrent des solutions de marquage claires, s\u00fbres et permanentes pour la tra\u00e7abilit\u00e9 des num\u00e9ros de s\u00e9rie et r\u00e9pondant aux exigences UDI sur tous les types de produits pharmaceutiques et m\u00e9dicaux.<\/p>\n<p>Pour plus d&#039;informations sur nos syst\u00e8mes de marquage laser, <a href=\"https:\/\/www.ahearn.com\/fr\/contact-us\/\">Nous contacter<\/a> aujourd&#039;hui.<\/p>\n\t<\/div>\r\n<\/div>\r\n\r\n\r\n\r\n<div class=\"divider-wrap\" data-alignment=\"default\"><div style=\"height: 25px;\" class=\"divider\"><\/div><\/div>\n\t\t\t<\/div> \n\t\t<\/div>\n\t<\/div> \n<\/div><\/div>\n\t\t<div id=\"fws_69ea6bc46c687\"  data-column-margin=\"default\" data-midnight=\"dark\"  class=\"wpb_row vc_row-fluid vc_row full-width-content  vc_row-o-equal-height vc_row-flex  vc_row-o-content-middle standard_section\"  style=\"padding-top: 0px; padding-bottom: 0px; \"><div class=\"row-bg-wrap\" data-bg-animation=\"none\" data-bg-overlay=\"false\"><div class=\"inner-wrap\"><div class=\"row-bg\"  style=\"\"><\/div><\/div><div class=\"row-bg-overlay\" ><\/div><\/div><div class=\"row_col_wrap_12 col span_12 dark left\">\n\t<div style=\"\" class=\"vc_col-sm-6 wpb_column column_container vc_column_container col centered-text padding-10-percent inherit_tablet inherit_phone\" data-using-bg=\"true\" data-t-w-inherits=\"default\" data-bg-cover=\"\" data-padding-pos=\"all\" data-has-bg-color=\"true\" data-bg-color=\"#f7f7f7\" data-bg-opacity=\"1\" data-hover-bg=\"\" data-hover-bg-opacity=\"1\" data-animation=\"\" data-delay=\"0\" >\n\t\t<div class=\"vc_column-inner\" ><div class=\"column-bg-overlay-wrap\" data-bg-animation=\"none\"><div class=\"column-bg-overlay\" style=\"opacity: 1; background-color: #f7f7f7;\"><\/div><\/div>\n\t\t\t<div class=\"wpb_wrapper\">\n\t\t\t\t<div class=\"nectar_icon_wrap\" data-style=\"border-basic\" data-draw=\"\" data-border-thickness=\"2px\" data-padding=\"25px\" data-color=\"black\" style=\"margin-bottom: 15px; \" >\r\n\t\t<div class=\"nectar_icon\" ><a href=\"http:\/\/www.ahearn.com\/fr\/contact-us\/\" ><\/a><i style=\"font-size: 40px; line-height: 60px; height: 60px; width: 60px;\" class=\"fa fa-at\"><\/i><\/div>\r\n\t<\/div><div class=\"divider-wrap\" data-alignment=\"default\"><div style=\"height: 10px;\" class=\"divider\"><\/div><\/div>\r\n<div class=\"wpb_text_column wpb_content_element\" style=\" max-width: 315px; display: inline-block;\">\r\n\t<div class=\"wpb_wrapper\">\r\n\t\t<h4>Contactez Ahearn &amp; Soper<\/h4>\n\t<\/div>\r\n<\/div>\r\n\r\n\r\n\r\n<div class=\"divider-wrap\" data-alignment=\"default\"><div style=\"height: 5px;\" class=\"divider\"><\/div><\/div>\r\n<div class=\"wpb_text_column wpb_content_element  vc_custom_1572541198854\" style=\" max-width: 350px; display: inline-block;\">\r\n\t<div class=\"wpb_wrapper\">\r\n\t\t<p><span style=\"color: #aaa;\">Pour en savoir plus sur nos produits et services, contactez-nous d\u00e8s aujourd&#039;hui.<\/span><\/p>\n\t<\/div>\r\n<\/div>\r\n\r\n\r\n\r\n<div class=\"nectar-cta\" data-color=\"default\" data-using-bg=\"false\" data-style=\"see-through\" data-display=\"block\" data-alignment=\"center\" data-text-color=\"custom\" ><h5 style=\"color: #a5a5a5;\"> <span class=\"text\"> <\/span><span class=\"link_wrap\" ><a  class=\"link_text\" href=\"http:\/\/www.ahearn.com\/fr\/contact-us\/\">Contactez-nous d\u00e8s aujourd&#039;hui<span class=\"arrow\"><\/span><\/a><\/span><\/h5><\/div>\n\t\t\t<\/div> \n\t\t<\/div>\n\t<\/div> \n\n\t<div style=\"\" class=\"vc_col-sm-6 wpb_column column_container vc_column_container col centered-text padding-10-percent inherit_tablet inherit_phone\" data-using-bg=\"true\" data-t-w-inherits=\"default\" data-bg-cover=\"\" data-padding-pos=\"all\" data-has-bg-color=\"true\" data-bg-color=\"#ffffff\" data-bg-opacity=\"1\" data-hover-bg=\"\" data-hover-bg-opacity=\"1\" data-animation=\"\" data-delay=\"0\" >\n\t\t<div class=\"vc_column-inner\" ><div class=\"column-bg-overlay-wrap\" data-bg-animation=\"none\"><div class=\"column-bg-overlay\" style=\"opacity: 1; background-color: #ffffff;\"><\/div><\/div>\n\t\t\t<div class=\"wpb_wrapper\">\n\t\t\t\t<div class=\"nectar_icon_wrap\" data-style=\"border-basic\" data-draw=\"\" data-border-thickness=\"2px\" data-padding=\"25px\" data-color=\"extra-color-3\" style=\"margin-bottom: 15px; \" >\r\n\t\t<div class=\"nectar_icon\" ><a href=\"http:\/\/storefront.ahearn.com\" target=\"_blank\"><\/a><i style=\"font-size: 40px; line-height: 60px; height: 60px; width: 60px;\" class=\"fa fa-shopping-cart\"><\/i><\/div>\r\n\t<\/div><div class=\"divider-wrap\" data-alignment=\"default\"><div style=\"height: 10px;\" class=\"divider\"><\/div><\/div>\r\n<div class=\"wpb_text_column wpb_content_element\" style=\" max-width: 315px; display: inline-block;\">\r\n\t<div class=\"wpb_wrapper\">\r\n\t\t<h4>Visitez notre boutique en ligne<\/h4>\n\t<\/div>\r\n<\/div>\r\n\r\n\r\n\r\n<div class=\"divider-wrap\" data-alignment=\"default\"><div style=\"height: 5px;\" class=\"divider\"><\/div><\/div>\r\n<div class=\"wpb_text_column wpb_content_element  vc_custom_1572541291808\" style=\" max-width: 350px; display: inline-block;\">\r\n\t<div class=\"wpb_wrapper\">\r\n\t\t<p><span style=\"color: #aaa;\">Visitez notre boutique en ligne pour voir notre gamme de produits des meilleurs fabricants de l&#039;industrie<\/span><\/p>\n\t<\/div>\r\n<\/div>\r\n\r\n\r\n\r\n<div class=\"nectar-cta\" data-color=\"default\" data-using-bg=\"false\" data-style=\"see-through\" data-display=\"block\" data-alignment=\"center\" data-text-color=\"custom\" ><h5 style=\"color: #a5a5a5;\"> <span class=\"text\"> <\/span><span class=\"link_wrap\" ><a  class=\"link_text\" href=\"http:\/\/storefront.ahearn.com\">Voir notre boutique en ligne<span class=\"arrow\"><\/span><\/a><\/span><\/h5><\/div>\n\t\t\t<\/div> \n\t\t<\/div>\n\t<\/div> \n<\/div><\/div>\n\t\t<div id=\"fws_69ea6bc46dabd\"  data-column-margin=\"default\" data-midnight=\"light\"  class=\"wpb_row vc_row-fluid vc_row full-width-section  vc_row-o-equal-height vc_row-flex  vc_row-o-content-middle standard_section\"  style=\"padding-top: 80px; padding-bottom: 80px; \"><div class=\"row-bg-wrap\" data-bg-animation=\"none\" data-bg-overlay=\"true\"><div class=\"inner-wrap\"><div class=\"row-bg\"  style=\"\"><\/div><\/div><div class=\"row-bg-overlay\" style=\"background-color:#223f56;  opacity: 0.95; \"><\/div><\/div><div class=\"row_col_wrap_12 col span_12 light left\">\n\t<div  class=\"vc_col-sm-5 wpb_column column_container vc_column_container col no-extra-padding inherit_tablet inherit_phone\"  data-t-w-inherits=\"default\" data-bg-cover=\"\" data-padding-pos=\"all\" data-has-bg-color=\"false\" data-bg-color=\"\" data-bg-opacity=\"1\" data-hover-bg=\"\" data-hover-bg-opacity=\"1\" data-animation=\"\" data-delay=\"0\" >\n\t\t<div class=\"vc_column-inner\" ><div class=\"column-bg-overlay-wrap\" data-bg-animation=\"none\"><div class=\"column-bg-overlay\"><\/div><\/div>\n\t\t\t<div class=\"wpb_wrapper\">\n\t\t\t\t<div class=\"nectar-highlighted-text\" data-style=\"full_text\" data-using-custom-color=\"false\" data-animation-delay=\"false\" data-color=\"\" data-color-gradient=\"\" style=\"\">\n<h3>Inscrivez-vous aux mises \u00e0 jour Ahearn &amp; Soper<\/h3>\n<p>Depuis 1975, Ahearn &amp; Soper Inc. fournit des logiciels de codes \u00e0 barres et d&#039;identification, du mat\u00e9riel, des fournitures et des services qui am\u00e9liorent la pr\u00e9cision, le suivi et l&#039;efficacit\u00e9 des op\u00e9rations de distribution, de fabrication et de soins de sant\u00e9.<\/div>\n\t\t\t<\/div> \n\t\t<\/div>\n\t<\/div> \n\n\t<div  class=\"vc_col-sm-1 wpb_column column_container vc_column_container col no-extra-padding inherit_tablet inherit_phone\"  data-t-w-inherits=\"default\" data-bg-cover=\"\" data-padding-pos=\"all\" data-has-bg-color=\"false\" data-bg-color=\"\" data-bg-opacity=\"1\" data-hover-bg=\"\" data-hover-bg-opacity=\"1\" data-animation=\"\" data-delay=\"0\" >\n\t\t<div class=\"vc_column-inner\" ><div class=\"column-bg-overlay-wrap\" data-bg-animation=\"none\"><div class=\"column-bg-overlay\"><\/div><\/div>\n\t\t\t<div class=\"wpb_wrapper\">\n\t\t\t\t\n\t\t\t<\/div> \n\t\t<\/div>\n\t<\/div> \n\n\t<div  class=\"vc_col-sm-6 wpb_column column_container vc_column_container col no-extra-padding inherit_tablet inherit_phone\"  data-t-w-inherits=\"default\" data-bg-cover=\"\" data-padding-pos=\"all\" data-has-bg-color=\"false\" data-bg-color=\"\" data-bg-opacity=\"1\" data-hover-bg=\"\" data-hover-bg-opacity=\"1\" data-animation=\"\" data-delay=\"0\" >\n\t\t<div class=\"vc_column-inner\" ><div class=\"column-bg-overlay-wrap\" data-bg-animation=\"none\"><div class=\"column-bg-overlay\"><\/div><\/div>\n\t\t\t<div class=\"wpb_wrapper\">\n\t\t\t\t<div id=\"fws_69ea6bc46e237\" data-midnight=\"\" data-column-margin=\"default\" class=\"wpb_row vc_row-fluid vc_row inner_row standard_section\"  style=\"padding-top: 0px; padding-bottom: 0px; \"><div class=\"row-bg-wrap\"> <div class=\"row-bg\" ><\/div> <\/div><div class=\"row_col_wrap_12_inner col span_12  right\">\n\t<div  class=\"vc_col-sm-12 wpb_column column_container vc_column_container col child_column no-extra-padding inherit_tablet inherit_phone\"   data-t-w-inherits=\"default\" data-bg-cover=\"\" data-padding-pos=\"all\" data-has-bg-color=\"false\" data-bg-color=\"\" data-bg-opacity=\"1\" data-hover-bg=\"\" data-hover-bg-opacity=\"1\" data-animation=\"\" data-delay=\"0\">\n\t\t<div class=\"vc_column-inner\" ><div class=\"column-bg-overlay-wrap\" data-bg-animation=\"none\"><div class=\"column-bg-overlay\"><\/div><\/div>\n\t\t<div class=\"wpb_wrapper\">\n\t\t\t<a class=\"nectar-button jumbo see-through-2  has-icon\"  style=\"border-color: #ffffff; color: #ffffff;\"  href=\"http:\/\/www.ahearn.com\/fr\/newsletter\/\" data-color-override=\"#ffffff\"  data-hover-color-override=\"#ffffff\" data-hover-text-color-override=\"#000000\"><span>S&#039;inscrire maintenant<\/span><i  class=\"icon-button-arrow\"><\/i><\/a>\n\t\t<\/div> \n\t<\/div>\n\t<\/div> \n<\/div><\/div>\n\t\t\t<\/div> \n\t\t<\/div>\n\t<\/div> \n<\/div><\/div>","protected":false},"excerpt":{"rendered":"Laser Marking Systems Laser Marking Systems Ahearn &amp; Soper can provide highly specialized Industrial Automation and Integration across a wide variety of industries including Automotive, Pharmaceutical, Food &amp; Beverage, Plastics,...","protected":false},"author":2,"featured_media":0,"parent":0,"menu_order":0,"comment_status":"closed","ping_status":"closed","template":"","meta":{"footnotes":""},"class_list":["post-1911","page","type-page","status-publish"],"yoast_head":"<!-- This site is optimized with the Yoast SEO plugin v27.2 - https:\/\/yoast.com\/product\/yoast-seo-wordpress\/ -->\r\n<title>Laser Marking Systems | Automation Hardware | Ahearn &amp; Soper<\/title>\r\n<meta name=\"description\" content=\"Learn more about the Laser Marking Systems that Ahearn and Soper provide for a range of industries including automotive and food and beverage.\" \/>\r\n<meta name=\"robots\" content=\"index, follow, max-snippet:-1, max-image-preview:large, max-video-preview:-1\" \/>\r\n<link rel=\"canonical\" href=\"https:\/\/www.ahearn.com\/fr\/laser-marking-systems\/\" \/>\r\n<meta property=\"og:locale\" content=\"fr_CA\" \/>\r\n<meta property=\"og:type\" content=\"article\" \/>\r\n<meta property=\"og:title\" content=\"Laser Marking Systems | Automation Hardware | Ahearn &amp; Soper\" \/>\r\n<meta property=\"og:description\" content=\"Learn more about the Laser Marking Systems that Ahearn and Soper provide for a range of industries including automotive and food and beverage.\" \/>\r\n<meta property=\"og:url\" content=\"https:\/\/www.ahearn.com\/fr\/laser-marking-systems\/\" \/>\r\n<meta property=\"og:site_name\" content=\"Ahearn &amp; Soper | proVision WMS\" \/>\r\n<meta property=\"article:modified_time\" content=\"2020-10-29T20:49:26+00:00\" \/>\r\n<meta property=\"og:image\" content=\"https:\/\/www.ahearn.com\/wp-content\/uploads\/2020\/04\/2019_LaserMarkingSystems_DEF-300x293.png\" \/>\r\n<meta name=\"twitter:card\" content=\"summary_large_image\" \/>\r\n<meta name=\"twitter:label1\" content=\"Estimation du temps de lecture\" \/>\n\t<meta name=\"twitter:data1\" content=\"7 minutes\" \/>\r\n<script type=\"application\/ld+json\" class=\"yoast-schema-graph\">{\"@context\":\"https:\/\/schema.org\",\"@graph\":[{\"@type\":\"WebPage\",\"@id\":\"https:\/\/www.ahearn.com\/laser-marking-systems\/\",\"url\":\"https:\/\/www.ahearn.com\/laser-marking-systems\/\",\"name\":\"Laser Marking Systems | Automation Hardware | Ahearn & Soper\",\"isPartOf\":{\"@id\":\"https:\/\/www.ahearn.com\/#website\"},\"primaryImageOfPage\":{\"@id\":\"https:\/\/www.ahearn.com\/laser-marking-systems\/#primaryimage\"},\"image\":{\"@id\":\"https:\/\/www.ahearn.com\/laser-marking-systems\/#primaryimage\"},\"thumbnailUrl\":\"https:\/\/www.ahearn.com\/wp-content\/uploads\/2020\/04\/2019_LaserMarkingSystems_DEF-300x293.png\",\"datePublished\":\"2019-12-04T15:50:10+00:00\",\"dateModified\":\"2020-10-29T20:49:26+00:00\",\"description\":\"Learn more about the Laser Marking Systems that Ahearn and Soper provide for a range of industries including automotive and food and beverage.\",\"breadcrumb\":{\"@id\":\"https:\/\/www.ahearn.com\/laser-marking-systems\/#breadcrumb\"},\"inLanguage\":\"fr-CA\",\"potentialAction\":[{\"@type\":\"ReadAction\",\"target\":[\"https:\/\/www.ahearn.com\/laser-marking-systems\/\"]}]},{\"@type\":\"ImageObject\",\"inLanguage\":\"fr-CA\",\"@id\":\"https:\/\/www.ahearn.com\/laser-marking-systems\/#primaryimage\",\"url\":\"https:\/\/www.ahearn.com\/wp-content\/uploads\/2020\/04\/2019_LaserMarkingSystems_DEF-300x293.png\",\"contentUrl\":\"https:\/\/www.ahearn.com\/wp-content\/uploads\/2020\/04\/2019_LaserMarkingSystems_DEF-300x293.png\"},{\"@type\":\"BreadcrumbList\",\"@id\":\"https:\/\/www.ahearn.com\/laser-marking-systems\/#breadcrumb\",\"itemListElement\":[{\"@type\":\"ListItem\",\"position\":1,\"name\":\"Home\",\"item\":\"https:\/\/www.ahearn.com\/\"},{\"@type\":\"ListItem\",\"position\":2,\"name\":\"Laser Marking Systems\"}]},{\"@type\":\"WebSite\",\"@id\":\"https:\/\/www.ahearn.com\/#website\",\"url\":\"https:\/\/www.ahearn.com\/\",\"name\":\"Ahearn &amp; Soper | proVision WMS\",\"description\":\"\",\"potentialAction\":[{\"@type\":\"SearchAction\",\"target\":{\"@type\":\"EntryPoint\",\"urlTemplate\":\"https:\/\/www.ahearn.com\/?s={search_term_string}\"},\"query-input\":{\"@type\":\"PropertyValueSpecification\",\"valueRequired\":true,\"valueName\":\"search_term_string\"}}],\"inLanguage\":\"fr-CA\"}]}<\/script>\r\n<!-- \/ Yoast SEO plugin. -->","yoast_head_json":{"title":"Syst\u00e8mes de marquage laser | Mat\u00e9riel d&#039;automatisation | Ahearn &amp; Soper","description":"Apprenez-en davantage sur les syst\u00e8mes de marquage laser qu&#039;Ahearn et Soper fournissent pour une gamme d&#039;industries, notamment l&#039;automobile et les aliments et boissons.","robots":{"index":"index","follow":"follow","max-snippet":"max-snippet:-1","max-image-preview":"max-image-preview:large","max-video-preview":"max-video-preview:-1"},"canonical":"https:\/\/www.ahearn.com\/fr\/laser-marking-systems\/","og_locale":"fr_CA","og_type":"article","og_title":"Laser Marking Systems | Automation Hardware | Ahearn & Soper","og_description":"Learn more about the Laser Marking Systems that Ahearn and Soper provide for a range of industries including automotive and food and beverage.","og_url":"https:\/\/www.ahearn.com\/fr\/laser-marking-systems\/","og_site_name":"Ahearn &amp; Soper | proVision WMS","article_modified_time":"2020-10-29T20:49:26+00:00","og_image":[{"url":"https:\/\/www.ahearn.com\/wp-content\/uploads\/2020\/04\/2019_LaserMarkingSystems_DEF-300x293.png","type":"","width":"","height":""}],"twitter_card":"summary_large_image","twitter_misc":{"Estimation du temps de lecture":"7 minutes"},"schema":{"@context":"https:\/\/schema.org","@graph":[{"@type":"WebPage","@id":"https:\/\/www.ahearn.com\/laser-marking-systems\/","url":"https:\/\/www.ahearn.com\/laser-marking-systems\/","name":"Syst\u00e8mes de marquage laser | Mat\u00e9riel d&#039;automatisation | Ahearn &amp; Soper","isPartOf":{"@id":"https:\/\/www.ahearn.com\/#website"},"primaryImageOfPage":{"@id":"https:\/\/www.ahearn.com\/laser-marking-systems\/#primaryimage"},"image":{"@id":"https:\/\/www.ahearn.com\/laser-marking-systems\/#primaryimage"},"thumbnailUrl":"https:\/\/www.ahearn.com\/wp-content\/uploads\/2020\/04\/2019_LaserMarkingSystems_DEF-300x293.png","datePublished":"2019-12-04T15:50:10+00:00","dateModified":"2020-10-29T20:49:26+00:00","description":"Apprenez-en davantage sur les syst\u00e8mes de marquage laser qu&#039;Ahearn et Soper fournissent pour une gamme d&#039;industries, notamment l&#039;automobile et les aliments et boissons.","breadcrumb":{"@id":"https:\/\/www.ahearn.com\/laser-marking-systems\/#breadcrumb"},"inLanguage":"fr-CA","potentialAction":[{"@type":"ReadAction","target":["https:\/\/www.ahearn.com\/laser-marking-systems\/"]}]},{"@type":"ImageObject","inLanguage":"fr-CA","@id":"https:\/\/www.ahearn.com\/laser-marking-systems\/#primaryimage","url":"https:\/\/www.ahearn.com\/wp-content\/uploads\/2020\/04\/2019_LaserMarkingSystems_DEF-300x293.png","contentUrl":"https:\/\/www.ahearn.com\/wp-content\/uploads\/2020\/04\/2019_LaserMarkingSystems_DEF-300x293.png"},{"@type":"BreadcrumbList","@id":"https:\/\/www.ahearn.com\/laser-marking-systems\/#breadcrumb","itemListElement":[{"@type":"ListItem","position":1,"name":"Home","item":"https:\/\/www.ahearn.com\/"},{"@type":"ListItem","position":2,"name":"Laser Marking Systems"}]},{"@type":"WebSite","@id":"https:\/\/www.ahearn.com\/#website","url":"https:\/\/www.ahearn.com\/","name":"Ahearn &amp; Soper | proVision WMS","description":"","potentialAction":[{"@type":"SearchAction","target":{"@type":"EntryPoint","urlTemplate":"https:\/\/www.ahearn.com\/?s={search_term_string}"},"query-input":{"@type":"PropertyValueSpecification","valueRequired":true,"valueName":"search_term_string"}}],"inLanguage":"fr-CA"}]}},"_links":{"self":[{"href":"https:\/\/www.ahearn.com\/fr\/wp-json\/wp\/v2\/pages\/1911","targetHints":{"allow":["GET"]}}],"collection":[{"href":"https:\/\/www.ahearn.com\/fr\/wp-json\/wp\/v2\/pages"}],"about":[{"href":"https:\/\/www.ahearn.com\/fr\/wp-json\/wp\/v2\/types\/page"}],"author":[{"embeddable":true,"href":"https:\/\/www.ahearn.com\/fr\/wp-json\/wp\/v2\/users\/2"}],"replies":[{"embeddable":true,"href":"https:\/\/www.ahearn.com\/fr\/wp-json\/wp\/v2\/comments?post=1911"}],"version-history":[{"count":20,"href":"https:\/\/www.ahearn.com\/fr\/wp-json\/wp\/v2\/pages\/1911\/revisions"}],"predecessor-version":[{"id":6867,"href":"https:\/\/www.ahearn.com\/fr\/wp-json\/wp\/v2\/pages\/1911\/revisions\/6867"}],"wp:attachment":[{"href":"https:\/\/www.ahearn.com\/fr\/wp-json\/wp\/v2\/media?parent=1911"}],"curies":[{"name":"wp","href":"https:\/\/api.w.org\/{rel}","templated":true}]}}