{"id":176,"date":"2019-10-04T13:49:34","date_gmt":"2019-10-04T13:49:34","guid":{"rendered":"http:\/\/dev.ahearn.com\/?page_id=176"},"modified":"2025-04-22T22:44:48","modified_gmt":"2025-04-22T22:44:48","slug":"about-us","status":"publish","type":"page","link":"https:\/\/www.ahearn.com\/fr\/a-propos-de-nous\/","title":{"rendered":"\u00c0 propos de nous"},"content":{"rendered":"<div id=\"fws_69dc63f58bd35\"  data-column-margin=\"default\" data-midnight=\"dark\"  class=\"wpb_row vc_row-fluid vc_row full-width-content standard_section\"  style=\"padding-top: 0px; padding-bottom: 0px; \"><div class=\"row-bg-wrap\" data-bg-animation=\"none\" data-bg-overlay=\"false\"><div class=\"inner-wrap\"><div class=\"row-bg\"  style=\"\"><\/div><\/div><div class=\"row-bg-overlay\" ><\/div><\/div><div class=\"row_col_wrap_12 col span_12 dark left\">\n\t<div  class=\"vc_col-sm-12 wpb_column column_container vc_column_container col padding-2-percent inherit_tablet inherit_phone\"  data-t-w-inherits=\"default\" data-bg-cover=\"\" data-padding-pos=\"top-left\" data-has-bg-color=\"false\" data-bg-color=\"\" data-bg-opacity=\"1\" data-hover-bg=\"\" data-hover-bg-opacity=\"1\" data-animation=\"\" data-delay=\"0\" >\n\t\t<div class=\"vc_column-inner\" ><div class=\"column-bg-overlay-wrap\" data-bg-animation=\"none\"><div class=\"column-bg-overlay\"><\/div><\/div>\n\t\t\t<div class=\"wpb_wrapper\">\n\t\t\t\t<h2 style=\"text-align: center;font-family:Lato;font-weight:400;font-style:normal\" class=\"vc_custom_heading\" >\u00c0 propos d&#039;Ahearn &amp; Soper<\/h2>\r\n<div class=\"wpb_text_column wpb_content_element\" >\r\n\t<div class=\"wpb_wrapper\">\r\n\t\t<h2>\u00c0 propos de nous<\/h2>\n<p>Ahearn &amp;Soper Inc. is a leading provider of supply chain technology to the warehouse, manufacturing, and healthcare industries throughout North America. The company\u2019s portfolio includes software, hardware, supplies, and service. Our <a href=\"https:\/\/www.provisionwms.com\/\">Provision WMS (Warehouse Management System)<\/a> software enables medium-sized distribution and third-party logistics (3PLs) businesses to rapidly improve operations to meet the growing demands of their customers at a lower cost. Ahearn &amp; Soper is a Microsoft Gold Certified Partner, with 25 years of experience in the deployment of Microsoft-based logistics software. We are committed to providing our clients with the highest level of service and support. Our customer-centric approach is reflected in the long-term relationships we build with our clients. This commitment to excellence has earned Ahearn &amp; Soper a reputation for reliability and trustworthiness and made us a preferred partner for businesses of all sizes.<\/p>\n<h3><strong>Pourquoi choisir Ahearn &amp; Soper?\u00a0<\/strong><\/h3>\n<h4><b>Fournisseur \u00e0 source unique<\/b><\/h4>\n<p>Ahearn &amp; Soper vous offre les solutions logicielles, les meilleurs produits de sa cat\u00e9gorie, une gamme compl\u00e8te d&#039;\u00e9tiquettes et de rubans, des syst\u00e8mes d&#039;\u00e9tiquetage automatiques et un support technique in\u00e9gal\u00e9 dans l&#039;industrie.<\/p>\n<h4><b>Bonnes d\u00e9cisions, bonnes solutions<\/b><\/h4>\n<p>Ahearn &amp; Soper est une soci\u00e9t\u00e9 priv\u00e9e et exploit\u00e9e qui fournit les bonnes solutions pour r\u00e9pondre \u00e0 vos besoins. Nous ne repr\u00e9sentons pas seulement un fabricant, nous repr\u00e9sentons les fabricants des meilleurs produits sur le march\u00e9 aujourd&#039;hui. \u00c9tant donn\u00e9 que de nombreuses options sont disponibles, nous pouvons vous fournir la meilleure solution pour r\u00e9pondre \u00e0 vos besoins. De plus, avec notre exp\u00e9rience et nos connaissances, nous le faisons bien la premi\u00e8re fois.<\/p>\n<h4><b>Valeur<\/b><\/h4>\n<p>Our value to our customers is not the technology itself, but understanding how the technology is applied to improve the processes. We deal directly with end users to develop an understanding of our customer&#8217;s current business situation. Taking a consultative point of view, we develop a plan to overcome the business problems facing companies today. From there we set out a basis for Return On Investment (ROI). Then we formulate a proposed solution that will exceed the guidelines laid out. Then we follow through with implementing the entire plan to ultimately improve operations.<\/p>\n<h4><b>Sp\u00e9cialistes form\u00e9s<\/b><\/h4>\n<p>Nous investissons beaucoup de temps \u00e0 former nos employ\u00e9s afin de fournir les bonnes solutions \u00e0 nos clients.<\/p>\n<p>Besoin d&#039;en savoir plus sur nous? <a href=\"https:\/\/www.ahearn.com\/fr\/contact-us\/\">Nous contacter<\/a> aujourd&#039;hui pour plus d&#039;informations.<\/p>\n\t<\/div>\r\n<\/div>\r\n\r\n\r\n\r\n<div class=\"nectar-highlighted-text\" data-style=\"full_text\" data-using-custom-color=\"false\" data-animation-delay=\"false\" data-color=\"\" data-color-gradient=\"\" style=\"\"><\/div>\n\t\t\t<\/div> \n\t\t<\/div>\n\t<\/div> \n<\/div><\/div>\n\t\t<div id=\"fws_69dc63f58d3b9\"  data-column-margin=\"default\" data-midnight=\"dark\"  class=\"wpb_row vc_row-fluid vc_row standard_section\"  style=\"padding-top: 0px; padding-bottom: 0px; \"><div class=\"row-bg-wrap\" data-bg-animation=\"none\" data-bg-overlay=\"false\"><div class=\"inner-wrap\"><div class=\"row-bg\"  style=\"\"><\/div><\/div><div class=\"row-bg-overlay\" ><\/div><\/div><div class=\"row_col_wrap_12 col span_12 dark left\">\n\t<div  class=\"vc_col-sm-12 wpb_column column_container vc_column_container col no-extra-padding inherit_tablet inherit_phone\"  data-t-w-inherits=\"default\" data-bg-cover=\"\" data-padding-pos=\"all\" data-has-bg-color=\"false\" data-bg-color=\"\" data-bg-opacity=\"1\" data-hover-bg=\"\" data-hover-bg-opacity=\"1\" data-animation=\"\" data-delay=\"0\" >\n\t\t<div class=\"vc_column-inner\" ><div class=\"column-bg-overlay-wrap\" data-bg-animation=\"none\"><div class=\"column-bg-overlay\"><\/div><\/div>\n\t\t\t<div class=\"wpb_wrapper\">\n\t\t\t\t<div class=\"divider-wrap\" data-alignment=\"default\"><div style=\"height: 40px;\" class=\"divider\"><\/div><\/div><div class=\"col span_12 section-title text-align-center extra-padding\"><h2>\n<h3>Quick Facts about Ahearn &amp; Soper<\/h3>\n<\/h2><\/div><div class=\"clear\"><\/div>\r\n<div class=\"wpb_text_column wpb_content_element\" >\r\n\t<div class=\"wpb_wrapper\">\r\n\t\t<ul>\n<li>Entreprise canadienne priv\u00e9e<\/li>\n<li>Sales\/Service Locations Across Canada: Vancouver, Calgary, Edmonton, Cambridge, Ottawa and Montreal<\/li>\n<li>Relations \u00e0 long terme avec les principaux fournisseurs d&#039;\u00e9quipements et de logiciels<\/li>\n<li>Application Experience in a variety of markets including: Warehousing, Manufacturing, Life Sciences, Healthcare, Government, Automotive and Logistics.<\/li>\n<li>Services \u00e0 valeur ajout\u00e9e tels que l&#039;int\u00e9gration, la personnalisation, la gestion de projet, la formation, le support apr\u00e8s-vente et bien plus encore!<\/li>\n<\/ul>\n\t<\/div>\r\n<\/div>\r\n\r\n\r\n\r\n\n\t\t\t<\/div> \n\t\t<\/div>\n\t<\/div> \n<\/div><\/div>\n\t\t<div id=\"fws_69dc63f58df85\"  data-column-margin=\"default\" data-midnight=\"light\"  class=\"wpb_row vc_row-fluid vc_row full-width-section  vc_row-o-equal-height vc_row-flex  vc_row-o-content-middle standard_section\"  style=\"padding-top: 80px; padding-bottom: 80px; \"><div class=\"row-bg-wrap\" data-bg-animation=\"none\" data-bg-overlay=\"true\"><div class=\"inner-wrap\"><div class=\"row-bg using-bg-color\"  style=\"background-color: #ffffff; \"><\/div><\/div><div class=\"row-bg-overlay\" style=\"background-color:#223f56;  opacity: 0.95; \"><\/div><\/div><div class=\"row_col_wrap_12 col span_12 light left\">\n\t<div  class=\"vc_col-sm-5 wpb_column column_container vc_column_container col force-tablet-text-align-center force-phone-text-align-center no-extra-padding inherit_tablet inherit_phone\"  data-t-w-inherits=\"default\" data-bg-cover=\"\" data-padding-pos=\"all\" data-has-bg-color=\"false\" data-bg-color=\"\" data-bg-opacity=\"1\" data-hover-bg=\"\" data-hover-bg-opacity=\"1\" data-animation=\"\" data-delay=\"0\" >\n\t\t<div class=\"vc_column-inner\" ><div class=\"column-bg-overlay-wrap\" data-bg-animation=\"none\"><div class=\"column-bg-overlay\"><\/div><\/div>\n\t\t\t<div class=\"wpb_wrapper\">\n\t\t\t\t<div class=\"nectar-highlighted-text\" data-style=\"half_text\" data-using-custom-color=\"true\" data-animation-delay=\"false\" data-color=\"#ff1053\" data-color-gradient=\"\" style=\"\">\n<h3>Inscrivez-vous aux mises \u00e0 jour Ahearn &amp; Soper<\/h3>\n<p>Depuis 1975, Ahearn &amp; Soper Inc. fournit des logiciels de codes \u00e0 barres et d&#039;identification, du mat\u00e9riel, des fournitures et des services qui am\u00e9liorent la pr\u00e9cision, le suivi et l&#039;efficacit\u00e9 des op\u00e9rations de distribution, de fabrication et de soins de sant\u00e9.<\/div>\n\t\t\t<\/div> \n\t\t<\/div>\n\t<\/div> \n\n\t<div  class=\"vc_col-sm-1 wpb_column column_container vc_column_container col force-tablet-text-align-center force-phone-text-align-center no-extra-padding inherit_tablet inherit_phone\"  data-t-w-inherits=\"default\" data-bg-cover=\"\" data-padding-pos=\"all\" data-has-bg-color=\"false\" data-bg-color=\"\" data-bg-opacity=\"1\" data-hover-bg=\"\" data-hover-bg-opacity=\"1\" data-animation=\"\" data-delay=\"0\" >\n\t\t<div class=\"vc_column-inner\" ><div class=\"column-bg-overlay-wrap\" data-bg-animation=\"none\"><div class=\"column-bg-overlay\"><\/div><\/div>\n\t\t\t<div class=\"wpb_wrapper\">\n\t\t\t\t\n\t\t\t<\/div> \n\t\t<\/div>\n\t<\/div> \n\n\t<div  class=\"vc_col-sm-6 wpb_column column_container vc_column_container col force-tablet-text-align-center force-phone-text-align-center no-extra-padding inherit_tablet inherit_phone\"  data-t-w-inherits=\"default\" data-bg-cover=\"\" data-padding-pos=\"all\" data-has-bg-color=\"false\" data-bg-color=\"\" data-bg-opacity=\"1\" data-hover-bg=\"\" data-hover-bg-opacity=\"1\" data-animation=\"\" data-delay=\"0\" >\n\t\t<div class=\"vc_column-inner\" ><div class=\"column-bg-overlay-wrap\" data-bg-animation=\"none\"><div class=\"column-bg-overlay\"><\/div><\/div>\n\t\t\t<div class=\"wpb_wrapper\">\n\t\t\t\t<div id=\"fws_69dc63f58e9fe\" data-midnight=\"\" data-column-margin=\"default\" class=\"wpb_row vc_row-fluid vc_row inner_row standard_section\"  style=\"padding-top: 0px; padding-bottom: 0px; \"><div class=\"row-bg-wrap\"> <div class=\"row-bg\" ><\/div> <\/div><div class=\"row_col_wrap_12_inner col span_12  right\">\n\t<div  class=\"vc_col-sm-12 wpb_column column_container vc_column_container col child_column no-extra-padding inherit_tablet inherit_phone\"   data-t-w-inherits=\"default\" data-bg-cover=\"\" data-padding-pos=\"all\" data-has-bg-color=\"false\" data-bg-color=\"\" data-bg-opacity=\"1\" data-hover-bg=\"\" data-hover-bg-opacity=\"1\" data-animation=\"\" data-delay=\"0\">\n\t\t<div class=\"vc_column-inner\" ><div class=\"column-bg-overlay-wrap\" data-bg-animation=\"none\"><div class=\"column-bg-overlay\"><\/div><\/div>\n\t\t<div class=\"wpb_wrapper\">\n\t\t\t<a class=\"nectar-button jumbo see-through-2  has-icon\"  style=\"border-color: #ffffff; color: #ffffff;\"  href=\"http:\/\/www.ahearn.com\/fr\/newsletter\/\" data-color-override=\"#ffffff\"  data-hover-color-override=\"#ffffff\" data-hover-text-color-override=\"#000000\"><span>S&#039;inscrire maintenant<\/span><i  class=\"icon-button-arrow\"><\/i><\/a>\n\t\t<\/div> \n\t<\/div>\n\t<\/div> \n<\/div><\/div>\n\t\t\t<\/div> \n\t\t<\/div>\n\t<\/div> \n<\/div><\/div>","protected":false},"excerpt":{"rendered":"About Ahearn &amp; Soper About Us Ahearn &amp;Soper Inc. is a leading provider of supply chain technology to the warehouse, manufacturing, and healthcare industries throughout North America. The company\u2019s portfolio...","protected":false},"author":2,"featured_media":3022,"parent":0,"menu_order":0,"comment_status":"closed","ping_status":"closed","template":"","meta":{"footnotes":""},"class_list":["post-176","page","type-page","status-publish","has-post-thumbnail"],"yoast_head":"<!-- This site is optimized with the Yoast SEO plugin v27.2 - https:\/\/yoast.com\/product\/yoast-seo-wordpress\/ -->\r\n<title>About Us | Ahearn &amp; Soper | Locations Across Canada<\/title>\r\n<meta name=\"description\" content=\"Learn more about us, Ahearn &amp; Soper have been providing barcode software &amp; hardware solutions since 1975 which has improved accuracy, tracking &amp; efficiency.\" \/>\r\n<meta name=\"robots\" content=\"index, follow, max-snippet:-1, max-image-preview:large, max-video-preview:-1\" \/>\r\n<link rel=\"canonical\" href=\"https:\/\/www.ahearn.com\/fr\/about-us\/\" \/>\r\n<meta property=\"og:locale\" content=\"fr_CA\" \/>\r\n<meta property=\"og:type\" content=\"article\" \/>\r\n<meta property=\"og:title\" content=\"About Us | Ahearn &amp; Soper | Locations Across Canada\" \/>\r\n<meta property=\"og:description\" content=\"Learn more about us, Ahearn &amp; Soper have been providing barcode software &amp; hardware solutions since 1975 which has improved accuracy, tracking &amp; efficiency.\" \/>\r\n<meta property=\"og:url\" content=\"https:\/\/www.ahearn.com\/fr\/about-us\/\" \/>\r\n<meta property=\"og:site_name\" content=\"Ahearn &amp; Soper | proVision WMS\" \/>\r\n<meta property=\"article:modified_time\" content=\"2025-04-22T22:44:48+00:00\" \/>\r\n<meta property=\"og:image\" content=\"https:\/\/www.ahearn.com\/wp-content\/uploads\/2020\/02\/ahearnsoper-main-photo.jpg\" \/>\r\n\t<meta property=\"og:image:width\" content=\"1600\" \/>\r\n\t<meta property=\"og:image:height\" content=\"475\" \/>\r\n\t<meta property=\"og:image:type\" content=\"image\/jpeg\" \/>\r\n<meta name=\"twitter:card\" content=\"summary_large_image\" \/>\r\n<meta name=\"twitter:label1\" content=\"Estimation du temps de lecture\" \/>\n\t<meta name=\"twitter:data1\" content=\"4 minutes\" \/>\r\n<script type=\"application\/ld+json\" class=\"yoast-schema-graph\">{\"@context\":\"https:\/\/schema.org\",\"@graph\":[{\"@type\":\"WebPage\",\"@id\":\"https:\/\/www.ahearn.com\/about-us\/\",\"url\":\"https:\/\/www.ahearn.com\/about-us\/\",\"name\":\"About Us | Ahearn & Soper | Locations Across Canada\",\"isPartOf\":{\"@id\":\"https:\/\/www.ahearn.com\/#website\"},\"primaryImageOfPage\":{\"@id\":\"https:\/\/www.ahearn.com\/about-us\/#primaryimage\"},\"image\":{\"@id\":\"https:\/\/www.ahearn.com\/about-us\/#primaryimage\"},\"thumbnailUrl\":\"https:\/\/www.ahearn.com\/wp-content\/uploads\/2020\/02\/ahearnsoper-main-photo.jpg\",\"datePublished\":\"2019-10-04T13:49:34+00:00\",\"dateModified\":\"2025-04-22T22:44:48+00:00\",\"description\":\"Learn more about us, Ahearn & Soper have been providing barcode software & hardware solutions since 1975 which has improved accuracy, tracking & efficiency.\",\"breadcrumb\":{\"@id\":\"https:\/\/www.ahearn.com\/about-us\/#breadcrumb\"},\"inLanguage\":\"fr-CA\",\"potentialAction\":[{\"@type\":\"ReadAction\",\"target\":[\"https:\/\/www.ahearn.com\/about-us\/\"]}]},{\"@type\":\"ImageObject\",\"inLanguage\":\"fr-CA\",\"@id\":\"https:\/\/www.ahearn.com\/about-us\/#primaryimage\",\"url\":\"https:\/\/www.ahearn.com\/wp-content\/uploads\/2020\/02\/ahearnsoper-main-photo.jpg\",\"contentUrl\":\"https:\/\/www.ahearn.com\/wp-content\/uploads\/2020\/02\/ahearnsoper-main-photo.jpg\",\"width\":1600,\"height\":475,\"caption\":\"Ahearn and Soper Main Photo\"},{\"@type\":\"BreadcrumbList\",\"@id\":\"https:\/\/www.ahearn.com\/about-us\/#breadcrumb\",\"itemListElement\":[{\"@type\":\"ListItem\",\"position\":1,\"name\":\"Home\",\"item\":\"https:\/\/www.ahearn.com\/\"},{\"@type\":\"ListItem\",\"position\":2,\"name\":\"About Us\"}]},{\"@type\":\"WebSite\",\"@id\":\"https:\/\/www.ahearn.com\/#website\",\"url\":\"https:\/\/www.ahearn.com\/\",\"name\":\"Ahearn &amp; Soper | proVision WMS\",\"description\":\"\",\"potentialAction\":[{\"@type\":\"SearchAction\",\"target\":{\"@type\":\"EntryPoint\",\"urlTemplate\":\"https:\/\/www.ahearn.com\/?s={search_term_string}\"},\"query-input\":{\"@type\":\"PropertyValueSpecification\",\"valueRequired\":true,\"valueName\":\"search_term_string\"}}],\"inLanguage\":\"fr-CA\"}]}<\/script>\r\n<!-- \/ Yoast SEO plugin. -->","yoast_head_json":{"title":"\u00c0 propos de nous | Ahearn &amp; Soper | Emplacements \u00e0 travers le Canada","description":"En savoir plus sur nous, Ahearn &amp; Soper fournit des solutions logicielles et mat\u00e9rielles de codes \u00e0 barres depuis 1975, ce qui a am\u00e9lior\u00e9 la pr\u00e9cision, le suivi et l&#039;efficacit\u00e9.","robots":{"index":"index","follow":"follow","max-snippet":"max-snippet:-1","max-image-preview":"max-image-preview:large","max-video-preview":"max-video-preview:-1"},"canonical":"https:\/\/www.ahearn.com\/fr\/about-us\/","og_locale":"fr_CA","og_type":"article","og_title":"About Us | Ahearn & Soper | Locations Across Canada","og_description":"Learn more about us, Ahearn & Soper have been providing barcode software & hardware solutions since 1975 which has improved accuracy, tracking & efficiency.","og_url":"https:\/\/www.ahearn.com\/fr\/about-us\/","og_site_name":"Ahearn &amp; Soper | proVision WMS","article_modified_time":"2025-04-22T22:44:48+00:00","og_image":[{"width":1600,"height":475,"url":"https:\/\/www.ahearn.com\/wp-content\/uploads\/2020\/02\/ahearnsoper-main-photo.jpg","type":"image\/jpeg"}],"twitter_card":"summary_large_image","twitter_misc":{"Estimation du temps de lecture":"4 minutes"},"schema":{"@context":"https:\/\/schema.org","@graph":[{"@type":"WebPage","@id":"https:\/\/www.ahearn.com\/about-us\/","url":"https:\/\/www.ahearn.com\/about-us\/","name":"\u00c0 propos de nous | Ahearn &amp; Soper | Emplacements \u00e0 travers le Canada","isPartOf":{"@id":"https:\/\/www.ahearn.com\/#website"},"primaryImageOfPage":{"@id":"https:\/\/www.ahearn.com\/about-us\/#primaryimage"},"image":{"@id":"https:\/\/www.ahearn.com\/about-us\/#primaryimage"},"thumbnailUrl":"https:\/\/www.ahearn.com\/wp-content\/uploads\/2020\/02\/ahearnsoper-main-photo.jpg","datePublished":"2019-10-04T13:49:34+00:00","dateModified":"2025-04-22T22:44:48+00:00","description":"En savoir plus sur nous, Ahearn &amp; Soper fournit des solutions logicielles et mat\u00e9rielles de codes \u00e0 barres depuis 1975, ce qui a am\u00e9lior\u00e9 la pr\u00e9cision, le suivi et l&#039;efficacit\u00e9.","breadcrumb":{"@id":"https:\/\/www.ahearn.com\/about-us\/#breadcrumb"},"inLanguage":"fr-CA","potentialAction":[{"@type":"ReadAction","target":["https:\/\/www.ahearn.com\/about-us\/"]}]},{"@type":"ImageObject","inLanguage":"fr-CA","@id":"https:\/\/www.ahearn.com\/about-us\/#primaryimage","url":"https:\/\/www.ahearn.com\/wp-content\/uploads\/2020\/02\/ahearnsoper-main-photo.jpg","contentUrl":"https:\/\/www.ahearn.com\/wp-content\/uploads\/2020\/02\/ahearnsoper-main-photo.jpg","width":1600,"height":475,"caption":"Ahearn and Soper Main Photo"},{"@type":"BreadcrumbList","@id":"https:\/\/www.ahearn.com\/about-us\/#breadcrumb","itemListElement":[{"@type":"ListItem","position":1,"name":"Home","item":"https:\/\/www.ahearn.com\/"},{"@type":"ListItem","position":2,"name":"About Us"}]},{"@type":"WebSite","@id":"https:\/\/www.ahearn.com\/#website","url":"https:\/\/www.ahearn.com\/","name":"Ahearn &amp; Soper | proVision WMS","description":"","potentialAction":[{"@type":"SearchAction","target":{"@type":"EntryPoint","urlTemplate":"https:\/\/www.ahearn.com\/?s={search_term_string}"},"query-input":{"@type":"PropertyValueSpecification","valueRequired":true,"valueName":"search_term_string"}}],"inLanguage":"fr-CA"}]}},"_links":{"self":[{"href":"https:\/\/www.ahearn.com\/fr\/wp-json\/wp\/v2\/pages\/176","targetHints":{"allow":["GET"]}}],"collection":[{"href":"https:\/\/www.ahearn.com\/fr\/wp-json\/wp\/v2\/pages"}],"about":[{"href":"https:\/\/www.ahearn.com\/fr\/wp-json\/wp\/v2\/types\/page"}],"author":[{"embeddable":true,"href":"https:\/\/www.ahearn.com\/fr\/wp-json\/wp\/v2\/users\/2"}],"replies":[{"embeddable":true,"href":"https:\/\/www.ahearn.com\/fr\/wp-json\/wp\/v2\/comments?post=176"}],"version-history":[{"count":48,"href":"https:\/\/www.ahearn.com\/fr\/wp-json\/wp\/v2\/pages\/176\/revisions"}],"predecessor-version":[{"id":10528,"href":"https:\/\/www.ahearn.com\/fr\/wp-json\/wp\/v2\/pages\/176\/revisions\/10528"}],"wp:featuredmedia":[{"embeddable":true,"href":"https:\/\/www.ahearn.com\/fr\/wp-json\/wp\/v2\/media\/3022"}],"wp:attachment":[{"href":"https:\/\/www.ahearn.com\/fr\/wp-json\/wp\/v2\/media?parent=176"}],"curies":[{"name":"wp","href":"https:\/\/api.w.org\/{rel}","templated":true}]}}